{"id":2,"date":"2024-01-23T15:53:19","date_gmt":"2024-01-23T13:53:19","guid":{"rendered":"https:\/\/perhehoitoliitto.fi\/etela-pohjanmaan-perhehoitajat\/?page_id=2"},"modified":"2024-06-18T10:33:55","modified_gmt":"2024-06-18T07:33:55","slug":"esimerkkisivu","status":"publish","type":"page","link":"https:\/\/perhehoitoliitto.fi\/etela-pohjanmaan-perhehoitajat\/","title":{"rendered":"Etel\u00e4-Pohjanmaan Perhehoitajat ry"},"content":{"rendered":"\n<p>Etel\u00e4-Pohjanmaan Perhehoitajat ry toimii perhehoitajien ja perhehoidossa olevien henkil\u00f6iden yleisten ja yhteisten etujen puolustajana. Yhdistyksen tarkoituksena on my\u00f6s osaltaan kehitt\u00e4\u00e4 ja yll\u00e4pit\u00e4\u00e4 perhehoitoty\u00f6t\u00e4 tekevien perheiden, perhehoidossa olevien henkil\u00f6iden, viranomaisten ja alan yhteis\u00f6jen v\u00e4list\u00e4 yhteisty\u00f6t\u00e4. J\u00e4rjest\u00e4mme vuosittain monenlaista toimintaa j\u00e4senillemme. Yhdistyksen j\u00e4seniksi voivat liitty\u00e4:<\/p>\n\n\n\n<p>\u2013 lastensuojelun perhehoitajat<\/p>\n\n\n\n<p>\u2013 kehitysvammaisten perhehoitajat<\/p>\n\n\n\n<p>\u2013 vanhusten perhehoitajat<\/p>\n\n\n\n<p>\u2013 tukiperhe- ja adoptiovanhemmat<\/p>\n\n\n\n<p>\u2013 kaikki, jotka ovat valmentautumassa yll\u00e4mainittuihin teht\u00e4viin<\/p>\n\n\n\n<div class=\"wp-block-buttons is-content-justification-center is-layout-flex wp-container-core-buttons-is-layout-16018d1d wp-block-buttons-is-layout-flex\">\n<div class=\"wp-block-button\"><a class=\"wp-block-button__link has-text-align-center wp-element-button\" href=\"https:\/\/perhehoitoliitto.fi\/yhteystiedot\/perhehoitoyhdistykset\/\">Yhteystiedot<\/a><\/div>\n\n\n\n<div class=\"wp-block-button\"><a class=\"wp-block-button__link has-text-align-center wp-element-button\" href=\"https:\/\/atom.flomembers.com\/etela-pohjanmaan-perhehoitajat\/members\/application?_lang=fi\" target=\"_blank\" rel=\"noreferrer noopener\">Liity j\u00e4seneksi<\/a><\/div>\n<\/div>\n","protected":false},"excerpt":{"rendered":"<p>Etel\u00e4-Pohjanmaan Perhehoitajat ry toimii perhehoitajien ja perhehoidossa olevien henkil\u00f6iden yleisten ja yhteisten etujen puolustajana. Yhdistyksen tarkoituksena on my\u00f6s osaltaan kehitt\u00e4\u00e4&#8230;<\/p>\n","protected":false},"author":3,"featured_media":94,"parent":0,"menu_order":0,"comment_status":"closed","ping_status":"open","template":"","meta":{"_acf_changed":false,"footnotes":""},"class_list":["post-2","page","type-page","status-publish","has-post-thumbnail","hentry"],"acf":[],"aioseo_notices":[],"featured_image_src":"https:\/\/perhehoitoliitto.fi\/etela-pohjanmaan-perhehoitajat\/wp-content\/uploads\/sites\/8\/2024\/05\/taustakuva_puussa.jpg","_links":{"self":[{"href":"https:\/\/perhehoitoliitto.fi\/etela-pohjanmaan-perhehoitajat\/wp-json\/wp\/v2\/pages\/2","targetHints":{"allow":["GET"]}}],"collection":[{"href":"https:\/\/perhehoitoliitto.fi\/etela-pohjanmaan-perhehoitajat\/wp-json\/wp\/v2\/pages"}],"about":[{"href":"https:\/\/perhehoitoliitto.fi\/etela-pohjanmaan-perhehoitajat\/wp-json\/wp\/v2\/types\/page"}],"author":[{"embeddable":true,"href":"https:\/\/perhehoitoliitto.fi\/etela-pohjanmaan-perhehoitajat\/wp-json\/wp\/v2\/users\/3"}],"replies":[{"embeddable":true,"href":"https:\/\/perhehoitoliitto.fi\/etela-pohjanmaan-perhehoitajat\/wp-json\/wp\/v2\/comments?post=2"}],"version-history":[{"count":32,"href":"https:\/\/perhehoitoliitto.fi\/etela-pohjanmaan-perhehoitajat\/wp-json\/wp\/v2\/pages\/2\/revisions"}],"predecessor-version":[{"id":116,"href":"https:\/\/perhehoitoliitto.fi\/etela-pohjanmaan-perhehoitajat\/wp-json\/wp\/v2\/pages\/2\/revisions\/116"}],"wp:featuredmedia":[{"embeddable":true,"href":"https:\/\/perhehoitoliitto.fi\/etela-pohjanmaan-perhehoitajat\/wp-json\/wp\/v2\/media\/94"}],"wp:attachment":[{"href":"https:\/\/perhehoitoliitto.fi\/etela-pohjanmaan-perhehoitajat\/wp-json\/wp\/v2\/media?parent=2"}],"curies":[{"name":"wp","href":"https:\/\/api.w.org\/{rel}","templated":true}]}}