{"id":109,"date":"2024-02-28T11:57:19","date_gmt":"2024-02-28T09:57:19","guid":{"rendered":"https:\/\/perhehoitoliitto.fi\/hameen-perhehoitajat\/?page_id=109"},"modified":"2025-03-27T14:13:19","modified_gmt":"2025-03-27T12:13:19","slug":"liity-jaseneksi","status":"publish","type":"page","link":"https:\/\/perhehoitoliitto.fi\/hameen-perhehoitajat\/liity-jaseneksi\/","title":{"rendered":"Liity j\u00e4seneksi"},"content":{"rendered":"\n<p>Tervetuloa H\u00e4meen Perhehoitajat ry:n j\u00e4seneksi! <\/p>\n\n\n\n<p>Perhehoitajien itsen\u00e4iset yhdistykset muodostavat Perhehoitoliiton yhdess\u00e4 sijaisperheiden nuorten yhdistyksen SINUT ry:n kanssa. Valtakunnallisena j\u00e4rjest\u00f6n\u00e4 Perhehoitoliitto puolestaan edist\u00e4\u00e4 toiminnallaan kaikkien perhehoitajien ja perhehoidossa hoidettavien lasten, aikuisten ja ik\u00e4ihmisten hyvinvointia. Liittym\u00e4ll\u00e4 yhdistykseen liityt my\u00f6s osaksi isoa perhehoitoperhett\u00e4 \u2013 toimimaan yhdess\u00e4 laadukkaan perhehoidon puolesta!<\/p>\n\n\n\n<p>H\u00e4meen perhehoitajat ry:n j\u00e4senet voivat olla lastensuojelun, ik\u00e4ihmisten, mielenterveyskuntoutujien tai vammaisten perhehoitajia.<\/p>\n\n\n\n<p>J\u00e4senmaksumme on 25 \u20ac \/ j\u00e4sen. Kahden vanhemman perheiss\u00e4 toivomme, ett\u00e4 molemmat ilmoittautuvat j\u00e4seneksi.<\/p>\n\n\n\n<p>J\u00e4senyyden my\u00f6t\u00e4 saat <em>Perhehoito<\/em>-lehden vuosikerran ja p\u00e4\u00e4set osallistumaan paikallisyhdistyksemme toimintaan, josta tiedotamme s\u00e4hk\u00f6postiviestein ja Yhdistyksen Facebook-sivulla.<\/p>\n\n\n\n<p>N\u00e4hd\u00e4\u00e4n yhdistyksemme tapahtumissa!<\/p>\n\n\n\n<div class=\"wp-block-buttons is-layout-flex wp-block-buttons-is-layout-flex\">\n<div class=\"wp-block-button\"><a class=\"wp-block-button__link wp-element-button\" href=\"https:\/\/atom.flomembers.com\/hameen-perhehoitajat\/members\/application?_lang=fi\" target=\"_blank\" rel=\"noreferrer noopener\">T\u00e4yt\u00e4 j\u00e4senhakemus<\/a><\/div>\n<\/div>\n","protected":false},"excerpt":{"rendered":"<p>Tervetuloa H\u00e4meen Perhehoitajat ry:n j\u00e4seneksi! Perhehoitajien itsen\u00e4iset yhdistykset muodostavat Perhehoitoliiton yhdess\u00e4 sijaisperheiden nuorten yhdistyksen SINUT ry:n kanssa. Valtakunnallisena j\u00e4rjest\u00f6n\u00e4 Perhehoitoliitto&#8230;<\/p>\n","protected":false},"author":3,"featured_media":0,"parent":0,"menu_order":0,"comment_status":"closed","ping_status":"closed","template":"","meta":{"_acf_changed":false,"footnotes":""},"class_list":["post-109","page","type-page","status-publish","hentry"],"acf":[],"aioseo_notices":[],"featured_image_src":null,"_links":{"self":[{"href":"https:\/\/perhehoitoliitto.fi\/hameen-perhehoitajat\/wp-json\/wp\/v2\/pages\/109","targetHints":{"allow":["GET"]}}],"collection":[{"href":"https:\/\/perhehoitoliitto.fi\/hameen-perhehoitajat\/wp-json\/wp\/v2\/pages"}],"about":[{"href":"https:\/\/perhehoitoliitto.fi\/hameen-perhehoitajat\/wp-json\/wp\/v2\/types\/page"}],"author":[{"embeddable":true,"href":"https:\/\/perhehoitoliitto.fi\/hameen-perhehoitajat\/wp-json\/wp\/v2\/users\/3"}],"replies":[{"embeddable":true,"href":"https:\/\/perhehoitoliitto.fi\/hameen-perhehoitajat\/wp-json\/wp\/v2\/comments?post=109"}],"version-history":[{"count":10,"href":"https:\/\/perhehoitoliitto.fi\/hameen-perhehoitajat\/wp-json\/wp\/v2\/pages\/109\/revisions"}],"predecessor-version":[{"id":200,"href":"https:\/\/perhehoitoliitto.fi\/hameen-perhehoitajat\/wp-json\/wp\/v2\/pages\/109\/revisions\/200"}],"wp:attachment":[{"href":"https:\/\/perhehoitoliitto.fi\/hameen-perhehoitajat\/wp-json\/wp\/v2\/media?parent=109"}],"curies":[{"name":"wp","href":"https:\/\/api.w.org\/{rel}","templated":true}]}}