{"id":2,"date":"2024-01-23T15:53:19","date_gmt":"2024-01-23T13:53:19","guid":{"rendered":"https:\/\/perhehoitoliitto.fi\/hameen-perhehoitajat\/?page_id=2"},"modified":"2024-06-18T13:57:59","modified_gmt":"2024-06-18T10:57:59","slug":"esimerkkisivu","status":"publish","type":"page","link":"https:\/\/perhehoitoliitto.fi\/hameen-perhehoitajat\/","title":{"rendered":"H\u00e4meen Perhehoitajat ry"},"content":{"rendered":"\n<p>Tervetuloa H\u00e4meen Perhehoitajat ry:n sivuille! <\/p>\n\n\n\n<p>Onko hyv\u00e4 perhehoito sinulle syd\u00e4men asia? Perhehoitajien yhdistys on tarkoitettu juuri sinulle perhehoitaja, joka etsit vertaistukea, tietoa, virkistyst\u00e4 tai vaikuttamismahdollisuuksia perhehoidon parissa. Vain yhdistyksen j\u00e4senen\u00e4 sinulla on mahdollisuus osallistua ja vaikuttaa oman j\u00e4senyhdistyksesi toimintaan.<\/p>\n\n\n\n<div class=\"wp-block-buttons is-content-justification-center is-layout-flex wp-container-core-buttons-is-layout-16018d1d wp-block-buttons-is-layout-flex\">\n<div class=\"wp-block-button\"><a class=\"wp-block-button__link has-text-align-center wp-element-button\" href=\"https:\/\/perhehoitoliitto.fi\/hameen-perhehoitajat\/toimintamme\/\">Toimintamme<\/a><\/div>\n\n\n\n<div class=\"wp-block-button\"><a class=\"wp-block-button__link has-text-align-center wp-element-button\" href=\"https:\/\/perhehoitoliitto.fi\/hameen-perhehoitajat\/liity-jaseneksi\/\">Liity j\u00e4seneksi<\/a><\/div>\n\n\n\n<div class=\"wp-block-button\"><a class=\"wp-block-button__link has-text-align-center wp-element-button\" href=\"https:\/\/perhehoitoliitto.fi\/hameen-perhehoitajat\/yhteystiedot\/\">Yhteystiedot<\/a><\/div>\n<\/div>\n","protected":false},"excerpt":{"rendered":"<p>Tervetuloa H\u00e4meen Perhehoitajat ry:n sivuille! Onko hyv\u00e4 perhehoito sinulle syd\u00e4men asia? Perhehoitajien yhdistys on tarkoitettu juuri sinulle perhehoitaja, joka etsit&#8230;<\/p>\n","protected":false},"author":1,"featured_media":167,"parent":0,"menu_order":0,"comment_status":"closed","ping_status":"open","template":"","meta":{"_acf_changed":false,"footnotes":""},"class_list":["post-2","page","type-page","status-publish","has-post-thumbnail","hentry"],"acf":[],"aioseo_notices":[],"featured_image_src":"https:\/\/perhehoitoliitto.fi\/hameen-perhehoitajat\/wp-content\/uploads\/sites\/10\/2024\/05\/taustakuva_puussa2.jpg","_links":{"self":[{"href":"https:\/\/perhehoitoliitto.fi\/hameen-perhehoitajat\/wp-json\/wp\/v2\/pages\/2","targetHints":{"allow":["GET"]}}],"collection":[{"href":"https:\/\/perhehoitoliitto.fi\/hameen-perhehoitajat\/wp-json\/wp\/v2\/pages"}],"about":[{"href":"https:\/\/perhehoitoliitto.fi\/hameen-perhehoitajat\/wp-json\/wp\/v2\/types\/page"}],"author":[{"embeddable":true,"href":"https:\/\/perhehoitoliitto.fi\/hameen-perhehoitajat\/wp-json\/wp\/v2\/users\/1"}],"replies":[{"embeddable":true,"href":"https:\/\/perhehoitoliitto.fi\/hameen-perhehoitajat\/wp-json\/wp\/v2\/comments?post=2"}],"version-history":[{"count":34,"href":"https:\/\/perhehoitoliitto.fi\/hameen-perhehoitajat\/wp-json\/wp\/v2\/pages\/2\/revisions"}],"predecessor-version":[{"id":185,"href":"https:\/\/perhehoitoliitto.fi\/hameen-perhehoitajat\/wp-json\/wp\/v2\/pages\/2\/revisions\/185"}],"wp:featuredmedia":[{"embeddable":true,"href":"https:\/\/perhehoitoliitto.fi\/hameen-perhehoitajat\/wp-json\/wp\/v2\/media\/167"}],"wp:attachment":[{"href":"https:\/\/perhehoitoliitto.fi\/hameen-perhehoitajat\/wp-json\/wp\/v2\/media?parent=2"}],"curies":[{"name":"wp","href":"https:\/\/api.w.org\/{rel}","templated":true}]}}