{"id":97,"date":"2024-02-28T11:30:24","date_gmt":"2024-02-28T09:30:24","guid":{"rendered":"https:\/\/perhehoitoliitto.fi\/hameen-perhehoitajat\/?page_id=97"},"modified":"2026-02-06T11:44:52","modified_gmt":"2026-02-06T09:44:52","slug":"toimintamme","status":"publish","type":"page","link":"https:\/\/perhehoitoliitto.fi\/hameen-perhehoitajat\/toimintamme\/","title":{"rendered":"Toimintamme"},"content":{"rendered":"\n<h3 class=\"wp-block-heading\">Yhdistyksen kuulumisia <\/h3>\n\n\n<div class=\"wp-block-ub-content-toggle wp-block-ub-content-toggle-block\" id=\"ub-content-toggle-block-f8b4fc6b-6795-42bf-8ce0-04995e7df1c8\" data-mobilecollapse=\"true\" data-desktopcollapse=\"true\" data-preventcollapse=\"false\" data-showonlyone=\"false\">\n<div class=\"wp-block-ub-content-toggle-accordion\" style=\"border-color: #f1f1f1; \" id=\"ub-content-toggle-panel-block-9be84e76-f8c9-4f05-a75c-3ab40c8317de\">\n\t\t\t<div class=\"wp-block-ub-content-toggle-accordion-title-wrap\" style=\"background-color: #f1f1f1;\" aria-controls=\"ub-content-toggle-panel-0-f8b4fc6b-6795-42bf-8ce0-04995e7df1c8\" tabindex=\"0\">\n\t\t\t<p class=\"wp-block-ub-content-toggle-accordion-title ub-content-toggle-title-f8b4fc6b-6795-42bf-8ce0-04995e7df1c8\" style=\"color: #000000; \">Ajankohtaista<\/p>\n\t\t\t<div class=\"wp-block-ub-content-toggle-accordion-toggle-wrap left\" style=\"color: #000000;\"><span class=\"wp-block-ub-content-toggle-accordion-state-indicator wp-block-ub-chevron-down\"><\/span><\/div>\n\t\t<\/div>\n\t\t\t<div role=\"region\" aria-expanded=\"false\" class=\"wp-block-ub-content-toggle-accordion-content-wrap ub-hide\" id=\"ub-content-toggle-panel-0-f8b4fc6b-6795-42bf-8ce0-04995e7df1c8\">\n\n<p>Vuosikokous pidettiin H\u00e4meenlinnassa 26.03.2025.<\/p>\n\n\n\n<p>Yhdistyksen puheenjohtajana jatkaa kolmatta vuotta kolmivuotisesta kaudesta <strong>Hanna Hakala<\/strong>.<\/p>\n\n\n\n<p>Nettisivuille on p\u00e4ivitetty hallituksen kokoonpano ja toimihenkil\u00f6iden tiedot toimintakaudelle 2025\u20132026: <a href=\"https:\/\/perhehoitoliitto.fi\/hameen-perhehoitajat\/yhteystiedot\/\">Yhteystiedot \u2013 H\u00e4meen Perhehoitajat ry<\/a><\/p>\n\n\n\n<p><\/p>\n\n<\/div>\n\t\t<\/div>\n\n<div class=\"wp-block-ub-content-toggle-accordion\" style=\"border-color: #f1f1f1; \" id=\"ub-content-toggle-panel-block-6b923959-f4c4-4eb3-8345-3aad9cc25b70\">\n\t\t\t<div class=\"wp-block-ub-content-toggle-accordion-title-wrap\" style=\"background-color: #f1f1f1;\" aria-controls=\"ub-content-toggle-panel-1-f8b4fc6b-6795-42bf-8ce0-04995e7df1c8\" tabindex=\"0\">\n\t\t\t<p class=\"wp-block-ub-content-toggle-accordion-title ub-content-toggle-title-f8b4fc6b-6795-42bf-8ce0-04995e7df1c8\" style=\"color: #000000; \">Toiminta kaudella 2025\u20132026<\/p>\n\t\t\t<div class=\"wp-block-ub-content-toggle-accordion-toggle-wrap left\" style=\"color: #000000;\"><span class=\"wp-block-ub-content-toggle-accordion-state-indicator wp-block-ub-chevron-down\"><\/span><\/div>\n\t\t<\/div>\n\t\t\t<div role=\"region\" aria-expanded=\"false\" class=\"wp-block-ub-content-toggle-accordion-content-wrap ub-hide\" id=\"ub-content-toggle-panel-1-f8b4fc6b-6795-42bf-8ce0-04995e7df1c8\">\n\n<p>P\u00e4ivit\u00e4mme t\u00e4h\u00e4n tulevia tapahtumia sit\u00e4 mukaa, kun j\u00e4rjestelyt etenee.<\/p>\n\n\n\n<p><\/p>\n\n<\/div>\n\t\t<\/div>\n<\/div>\n\n\n<h3 class=\"wp-block-heading\">Vertaistoiminta<\/h3>\n\n\n<div class=\"wp-block-ub-content-toggle wp-block-ub-content-toggle-block\" id=\"ub-content-toggle-block-b9f5c885-a101-420f-8dca-e58c5c94d4a2\" data-mobilecollapse=\"true\" data-desktopcollapse=\"true\" data-preventcollapse=\"false\" data-showonlyone=\"false\">\n<div class=\"wp-block-ub-content-toggle-accordion\" style=\"border-color: #f1f1f1; \" id=\"ub-content-toggle-panel-block-0b71b7c6-8f54-402c-8c78-89b5b86731de\">\n\t\t\t<div class=\"wp-block-ub-content-toggle-accordion-title-wrap\" style=\"background-color: #f1f1f1;\" aria-controls=\"ub-content-toggle-panel-0-b9f5c885-a101-420f-8dca-e58c5c94d4a2\" tabindex=\"0\">\n\t\t\t<p class=\"wp-block-ub-content-toggle-accordion-title ub-content-toggle-title-b9f5c885-a101-420f-8dca-e58c5c94d4a2\" style=\"color: #000000; \">Perhehoitajien vertaistapaamiset Forssassa<\/p>\n\t\t\t<div class=\"wp-block-ub-content-toggle-accordion-toggle-wrap right\" style=\"color: #000000;\"><span class=\"wp-block-ub-content-toggle-accordion-state-indicator wp-block-ub-chevron-down\"><\/span><\/div>\n\t\t<\/div>\n\t\t\t<div role=\"region\" aria-expanded=\"false\" class=\"wp-block-ub-content-toggle-accordion-content-wrap ub-hide\" id=\"ub-content-toggle-panel-0-b9f5c885-a101-420f-8dca-e58c5c94d4a2\">\n\n<p>H\u00e4meen perhehoitajat ry:n toiminta-alueella toimii vertaistukiryhm\u00e4, joka on tarkoitettu yhdistyksen j\u00e4senille. Jos et ole viel\u00e4 j\u00e4sen, niin ehdit viel\u00e4 liitty\u00e4 ryhm\u00e4n alettua. Vertaistukiryhm\u00e4n tapaamisten tarkoituksena on tutustua toisiimme ja keskustella. Tule vaihtamaan ajatuksia niin iloista kuin suruista, sek\u00e4 viett\u00e4m\u00e4\u00e4n aikaa muiden perhehoitajien seurassa. Ryhm\u00e4\u00e4n osallistuminen ei edellyt\u00e4, ett\u00e4 p\u00e4\u00e4set tulemaan joka kerta. Jos olet ensimm\u00e4isell\u00e4 kerralla estynyt, niin tule rohkeasti mukaan seuraavalla kerralla.<\/p>\n\n\n\n<p>Forssan ryhm\u00e4 kokoontuu kerran kuukaudessa torstaisin:<br>29.1.2026<\/p>\n\n\n\n<p>19.2.2026<\/p>\n\n\n\n<p>26.3.2026<\/p>\n\n\n\n<p>30.4.2026<\/p>\n\n\n\n<p>21.5.2026<\/p>\n\n\n\n<p>Paikka: Olonurkka, Pekolankatu 3, Forssa<br>Aika: klo 17.30-19.30<\/p>\n\n\n\n<p>Vertaistukiryhm\u00e4n vet\u00e4jin\u00e4 toimii perhehoitajat <strong>Tuire Wid\u00e9n<\/strong> ja <strong>Aila Salo<\/strong>. Molemmat on suorittanut Vertaisuudesta voimaa -ryhm\u00e4nohjaajakoulutuksen. Koulutuksen j\u00e4rjesti Perhehoitoliitto.<\/p>\n\n\n\n<p>Tapaamisissa on kahvi\/mehu\/tee ja pient\u00e4 purtavaa tarjolla.<br>Jos sinulla on kysytt\u00e4v\u00e4\u00e4 tai jos tarjoilua varten tarve huomioida erityisruokavaliosi, niin laita s\u00e4hk\u00f6postia yhdistyksen s\u00e4hk\u00f6postiin otsikolla &#8221;Vertaistukiryhm\u00e4&#8221;<br><a href=\"mailto:hameen.perhehoitajat@gmail.com\">hameen.perhehoitajat@gmail.com<\/a><\/p>\n\n\n\n<p>Terveisin Tuire ja Aila<\/p>\n\n<\/div>\n\t\t<\/div>\n\n<div class=\"wp-block-ub-content-toggle-accordion\" style=\"border-color: #f1f1f1; \" id=\"ub-content-toggle-panel-block-5af1ce21-dde3-431f-9356-6bae96c27b06\">\n\t\t\t<div class=\"wp-block-ub-content-toggle-accordion-title-wrap\" style=\"background-color: #f1f1f1;\" aria-controls=\"ub-content-toggle-panel-1-b9f5c885-a101-420f-8dca-e58c5c94d4a2\" tabindex=\"0\">\n\t\t\t<p class=\"wp-block-ub-content-toggle-accordion-title ub-content-toggle-title-b9f5c885-a101-420f-8dca-e58c5c94d4a2\" style=\"color: #000000; \">Perhehoitajien vertaistapaamiset H\u00e4meenlinnassa<\/p>\n\t\t\t<div class=\"wp-block-ub-content-toggle-accordion-toggle-wrap right\" style=\"color: #000000;\"><span class=\"wp-block-ub-content-toggle-accordion-state-indicator wp-block-ub-chevron-down\"><\/span><\/div>\n\t\t<\/div>\n\t\t\t<div role=\"region\" aria-expanded=\"false\" class=\"wp-block-ub-content-toggle-accordion-content-wrap ub-hide\" id=\"ub-content-toggle-panel-1-b9f5c885-a101-420f-8dca-e58c5c94d4a2\">\n\n<p><\/p>\n\n<\/div>\n\t\t<\/div>\n<\/div>\n\n\n<h3 class=\"wp-block-heading\">Yhdistyksen s\u00e4\u00e4nn\u00f6t<\/h3>\n\n\n\n<p>Tutustu H\u00e4meen Perhehoitajat ry:n s\u00e4\u00e4nt\u00f6ihin <a href=\"https:\/\/perhehoitoliitto.fi\/hameen-perhehoitajat\/wp-content\/uploads\/sites\/10\/2024\/02\/hameen_perhehoitajat_saannot.pdf\" target=\"_blank\" rel=\"noopener\" title=\"hameen_perhehoitajat_saannot\">t\u00e4st\u00e4 linkist\u00e4<\/a> (pdf-tiedosto).<\/p>\n\n\n\n<p><\/p>\n","protected":false},"excerpt":{"rendered":"<p>Yhdistyksen kuulumisia Vertaistoiminta Yhdistyksen s\u00e4\u00e4nn\u00f6t Tutustu H\u00e4meen Perhehoitajat ry:n s\u00e4\u00e4nt\u00f6ihin t\u00e4st\u00e4 linkist\u00e4 (pdf-tiedosto).<\/p>\n","protected":false},"author":3,"featured_media":0,"parent":0,"menu_order":0,"comment_status":"closed","ping_status":"closed","template":"","meta":{"_acf_changed":false,"footnotes":""},"class_list":["post-97","page","type-page","status-publish","hentry"],"acf":[],"aioseo_notices":[],"featured_image_src":null,"_links":{"self":[{"href":"https:\/\/perhehoitoliitto.fi\/hameen-perhehoitajat\/wp-json\/wp\/v2\/pages\/97","targetHints":{"allow":["GET"]}}],"collection":[{"href":"https:\/\/perhehoitoliitto.fi\/hameen-perhehoitajat\/wp-json\/wp\/v2\/pages"}],"about":[{"href":"https:\/\/perhehoitoliitto.fi\/hameen-perhehoitajat\/wp-json\/wp\/v2\/types\/page"}],"author":[{"embeddable":true,"href":"https:\/\/perhehoitoliitto.fi\/hameen-perhehoitajat\/wp-json\/wp\/v2\/users\/3"}],"replies":[{"embeddable":true,"href":"https:\/\/perhehoitoliitto.fi\/hameen-perhehoitajat\/wp-json\/wp\/v2\/comments?post=97"}],"version-history":[{"count":24,"href":"https:\/\/perhehoitoliitto.fi\/hameen-perhehoitajat\/wp-json\/wp\/v2\/pages\/97\/revisions"}],"predecessor-version":[{"id":219,"href":"https:\/\/perhehoitoliitto.fi\/hameen-perhehoitajat\/wp-json\/wp\/v2\/pages\/97\/revisions\/219"}],"wp:attachment":[{"href":"https:\/\/perhehoitoliitto.fi\/hameen-perhehoitajat\/wp-json\/wp\/v2\/media?parent=97"}],"curies":[{"name":"wp","href":"https:\/\/api.w.org\/{rel}","templated":true}]}}