{"id":2,"date":"2024-01-23T15:53:19","date_gmt":"2024-01-23T13:53:19","guid":{"rendered":"https:\/\/perhehoitoliitto.fi\/kainuun-perhehoitajat\/?page_id=2"},"modified":"2024-06-18T10:41:44","modified_gmt":"2024-06-18T07:41:44","slug":"esimerkkisivu","status":"publish","type":"page","link":"https:\/\/perhehoitoliitto.fi\/kainuun-perhehoitajat\/","title":{"rendered":"Kainuun Perhehoitajat ry"},"content":{"rendered":"\n<p>Kainuun Perhehoitajat ry toimii Kainuun alueella ja on <a href=\"https:\/\/www.perhehoitoliitto.fi\" title=\"Perhehoitoliitto\">Perhehoitoliiton<\/a> alueellinen j\u00e4senyhdistys. <\/p>\n\n\n\n<p>Toimimme lasten, ik\u00e4ihmisten, kehitysvammaisten ja mielenterveyskuntoutujien perhehoitajien ja perhehoidossa olevien henkil\u00f6iden puolustajana, edist\u00e4mme j\u00e4senist\u00f6n virkistystoimintaa, toimimme perhehoitajien ja alan yhteis\u00f6jen yhdyssiteen\u00e4 sek\u00e4 j\u00e4rjest\u00e4mme vertaistukea.<\/p>\n\n\n\n<p>Yhdistyksemme on j\u00e4senm\u00e4\u00e4r\u00e4lt\u00e4\u00e4n pieni, mutta pyrimme tarjoamaan j\u00e4senille monipuolista toimintaa. <\/p>\n\n\n\n<p>Yhdistykseen on tervetulleita my\u00f6s tukiperheet ja kannatusj\u00e4senet!<\/p>\n\n\n\n<div class=\"wp-block-buttons is-content-justification-center is-layout-flex wp-container-core-buttons-is-layout-16018d1d wp-block-buttons-is-layout-flex\">\n<div class=\"wp-block-button\"><a class=\"wp-block-button__link has-text-align-center wp-element-button\" href=\"https:\/\/perhehoitoliitto.fi\/yhteystiedot\/perhehoitoyhdistykset\/\">Yhteystiedot<\/a><\/div>\n\n\n\n<div class=\"wp-block-button\"><a class=\"wp-block-button__link has-text-align-center wp-element-button\" href=\"https:\/\/atom.flomembers.com\/kainuun-perhehoitajat\/members\/application?_lang=fi\" target=\"_blank\" rel=\"noreferrer noopener\">Liity j\u00e4seneksi<\/a><\/div>\n<\/div>\n","protected":false},"excerpt":{"rendered":"<p>Kainuun Perhehoitajat ry toimii Kainuun alueella ja on Perhehoitoliiton alueellinen j\u00e4senyhdistys. Toimimme lasten, ik\u00e4ihmisten, kehitysvammaisten ja mielenterveyskuntoutujien perhehoitajien ja perhehoidossa&#8230;<\/p>\n","protected":false},"author":1,"featured_media":104,"parent":0,"menu_order":0,"comment_status":"closed","ping_status":"open","template":"","meta":{"_acf_changed":false,"footnotes":""},"class_list":["post-2","page","type-page","status-publish","has-post-thumbnail","hentry"],"acf":[],"aioseo_notices":[],"featured_image_src":"https:\/\/perhehoitoliitto.fi\/kainuun-perhehoitajat\/wp-content\/uploads\/sites\/11\/2024\/05\/taustakuva_puussa.jpg","_links":{"self":[{"href":"https:\/\/perhehoitoliitto.fi\/kainuun-perhehoitajat\/wp-json\/wp\/v2\/pages\/2","targetHints":{"allow":["GET"]}}],"collection":[{"href":"https:\/\/perhehoitoliitto.fi\/kainuun-perhehoitajat\/wp-json\/wp\/v2\/pages"}],"about":[{"href":"https:\/\/perhehoitoliitto.fi\/kainuun-perhehoitajat\/wp-json\/wp\/v2\/types\/page"}],"author":[{"embeddable":true,"href":"https:\/\/perhehoitoliitto.fi\/kainuun-perhehoitajat\/wp-json\/wp\/v2\/users\/1"}],"replies":[{"embeddable":true,"href":"https:\/\/perhehoitoliitto.fi\/kainuun-perhehoitajat\/wp-json\/wp\/v2\/comments?post=2"}],"version-history":[{"count":32,"href":"https:\/\/perhehoitoliitto.fi\/kainuun-perhehoitajat\/wp-json\/wp\/v2\/pages\/2\/revisions"}],"predecessor-version":[{"id":111,"href":"https:\/\/perhehoitoliitto.fi\/kainuun-perhehoitajat\/wp-json\/wp\/v2\/pages\/2\/revisions\/111"}],"wp:featuredmedia":[{"embeddable":true,"href":"https:\/\/perhehoitoliitto.fi\/kainuun-perhehoitajat\/wp-json\/wp\/v2\/media\/104"}],"wp:attachment":[{"href":"https:\/\/perhehoitoliitto.fi\/kainuun-perhehoitajat\/wp-json\/wp\/v2\/media?parent=2"}],"curies":[{"name":"wp","href":"https:\/\/api.w.org\/{rel}","templated":true}]}}