{"id":100,"date":"2024-02-28T11:37:23","date_gmt":"2024-02-28T09:37:23","guid":{"rendered":"https:\/\/perhehoitoliitto.fi\/lapin-perhehoitajat\/?page_id=100"},"modified":"2024-06-18T10:58:19","modified_gmt":"2024-06-18T07:58:19","slug":"yhteystiedot","status":"publish","type":"page","link":"https:\/\/perhehoitoliitto.fi\/lapin-perhehoitajat\/yhteystiedot\/","title":{"rendered":"Yhteystiedot"},"content":{"rendered":"\n<p><strong>Lapin Perhehoitajat ry<\/strong><\/p>\n\n\n\n<ul class=\"wp-block-list\">\n<li>s\u00e4hk\u00f6posti: <a href=\"mailto:lapinperhehoitajat@gmail.com\">lapinperhehoitajat@gmail.com<\/a><\/li>\n\n\n\n<li>puheenjohtaja Liisa Niemel\u00e4, puh. <a href=\"tel:+358405383274\" title=\"\">040 538 3274<\/a><\/li>\n\n\n\n<li>sihteeri Maarit Patokoski, puh. <a href=\"tel:+358405410603\" title=\"\">040 541 0603<\/a><\/li>\n\n\n\n<li>Yhdistyksell\u00e4 on my\u00f6s sivusto Facebookissa ja oma WhatsApp-ryhm\u00e4. Ota yhteytt\u00e4, jos haluat mukaan ryhmiin:\u00a0<a href=\"mailto:lapinperhehoitajat@gmail.com\">lapinperhehoitajat@gmail.com<\/a>\u00a0tai p. <a href=\"tel:+358405410603\" title=\"\">040 541 0603<\/a> (siht. Maarit Patokoski)<\/li>\n<\/ul>\n\n\n<div class=\"wp-block-ub-content-toggle wp-block-ub-content-toggle-block\" id=\"ub-content-toggle-block-a9fd1125-d877-4bc0-ae70-64ebae2de665\" data-mobilecollapse=\"true\" data-desktopcollapse=\"true\" data-preventcollapse=\"false\" data-showonlyone=\"false\">\n<div class=\"wp-block-ub-content-toggle-accordion\" style=\"border-color: #f1f1f1; \" id=\"ub-content-toggle-panel-block-dd813c3d-5510-4b44-a9a8-ce4988fb737c\">\n\t\t\t<div class=\"wp-block-ub-content-toggle-accordion-title-wrap\" style=\"background-color: #f1f1f1;\" aria-controls=\"ub-content-toggle-panel-0-a9fd1125-d877-4bc0-ae70-64ebae2de665\" tabindex=\"0\">\n\t\t\t<p class=\"wp-block-ub-content-toggle-accordion-title ub-content-toggle-title-a9fd1125-d877-4bc0-ae70-64ebae2de665\" style=\"color: #000000; \">Hallitus<\/p>\n\t\t\t<div class=\"wp-block-ub-content-toggle-accordion-toggle-wrap right\" style=\"color: #000000;\"><span class=\"wp-block-ub-content-toggle-accordion-state-indicator wp-block-ub-chevron-down\"><\/span><\/div>\n\t\t<\/div>\n\t\t\t<div role=\"region\" aria-expanded=\"false\" class=\"wp-block-ub-content-toggle-accordion-content-wrap ub-hide\" id=\"ub-content-toggle-panel-0-a9fd1125-d877-4bc0-ae70-64ebae2de665\">\n\n<ul class=\"wp-block-list\">\n<li>Pj Liisa Niemel\u00e4 (Rovaniemi)<\/li>\n\n\n\n<li>Varapj Harri Juuj\u00e4rvi (Rovaniemi)<\/li>\n\n\n\n<li>Sihteeri, rahastonhoitaja ja j\u00e4senrekisterinh. Maarit Patokoski (Simo)<\/li>\n\n\n\n<li>Markku Niemel\u00e4 (Rovaniemi)<\/li>\n\n\n\n<li>Johannes Ekholm (Rovaniemi)<\/li>\n\n\n\n<li>Sami Katajisto (Rovaniemi)<\/li>\n\n\n\n<li>Eveliina Johansson-Kivioja (Rovaniemi)<\/li>\n\n\n\n<li>Pirkko-Liisa Niemel\u00e4 (Rovaniemi)<\/li>\n\n\n\n<li>Anette Ekholm (Rovaniemi)<\/li>\n\n\n\n<li>Toiminnantarkastaja Eveliina Vuolo-Hilleberg (Keminmaa)<\/li>\n\n\n\n<li>Varatoiminnantark. Pirkko Tulkki (Tornio)<\/li>\n<\/ul>\n\n<\/div>\n\t\t<\/div>\n<\/div>","protected":false},"excerpt":{"rendered":"<p>Lapin Perhehoitajat ry<\/p>\n","protected":false},"author":3,"featured_media":0,"parent":0,"menu_order":0,"comment_status":"closed","ping_status":"closed","template":"","meta":{"_acf_changed":false,"footnotes":""},"class_list":["post-100","page","type-page","status-publish","hentry"],"acf":[],"aioseo_notices":[],"featured_image_src":null,"_links":{"self":[{"href":"https:\/\/perhehoitoliitto.fi\/lapin-perhehoitajat\/wp-json\/wp\/v2\/pages\/100","targetHints":{"allow":["GET"]}}],"collection":[{"href":"https:\/\/perhehoitoliitto.fi\/lapin-perhehoitajat\/wp-json\/wp\/v2\/pages"}],"about":[{"href":"https:\/\/perhehoitoliitto.fi\/lapin-perhehoitajat\/wp-json\/wp\/v2\/types\/page"}],"author":[{"embeddable":true,"href":"https:\/\/perhehoitoliitto.fi\/lapin-perhehoitajat\/wp-json\/wp\/v2\/users\/3"}],"replies":[{"embeddable":true,"href":"https:\/\/perhehoitoliitto.fi\/lapin-perhehoitajat\/wp-json\/wp\/v2\/comments?post=100"}],"version-history":[{"count":7,"href":"https:\/\/perhehoitoliitto.fi\/lapin-perhehoitajat\/wp-json\/wp\/v2\/pages\/100\/revisions"}],"predecessor-version":[{"id":182,"href":"https:\/\/perhehoitoliitto.fi\/lapin-perhehoitajat\/wp-json\/wp\/v2\/pages\/100\/revisions\/182"}],"wp:attachment":[{"href":"https:\/\/perhehoitoliitto.fi\/lapin-perhehoitajat\/wp-json\/wp\/v2\/media?parent=100"}],"curies":[{"name":"wp","href":"https:\/\/api.w.org\/{rel}","templated":true}]}}