{"id":2,"date":"2024-01-23T15:53:19","date_gmt":"2024-01-23T13:53:19","guid":{"rendered":"https:\/\/perhehoitoliitto.fi\/paijat-hameen-sijaisvanhemmat\/?page_id=2"},"modified":"2025-04-04T10:45:37","modified_gmt":"2025-04-04T07:45:37","slug":"esimerkkisivu","status":"publish","type":"page","link":"https:\/\/perhehoitoliitto.fi\/paijat-hameen-perhehoitajat\/","title":{"rendered":"P\u00e4ij\u00e4t-H\u00e4meen perhehoitajat ry"},"content":{"rendered":"\n<p>P\u00e4ij\u00e4t-H\u00e4meen Perhehoitajat ry toimii Lahdessa ja sen ymp\u00e4rist\u00f6kunnissa. Yhdistys on perustettu 19.3.1984 nimell\u00e4 P\u00e4ij\u00e4t-H\u00e4meen sijaisvanhemmat ry. Nimi muutettiin vuonna 2025, jotta yhdistys palvelisi paremmin kaikenlaisia perhehoitajia. Yhdistyksen kotipaikkana on Lahti. Yhdistys toimii yhteisty\u00f6ss\u00e4 lastensuojeluviranomaisten kanssa.<\/p>\n\n\n\n<p>J\u00e4seniksi ovat tervetulleita kaikki perhehoitajat, entiset perhehoitajat, tai perhehoidosta kiinnostuneet riippumatta perhehoidon muodosta. Kannatusj\u00e4seniksi voivat liitty\u00e4 yhteis\u00f6t tai yksityiset henkil\u00f6t, jotka haluavat tukea sijaisperheyhdistyksemme toimintaa.<\/p>\n\n\n\n<p>Yhdistys pyrkii tukemaan perhehoitajien ja perheiden asemaa j\u00e4rjest\u00e4m\u00e4ll\u00e4 virkistys- ja koulutustilaisuuksia j\u00e4senperheille sek\u00e4 toimimalla yhdyssiteen\u00e4 perhehoitokotien, sosiaalitoimen ja alan j\u00e4rjest\u00f6jen kanssa. Yhdistys mahdollistaa samankaltaisissa el\u00e4m\u00e4ntilanteissa olevien lasten ja aikuisten tapaamisia.<\/p>\n\n\n\n<div class=\"wp-block-buttons is-content-justification-center is-layout-flex wp-container-core-buttons-is-layout-16018d1d wp-block-buttons-is-layout-flex\">\n<div class=\"wp-block-button\"><a class=\"wp-block-button__link wp-element-button\" href=\"https:\/\/perhehoitoliitto.fi\/paijat-hameen-perhehoitajat\/toimintamme\/\">Toimintamme<\/a><\/div>\n\n\n\n<div class=\"wp-block-button\"><a class=\"wp-block-button__link has-text-align-center wp-element-button\" href=\"https:\/\/perhehoitoliitto.fi\/paijat-hameen-perhehoitajat\/liity-jaseneksi\/\">Liity j\u00e4seneksi<\/a><\/div>\n\n\n\n<div class=\"wp-block-button\"><a class=\"wp-block-button__link has-text-align-center wp-element-button\" href=\"https:\/\/perhehoitoliitto.fi\/paijat-hameen-perhehoitajat\/yhteystiedot\/\">Yhteystiedot<\/a><\/div>\n<\/div>\n\n\n\n<p><\/p>\n","protected":false},"excerpt":{"rendered":"<p>P\u00e4ij\u00e4t-H\u00e4meen Perhehoitajat ry toimii Lahdessa ja sen ymp\u00e4rist\u00f6kunnissa. Yhdistys on perustettu 19.3.1984 nimell\u00e4 P\u00e4ij\u00e4t-H\u00e4meen sijaisvanhemmat ry. Nimi muutettiin vuonna 2025,&#8230;<\/p>\n","protected":false},"author":1,"featured_media":171,"parent":0,"menu_order":0,"comment_status":"closed","ping_status":"open","template":"","meta":{"_acf_changed":false,"footnotes":""},"class_list":["post-2","page","type-page","status-publish","has-post-thumbnail","hentry"],"acf":[],"aioseo_notices":[],"featured_image_src":"https:\/\/perhehoitoliitto.fi\/paijat-hameen-perhehoitajat\/wp-content\/uploads\/sites\/21\/2024\/06\/taustakuva_puussa2.jpg","_links":{"self":[{"href":"https:\/\/perhehoitoliitto.fi\/paijat-hameen-perhehoitajat\/wp-json\/wp\/v2\/pages\/2","targetHints":{"allow":["GET"]}}],"collection":[{"href":"https:\/\/perhehoitoliitto.fi\/paijat-hameen-perhehoitajat\/wp-json\/wp\/v2\/pages"}],"about":[{"href":"https:\/\/perhehoitoliitto.fi\/paijat-hameen-perhehoitajat\/wp-json\/wp\/v2\/types\/page"}],"author":[{"embeddable":true,"href":"https:\/\/perhehoitoliitto.fi\/paijat-hameen-perhehoitajat\/wp-json\/wp\/v2\/users\/1"}],"replies":[{"embeddable":true,"href":"https:\/\/perhehoitoliitto.fi\/paijat-hameen-perhehoitajat\/wp-json\/wp\/v2\/comments?post=2"}],"version-history":[{"count":37,"href":"https:\/\/perhehoitoliitto.fi\/paijat-hameen-perhehoitajat\/wp-json\/wp\/v2\/pages\/2\/revisions"}],"predecessor-version":[{"id":201,"href":"https:\/\/perhehoitoliitto.fi\/paijat-hameen-perhehoitajat\/wp-json\/wp\/v2\/pages\/2\/revisions\/201"}],"wp:featuredmedia":[{"embeddable":true,"href":"https:\/\/perhehoitoliitto.fi\/paijat-hameen-perhehoitajat\/wp-json\/wp\/v2\/media\/171"}],"wp:attachment":[{"href":"https:\/\/perhehoitoliitto.fi\/paijat-hameen-perhehoitajat\/wp-json\/wp\/v2\/media?parent=2"}],"curies":[{"name":"wp","href":"https:\/\/api.w.org\/{rel}","templated":true}]}}