{"id":97,"date":"2024-02-28T11:30:24","date_gmt":"2024-02-28T09:30:24","guid":{"rendered":"https:\/\/perhehoitoliitto.fi\/paijat-hameen-sijaisvanhemmat\/?page_id=97"},"modified":"2025-04-03T19:51:26","modified_gmt":"2025-04-03T16:51:26","slug":"toimintamme","status":"publish","type":"page","link":"https:\/\/perhehoitoliitto.fi\/paijat-hameen-perhehoitajat\/toimintamme\/","title":{"rendered":"Toimintamme"},"content":{"rendered":"\n<p>P\u00e4ij\u00e4t-H\u00e4meen perhehoitajat ry. j\u00e4rjest\u00e4\u00e4 tapahtumia ymp\u00e4ri vuoden. S\u00e4\u00e4nn\u00f6llisi\u00e4 tapahtumiamme ovat mm. uinnit P\u00e4ij\u00e4t-H\u00e4meen alueen eri uimahalleissa kerran kuussa syys- ja kev\u00e4tkausina, perinteiset pikkujoulut, teatteriretket ja virkistysp\u00e4iv\u00e4t. Syksyisin k\u00e4ymme usein kiipeilypuistossa, talvella laskettelu- tai pulkkam\u00e4ess\u00e4 ja kes\u00e4isin kohtaamme uimisen merkeiss\u00e4. J\u00e4rjest\u00e4mme ajoittain my\u00f6s koulutustilaisuuksia yhdess\u00e4 asiantuntijatahojen kanssa.<\/p>\n\n\n\n<p>Tapahtumat on hinnoiteltu mahdollisimman edullisiksi, jotta kaikilla olisi mahdollisuus p\u00e4\u00e4st\u00e4 mukaan.<\/p>\n\n\n\n<p>Tiedotamme tapahtumista p\u00e4\u00e4osin Facebook-sivuillamme ja j\u00e4senten oman s\u00e4hk\u00f6postilistan kautta. Facebookista l\u00f6yd\u00e4t meid\u00e4t: <a href=\"https:\/\/www.facebook.com\/profile.php?id=61574628013519\">Facebook<\/a><\/p>\n\n\n\n<p><\/p>\n","protected":false},"excerpt":{"rendered":"<p>P\u00e4ij\u00e4t-H\u00e4meen perhehoitajat ry. j\u00e4rjest\u00e4\u00e4 tapahtumia ymp\u00e4ri vuoden. S\u00e4\u00e4nn\u00f6llisi\u00e4 tapahtumiamme ovat mm. uinnit P\u00e4ij\u00e4t-H\u00e4meen alueen eri uimahalleissa kerran kuussa syys- ja&#8230;<\/p>\n","protected":false},"author":3,"featured_media":0,"parent":0,"menu_order":0,"comment_status":"closed","ping_status":"closed","template":"","meta":{"_acf_changed":false,"footnotes":""},"class_list":["post-97","page","type-page","status-publish","hentry"],"acf":[],"aioseo_notices":[],"featured_image_src":null,"_links":{"self":[{"href":"https:\/\/perhehoitoliitto.fi\/paijat-hameen-perhehoitajat\/wp-json\/wp\/v2\/pages\/97","targetHints":{"allow":["GET"]}}],"collection":[{"href":"https:\/\/perhehoitoliitto.fi\/paijat-hameen-perhehoitajat\/wp-json\/wp\/v2\/pages"}],"about":[{"href":"https:\/\/perhehoitoliitto.fi\/paijat-hameen-perhehoitajat\/wp-json\/wp\/v2\/types\/page"}],"author":[{"embeddable":true,"href":"https:\/\/perhehoitoliitto.fi\/paijat-hameen-perhehoitajat\/wp-json\/wp\/v2\/users\/3"}],"replies":[{"embeddable":true,"href":"https:\/\/perhehoitoliitto.fi\/paijat-hameen-perhehoitajat\/wp-json\/wp\/v2\/comments?post=97"}],"version-history":[{"count":10,"href":"https:\/\/perhehoitoliitto.fi\/paijat-hameen-perhehoitajat\/wp-json\/wp\/v2\/pages\/97\/revisions"}],"predecessor-version":[{"id":196,"href":"https:\/\/perhehoitoliitto.fi\/paijat-hameen-perhehoitajat\/wp-json\/wp\/v2\/pages\/97\/revisions\/196"}],"wp:attachment":[{"href":"https:\/\/perhehoitoliitto.fi\/paijat-hameen-perhehoitajat\/wp-json\/wp\/v2\/media?parent=97"}],"curies":[{"name":"wp","href":"https:\/\/api.w.org\/{rel}","templated":true}]}}