{"id":100,"date":"2024-02-28T11:37:23","date_gmt":"2024-02-28T09:37:23","guid":{"rendered":"https:\/\/perhehoitoliitto.fi\/pirkanmaan-perhehoitajat\/?page_id=100"},"modified":"2026-03-07T10:12:17","modified_gmt":"2026-03-07T08:12:17","slug":"yhteystiedot","status":"publish","type":"page","link":"https:\/\/perhehoitoliitto.fi\/pirkanmaan-perhehoitajat\/yhteystiedot\/","title":{"rendered":"Yhteystiedot"},"content":{"rendered":"\n<h2 class=\"wp-block-heading\">Pirkanmaan Perhehoitajat ry<\/h2>\n\n\n\n<p><strong>Puheenjohtaja Kristiina Korppi<\/strong><\/p>\n\n\n\n<ul class=\"wp-block-list\">\n<li>puh. 040 520 8878<\/li>\n\n\n\n<li><a href=\"mailto:bearvvis@bearvvis.com\">kristiina@bearvvis.com<\/a><\/li>\n<\/ul>\n\n\n\n<p><strong>J\u00e4sensihteeri Minna Kekkonen<\/strong><\/p>\n\n\n\n<ul class=\"wp-block-list\">\n<li>puh. 044 505 3338<\/li>\n\n\n\n<li><a href=\"mailto:pirkanmaan.perhehoitajat@gmail.com\">pirkanmaan.perhehoitajat@gmail.com<\/a><br><\/li>\n<\/ul>\n\n\n\n<p><strong>Perhehoitoliiton vertaisasiantuntija toimeksiantosopimuksissa<\/strong> <strong>Sari Kiviranta<\/strong><\/p>\n\n\n\n<ul class=\"wp-block-list\">\n<li>puh. <a href=\"tel:+358503480938\" title=\"\">050 348 0938<\/a><\/li>\n<\/ul>\n\n\n\n<p><em>Pirkanmaan perhehoitajat ry:n <a href=\"https:\/\/www.facebook.com\/profile.php?id=100007917375744\" target=\"_blank\" rel=\"noopener\" title=\"\">Facebook-ryhm\u00e4<\/a> on suljettu ryhm\u00e4, jonne hyv\u00e4ksyt\u00e4\u00e4n vain yhdistyksen j\u00e4senet<\/em>.<\/p>\n\n\n<div class=\"wp-block-ub-content-toggle wp-block-ub-content-toggle-block\" id=\"ub-content-toggle-block-8e5b1193-d1ce-4b6d-999c-1e957003d7ed\" data-mobilecollapse=\"true\" data-desktopcollapse=\"true\" data-preventcollapse=\"false\" data-showonlyone=\"false\">\n<div class=\"wp-block-ub-content-toggle-accordion\" style=\"border-color: #f1f1f1; \" id=\"ub-content-toggle-panel-block-42bcf010-f6e3-40a3-845c-58b139744171\">\n\t\t\t<div class=\"wp-block-ub-content-toggle-accordion-title-wrap\" style=\"background-color: #f1f1f1;\" aria-controls=\"ub-content-toggle-panel-0-8e5b1193-d1ce-4b6d-999c-1e957003d7ed\" tabindex=\"0\">\n\t\t\t<p class=\"wp-block-ub-content-toggle-accordion-title ub-content-toggle-title-8e5b1193-d1ce-4b6d-999c-1e957003d7ed\" style=\"color: #000000; \">Hallitus toimintakaudella 2026<\/p>\n\t\t\t<div class=\"wp-block-ub-content-toggle-accordion-toggle-wrap right\" style=\"color: #000000;\"><span class=\"wp-block-ub-content-toggle-accordion-state-indicator wp-block-ub-chevron-down\"><\/span><\/div>\n\t\t<\/div>\n\t\t\t<div role=\"region\" aria-expanded=\"false\" class=\"wp-block-ub-content-toggle-accordion-content-wrap ub-hide\" id=\"ub-content-toggle-panel-0-8e5b1193-d1ce-4b6d-999c-1e957003d7ed\">\n\n<ul class=\"wp-block-list\">\n<li>Kristiina Korppi<\/li>\n\n\n\n<li>Minna Kekkonen<\/li>\n\n\n\n<li>Kaisu Soikkeli<\/li>\n\n\n\n<li>Amanda Alanen<\/li>\n\n\n\n<li>Minna Salin<\/li>\n\n\n\n<li>Minja Hynn\u00e4<\/li>\n\n\n\n<li>Erja Janhonen<\/li>\n\n\n\n<li>Sanna Hopkins<\/li>\n\n\n\n<li>Elina Niemenmaa<\/li>\n<\/ul>\n\n<\/div>\n\t\t<\/div>\n\n<div class=\"wp-block-ub-content-toggle-accordion\" style=\"border-color: #f1f1f1; \" id=\"ub-content-toggle-panel-block-\">\n\t\t\t<div class=\"wp-block-ub-content-toggle-accordion-title-wrap\" style=\"background-color: #f1f1f1;\" aria-controls=\"ub-content-toggle-panel-1-8e5b1193-d1ce-4b6d-999c-1e957003d7ed\" tabindex=\"0\">\n\t\t\t<p class=\"wp-block-ub-content-toggle-accordion-title ub-content-toggle-title-8e5b1193-d1ce-4b6d-999c-1e957003d7ed\" style=\"color: #000000; \"><\/p>\n\t\t\t<div class=\"wp-block-ub-content-toggle-accordion-toggle-wrap right\" style=\"color: #000000;\"><span class=\"wp-block-ub-content-toggle-accordion-state-indicator wp-block-ub-chevron-down\"><\/span><\/div>\n\t\t<\/div>\n\t\t\t<div role=\"region\" aria-expanded=\"false\" class=\"wp-block-ub-content-toggle-accordion-content-wrap ub-hide\" id=\"ub-content-toggle-panel-1-8e5b1193-d1ce-4b6d-999c-1e957003d7ed\"><\/div>\n\t\t<\/div>\n\n<div class=\"wp-block-ub-content-toggle-accordion\" style=\"border-color: #f1f1f1; \" id=\"ub-content-toggle-panel-block-\">\n\t\t\t<div class=\"wp-block-ub-content-toggle-accordion-title-wrap\" style=\"background-color: #f1f1f1;\" aria-controls=\"ub-content-toggle-panel-2-8e5b1193-d1ce-4b6d-999c-1e957003d7ed\" tabindex=\"0\">\n\t\t\t<p class=\"wp-block-ub-content-toggle-accordion-title ub-content-toggle-title-8e5b1193-d1ce-4b6d-999c-1e957003d7ed\" style=\"color: #000000; \"><\/p>\n\t\t\t<div class=\"wp-block-ub-content-toggle-accordion-toggle-wrap right\" style=\"color: #000000;\"><span class=\"wp-block-ub-content-toggle-accordion-state-indicator wp-block-ub-chevron-down\"><\/span><\/div>\n\t\t<\/div>\n\t\t\t<div role=\"region\" aria-expanded=\"false\" class=\"wp-block-ub-content-toggle-accordion-content-wrap ub-hide\" id=\"ub-content-toggle-panel-2-8e5b1193-d1ce-4b6d-999c-1e957003d7ed\"><\/div>\n\t\t<\/div>\n\n<div class=\"wp-block-ub-content-toggle-accordion\" style=\"border-color: #f1f1f1; \" id=\"ub-content-toggle-panel-block-42bcf010-f6e3-40a3-845c-58b139744171\">\n\t\t\t<div class=\"wp-block-ub-content-toggle-accordion-title-wrap\" style=\"background-color: #f1f1f1;\" aria-controls=\"ub-content-toggle-panel-3-8e5b1193-d1ce-4b6d-999c-1e957003d7ed\" tabindex=\"0\">\n\t\t\t<p class=\"wp-block-ub-content-toggle-accordion-title ub-content-toggle-title-8e5b1193-d1ce-4b6d-999c-1e957003d7ed\" style=\"color: #000000; \">Tietosuojaseloste<\/p>\n\t\t\t<div class=\"wp-block-ub-content-toggle-accordion-toggle-wrap right\" style=\"color: #000000;\"><span class=\"wp-block-ub-content-toggle-accordion-state-indicator wp-block-ub-chevron-down\"><\/span><\/div>\n\t\t<\/div>\n\t\t\t<div role=\"region\" aria-expanded=\"false\" class=\"wp-block-ub-content-toggle-accordion-content-wrap ub-hide\" id=\"ub-content-toggle-panel-3-8e5b1193-d1ce-4b6d-999c-1e957003d7ed\">\n\n<figure class=\"wp-block-table\"><table class=\"has-fixed-layout\"><tbody><tr><td>\u00a0<\/td><td>TIETOSUOJASELOSTE<br>&#8211; yhdistetty rekisteriseloste ja informointiasiakirja Henkil\u00f6tietolaki (523\/99) 10 ja 24 \u00a7 7.11.2022 (tiedot tarkistettu 19.01.2024<\/td><\/tr><tr><td>1. Rekisterinpit\u00e4j\u00e4<\/td><td>Pirkanmaan perhehoitajat ry \u00a0 Helmintie 2, 33430 Vuorentausta pirkanmaan.perhehoitajat@gmail.com<\/td><\/tr><tr><td>2. Rekisteriasioista vastaava henkil\u00f6 ja\/tai yhteyshenkil\u00f6<\/td><td>Marianne Hakala Vahantaluhdantie 15, 34130 Ylinen 050-3226377 pirkanmaan.perhehoitajat@gmail.com<\/td><\/tr><tr><td>3. Rekisterin nimi<\/td><td>J\u00e4sen- ja lehtirekisteri<\/td><\/tr><tr><td>4. Henkil\u00f6tietojen k\u00e4sittelyn tarkoitus \/ rekisterin k\u00e4ytt\u00f6tarkoitus ja henkil\u00f6tietojen s\u00e4ilytysaika.<\/td><td>Henkil\u00f6tietojen k\u00e4sittelyn perusteena on yhdistyksen oikeutettu etu yhdistyksen j\u00e4senyyden perusteella (yhdistyslaki). Yhdistyslaissa luetellaan tiedot, jotka yhdistyksen tulee ilmoittaa j\u00e4senrekisteriin merkitt\u00e4viksi. J\u00e4senist\u00e4 pidet\u00e4\u00e4n j\u00e4senluetteloa. \u00a0 Lis\u00e4ksi henkil\u00f6tietoja k\u00e4sitell\u00e4\u00e4n tiedotustoiminnassa, kuten j\u00e4sentiedotteet, yhdistyksen itsens\u00e4 tai yhteisty\u00f6ss\u00e4 muiden toimijoiden kanssa j\u00e4rjest\u00e4m\u00e4t tapahtumat ja koulutukset. Tapahtumista ja koulutuksista kootaan osallistujalistoja sek\u00e4 muita tapahtuman j\u00e4rjest\u00e4miseen tarvittavia tietoja. S\u00e4ilyt\u00e4mme henkil\u00f6tietoja niin kauan kuin henkil\u00f6tiedon k\u00e4ytt\u00f6tarkoituksen vuoksi on tarpeellista. Tapahtumien ja koulutusten osallistujalistoja s\u00e4ilytet\u00e4\u00e4n niiden j\u00e4rjestelyjen vaatiman ajan, kuitenkin enint\u00e4\u00e4n 2 kuukauden ajan (tapahtuman\/koulutuksen k\u00e4yt\u00e4nn\u00f6n j\u00e4rjestelyit\u00e4 varten ja tapahtumaan liittyv\u00e4\u00e4n yhteydenpitoon, esim. palautekyselyihin sek\u00e4 esitysmateriaalien ja linkkien jakamiseen, laskutusta varten).<\/td><\/tr><tr><td>5. Rekisterin tietosis\u00e4lt\u00f6<\/td><td>K\u00e4sittelemme j\u00e4senrekisterin yhteydess\u00e4 seuraavia j\u00e4senen henkil\u00f6tietoja: J\u00e4senen perustiedot: t\u00e4ydellinen nimi, syntym\u00e4aika J\u00e4senen kotipaikka J\u00e4senen yhteystiedot: postiosoite, puhelinnumero, s\u00e4hk\u00f6postiosoite Perhehoidon muoto (lasten, vammaisten henkil\u00f6iden, ik\u00e4ihmisten perhehoitaja) J\u00e4senyyden alkamisajankohta<\/td><\/tr><tr><td>6. Mist\u00e4 tiedot saadaan?<\/td><td>Yhdistyksemme saa tiedot henkil\u00f6lt\u00e4 itselt\u00e4\u00e4n h\u00e4nen liittyess\u00e4\u00e4n yhdistyksen j\u00e4seneksi.<\/td><\/tr><tr><td>7. Tietojen s\u00e4\u00e4nn\u00f6nmukaiset luovutukset.<\/td><td>Luovutamme henkil\u00f6tiedot Perhehoitoliitto ry:lle, joka hoitaa j\u00e4senlaskutuksen (tietojen k\u00e4sittely) ja yll\u00e4pit\u00e4\u00e4 lehtirekisteri\u00e4, jonka perusteella j\u00e4senet saavat j\u00e4senetuna Perhehoito -lehden. Perhehoitoliitolla on k\u00e4sittelysopimus Flo Apps Oy:n kanssa, jonka tuotealustaa ko. rekistereiden tallentamisessa ja k\u00e4yt\u00f6ss\u00e4 k\u00e4ytet\u00e4\u00e4n. \u00a0 Rajoitettu m\u00e4\u00e4r\u00e4 tietoja voidaan luovuttaa kolmannelle osapuolelle, esimerkiksi nimitietojen ilmoittaminen hotellin tai muun majoituksen j\u00e4rjest\u00e4j\u00e4lle majoitusvarausten hoitamista varten. Ylim\u00e4\u00e4r\u00e4isi\u00e4, asioiden hoitoon liittym\u00e4tt\u00f6mi\u00e4 tietoja ei v\u00e4litet\u00e4 n\u00e4iss\u00e4 yhteyksiss\u00e4. \u00a0 Tietoja ei luovuteta muihin k\u00e4ytt\u00f6tarkoituksiin ilman henkil\u00f6n erillist\u00e4 suostumusta.<\/td><\/tr><tr><td>8. Tietojen siirto Eu:n tai Etan ulkopuolelle<\/td><td><a>J\u00e4senrekisteriin tallennetut henkil\u00f6tiedot s\u00e4ilytet\u00e4\u00e4n s\u00e4hk\u00f6isess\u00e4 muodossa Perhehoitoliiton yll\u00e4pit\u00e4m\u00e4ss\u00e4 j\u00e4senrekisteriss\u00e4, joka on tallennettu Flo Apps Oy:n FloMembers tietokantaan. Teknisist\u00e4 syist\u00e4 osa j\u00e4senrekisterin j\u00e4senille l\u00e4hetett\u00e4vist\u00e4 s\u00e4hk\u00f6posteista reititet\u00e4\u00e4n ETA-alueen ulkopuolista s\u00e4hk\u00f6postipalvelinta k\u00e4ytt\u00e4en. Palvelin sijaitsee Yhdysvalloissa. Teknisen palvelun toimittaja on arvioinut siirrosta aiheutuvan riskin.<\/a><\/td><\/tr><tr><td>9. Rekisterin suojauksen periaatteet<\/td><td>Henkil\u00f6tietoja k\u00e4sittelev\u00e4t yhdistyksen j\u00e4sensihteeri, hallituksen puheenjohtaja ja sihteeri sek\u00e4 tarvittaessa tapahtumien ja koulutusten vastuuhenkil\u00f6t. J\u00e4senrekisterin henkil\u00f6tiedot s\u00e4ilytet\u00e4\u00e4n s\u00e4hk\u00f6isess\u00e4 muodossa Perhehoitoliiton yll\u00e4pit\u00e4m\u00e4ss\u00e4 j\u00e4senrekisteriss\u00e4, joka on tallennettu Flo Apps Oy:n FloMembers tietokantaan. Flo Apps Oy on suojannut tiedot asianmukaisesti. S\u00e4hk\u00f6isess\u00e4 muodossa olevaan aineistoon p\u00e4\u00e4sy on rajattu j\u00e4sensihteerille, puheenjohtajalle, varapuheenjohtajalle ja rahastovastaavalle henkil\u00f6kohtaisia k\u00e4ytt\u00f6oikeuksia, k\u00e4ytt\u00e4j\u00e4tunnuksia ja salasanoja k\u00e4ytt\u00e4en. Manuaalinen aineisto s\u00e4ilytet\u00e4\u00e4n lukituissa tiloissa j\u00e4sensihteerin ja\/tai puheenjohtajan kotona. Huolehdimme, ettei rekister\u00f6idyist\u00e4 s\u00e4ilytet\u00e4 rekisteriss\u00e4 k\u00e4sittelyn tarkoituksiin n\u00e4hden yhteensopimattomia, vanhentuneita tai virheellisi\u00e4 henkil\u00f6tietoja. Oikaisemme tai h\u00e4vit\u00e4mme t\u00e4llaiset tiedot viipym\u00e4tt\u00e4.<br><br><\/td><\/tr><tr><td>10. Tarkastusoikeus ja oikeus vaatia tiedon korjaamista tai poistoa<\/td><td>Rekister\u00f6idyll\u00e4 henkil\u00f6ll\u00e4 on oikeus tarkastaa itse\u00e4 koskevat henkil\u00f6rekisteriin tallennetut tiedot ja vaatia virheellisen tiedon korjaamista tai poistamista, mik\u00e4li sille on lailliset perusteet. Rekister\u00f6idyll\u00e4 on my\u00f6s oikeus peruuttaa suostumus tai muuttaa sit\u00e4. Rekister\u00f6idyll\u00e4 henkil\u00f6ll\u00e4 on tietosuoja-asetuksen mukaisesti oikeus vastustaa tai pyyt\u00e4\u00e4 tietojen k\u00e4sittelyn rajoittamista sek\u00e4 tehd\u00e4 valitus henkil\u00f6tietojen k\u00e4sittelyst\u00e4 valvontaviranomaiselle. Erityisist\u00e4 henkil\u00f6kohtaisista syist\u00e4 on oikeus my\u00f6s vastustaa itseen kohdistuvaa profilointia ja muita k\u00e4sittelytoimia. Vaatimuksen yhteydess\u00e4 rekister\u00f6idyn tulee yksil\u00f6id\u00e4 se erityinen tilanne, johon perustuen h\u00e4n vastustaa k\u00e4sittely\u00e4. Yhdistys voi kielt\u00e4yty\u00e4 toteuttamasta vastustamista koskevaa pyynt\u00f6\u00e4 ainoastaan laissa s\u00e4\u00e4detyin perustein. Tarkastuspyynt\u00f6 tai tietojen korjaus-\/poistopyynt\u00f6 tulee tehd\u00e4 kirjallisesti omak\u00e4tisesti allekirjoitetulla kirjeell\u00e4 tai henkil\u00f6kohtaisesti rekisterinpit\u00e4j\u00e4n luona. Kirje osoitetaan osoitteeseen: Pirkanmaan perhehoitajat ry Helmintie 2, 33430 Vuorentausta Henkil\u00f6kohtaisesta tapaamisesta on sovittava etuk\u00e4teen, yhteydenottopyynt\u00f6 voidaan tehd\u00e4 s\u00e4hk\u00f6postitse osoitteeseen pirkanmaan.perhehoitajat@gmail.com.<br><br><\/td><\/tr><tr><td>10. Tietosuojaselosteen muutokset<\/td><td>Mik\u00e4li muutamme t\u00e4t\u00e4 selostetta, laitamme muutokset n\u00e4kyville selosteeseen p\u00e4iv\u00e4ttyin\u00e4. Mik\u00e4li muutokset ovat merkitt\u00e4vi\u00e4, voimme informoida n\u00e4ist\u00e4 my\u00f6s muulla tavoin, kuten s\u00e4hk\u00f6postitse tai laittamalla sivuillemme asiasta ilmoituksen.<\/td><\/tr><tr><td>11. Muut henkil\u00f6tietojen k\u00e4sittelyyn liittyv\u00e4t oikeudet<\/td><td>\u00a0<\/td><\/tr><\/tbody><\/table><\/figure>\n\n<\/div>\n\t\t<\/div>\n<\/div>","protected":false},"excerpt":{"rendered":"<p>Pirkanmaan Perhehoitajat ry Puheenjohtaja Kristiina Korppi J\u00e4sensihteeri Minna Kekkonen Perhehoitoliiton vertaisasiantuntija toimeksiantosopimuksissa Sari Kiviranta Pirkanmaan perhehoitajat ry:n Facebook-ryhm\u00e4 on suljettu&#8230;<\/p>\n","protected":false},"author":3,"featured_media":0,"parent":0,"menu_order":0,"comment_status":"closed","ping_status":"closed","template":"","meta":{"_acf_changed":false,"footnotes":""},"class_list":["post-100","page","type-page","status-publish","hentry"],"acf":[],"aioseo_notices":[],"featured_image_src":null,"_links":{"self":[{"href":"https:\/\/perhehoitoliitto.fi\/pirkanmaan-perhehoitajat\/wp-json\/wp\/v2\/pages\/100","targetHints":{"allow":["GET"]}}],"collection":[{"href":"https:\/\/perhehoitoliitto.fi\/pirkanmaan-perhehoitajat\/wp-json\/wp\/v2\/pages"}],"about":[{"href":"https:\/\/perhehoitoliitto.fi\/pirkanmaan-perhehoitajat\/wp-json\/wp\/v2\/types\/page"}],"author":[{"embeddable":true,"href":"https:\/\/perhehoitoliitto.fi\/pirkanmaan-perhehoitajat\/wp-json\/wp\/v2\/users\/3"}],"replies":[{"embeddable":true,"href":"https:\/\/perhehoitoliitto.fi\/pirkanmaan-perhehoitajat\/wp-json\/wp\/v2\/comments?post=100"}],"version-history":[{"count":21,"href":"https:\/\/perhehoitoliitto.fi\/pirkanmaan-perhehoitajat\/wp-json\/wp\/v2\/pages\/100\/revisions"}],"predecessor-version":[{"id":316,"href":"https:\/\/perhehoitoliitto.fi\/pirkanmaan-perhehoitajat\/wp-json\/wp\/v2\/pages\/100\/revisions\/316"}],"wp:attachment":[{"href":"https:\/\/perhehoitoliitto.fi\/pirkanmaan-perhehoitajat\/wp-json\/wp\/v2\/media?parent=100"}],"curies":[{"name":"wp","href":"https:\/\/api.w.org\/{rel}","templated":true}]}}