{"id":109,"date":"2024-02-28T11:57:19","date_gmt":"2024-02-28T09:57:19","guid":{"rendered":"https:\/\/perhehoitoliitto.fi\/pirkanmaan-perhehoitajat\/?page_id=109"},"modified":"2025-03-13T09:13:12","modified_gmt":"2025-03-13T07:13:12","slug":"liity-jaseneksi","status":"publish","type":"page","link":"https:\/\/perhehoitoliitto.fi\/pirkanmaan-perhehoitajat\/liity-jaseneksi\/","title":{"rendered":"Liity j\u00e4seneksi"},"content":{"rendered":"\n<figure class=\"wp-block-image size-full\"><img loading=\"lazy\" decoding=\"async\" width=\"481\" height=\"321\" src=\"https:\/\/perhehoitoliitto.fi\/pirkanmaan-perhehoitajat\/wp-content\/uploads\/sites\/15\/2025\/03\/image-7u.jpg\" alt=\"Ihmisi\u00e4 ajamassa karting-autoilla asvalttiradalla.\" class=\"wp-image-260\" srcset=\"https:\/\/perhehoitoliitto.fi\/pirkanmaan-perhehoitajat\/wp-content\/uploads\/sites\/15\/2025\/03\/image-7u.jpg 481w, https:\/\/perhehoitoliitto.fi\/pirkanmaan-perhehoitajat\/wp-content\/uploads\/sites\/15\/2025\/03\/image-7u-300x200.jpg 300w\" sizes=\"auto, (max-width: 481px) 100vw, 481px\" \/><\/figure>\n\n\n\n<p>Onko hyv\u00e4 perhehoito sinulle syd\u00e4men asia? Perhehoitajien yhdistys on tarkoitettu juuri sinulle perhehoitaja, joka etsit vertaistukea, tietoa, virkistyst\u00e4 tai vaikuttamismahdollisuuksia perhehoidon parissa.<\/p>\n\n\n\n<p>Vain yhdistyksen j\u00e4senen\u00e4 sinulla on mahdollisuus osallistua ja vaikuttaa oman j\u00e4senyhdistyksesi toimintaan. Perhehoitajien itsen\u00e4iset yhdistykset muodostavat Perhehoitoliiton yhdess\u00e4 sijaisperheiden nuorten yhdistyksen SINUT ry:n kanssa.<\/p>\n\n\n\n<p>Valtakunnallisena j\u00e4rjest\u00f6n\u00e4 Perhehoitoliitto puolestaan edist\u00e4\u00e4 toiminnallaan kaikkien perhehoitajien ja perhehoidossa hoidettavien lasten, aikuisten ja ik\u00e4ihmisten hyvinvointia. Liittym\u00e4ll\u00e4 yhdistykseen liityt my\u00f6s osaksi isoa perhehoitoperhett\u00e4 \u2013 toimimaan yhdess\u00e4 laadukkaan perhehoidon puolesta!<\/p>\n\n\n\n<p>Pirkanmaan perhehoitajat ry  on Perhehoitoliiton j\u00e4senj\u00e4rjest\u00f6 ja saa liitolta tukea mm. yhteisty\u00f6projektien muodossa. Liitto pit\u00e4\u00e4 yll\u00e4 j\u00e4senrekisteri\u00e4 ja hoitaa j\u00e4senlaskutukset.<\/p>\n\n\n\n<p>Yhdistyksen j\u00e4seneksi voivat liitty\u00e4 sellaiset henkil\u00f6t, joilla on tai on ollut hoidossaan sijoitettuja lapsia, kehitysvammaisia tai ik\u00e4ihmisi\u00e4. J\u00e4senmaksu on 40 \u20ac varsinaiselta j\u00e4senelt\u00e4 (sis\u00e4lt\u00e4en Perhehoito-lehden). 25 euron j\u00e4senmaksu ei sis\u00e4ll\u00e4 lehte\u00e4 \/ digilehte\u00e4. Perheenj\u00e4senelt\u00e4 25\u20ac.<br><\/p>\n\n\n\n<div class=\"wp-block-buttons is-layout-flex wp-block-buttons-is-layout-flex\">\n<div class=\"wp-block-button\"><a class=\"wp-block-button__link wp-element-button\" href=\"https:\/\/www.flomembers.com\/pirkanmaan-perhehoitajat\/members\/application?_lang=fi\" target=\"_blank\" rel=\"noreferrer noopener\">T\u00e4yt\u00e4 j\u00e4senhakemus<\/a><\/div>\n<\/div>\n","protected":false},"excerpt":{"rendered":"<p>Onko hyv\u00e4 perhehoito sinulle syd\u00e4men asia? Perhehoitajien yhdistys on tarkoitettu juuri sinulle perhehoitaja, joka etsit vertaistukea, tietoa, virkistyst\u00e4 tai vaikuttamismahdollisuuksia&#8230;<\/p>\n","protected":false},"author":3,"featured_media":0,"parent":0,"menu_order":0,"comment_status":"closed","ping_status":"closed","template":"","meta":{"_acf_changed":false,"footnotes":""},"class_list":["post-109","page","type-page","status-publish","hentry"],"acf":[],"aioseo_notices":[],"featured_image_src":null,"_links":{"self":[{"href":"https:\/\/perhehoitoliitto.fi\/pirkanmaan-perhehoitajat\/wp-json\/wp\/v2\/pages\/109","targetHints":{"allow":["GET"]}}],"collection":[{"href":"https:\/\/perhehoitoliitto.fi\/pirkanmaan-perhehoitajat\/wp-json\/wp\/v2\/pages"}],"about":[{"href":"https:\/\/perhehoitoliitto.fi\/pirkanmaan-perhehoitajat\/wp-json\/wp\/v2\/types\/page"}],"author":[{"embeddable":true,"href":"https:\/\/perhehoitoliitto.fi\/pirkanmaan-perhehoitajat\/wp-json\/wp\/v2\/users\/3"}],"replies":[{"embeddable":true,"href":"https:\/\/perhehoitoliitto.fi\/pirkanmaan-perhehoitajat\/wp-json\/wp\/v2\/comments?post=109"}],"version-history":[{"count":13,"href":"https:\/\/perhehoitoliitto.fi\/pirkanmaan-perhehoitajat\/wp-json\/wp\/v2\/pages\/109\/revisions"}],"predecessor-version":[{"id":271,"href":"https:\/\/perhehoitoliitto.fi\/pirkanmaan-perhehoitajat\/wp-json\/wp\/v2\/pages\/109\/revisions\/271"}],"wp:attachment":[{"href":"https:\/\/perhehoitoliitto.fi\/pirkanmaan-perhehoitajat\/wp-json\/wp\/v2\/media?parent=109"}],"curies":[{"name":"wp","href":"https:\/\/api.w.org\/{rel}","templated":true}]}}