{"id":2,"date":"2024-01-23T15:53:19","date_gmt":"2024-01-23T13:53:19","guid":{"rendered":"https:\/\/perhehoitoliitto.fi\/pirkanmaan-perhehoitajat\/?page_id=2"},"modified":"2025-03-13T09:12:19","modified_gmt":"2025-03-13T07:12:19","slug":"esimerkkisivu","status":"publish","type":"page","link":"https:\/\/perhehoitoliitto.fi\/pirkanmaan-perhehoitajat\/","title":{"rendered":"Pirkanmaan Perhehoitajat ry"},"content":{"rendered":"\n<p>Yhdistys on perustettu 1983 ja kuulumme j\u00e4senyhdistyksen\u00e4 <a href=\"https:\/\/www.perhehoitoliitto.fi\" title=\"Perhehoitoliitto\">Perhehoitoliittoon<\/a>.<\/p>\n\n\n\n<p>Yhdistyksemme tavoitteena on yhdistyksen ja sen toiminnan kehitt\u00e4minen Pirkanmaalla kaikilla perhehoidon osa-alueilla (lasten ja nuorten perhehoito, ik\u00e4ihmisten perhehoito, vammaisten ihmisten perhehoito ja mielenterveyskuntoutujien perhehoito).<\/p>\n\n\n\n<p>Tarjoamme j\u00e4senille tukea jaksamiseen vertaistuella, virkistystapahtumilla ja koulutustarpeisiin vastaamalla.<\/p>\n\n\n\n<p>J\u00e4seni\u00e4 yhdistyksess\u00e4 on noin 400.         <\/p>\n\n\n\n<p><\/p>\n\n\n\n<p><\/p>\n\n\n\n<div class=\"wp-block-buttons is-content-justification-center is-layout-flex wp-container-core-buttons-is-layout-16018d1d wp-block-buttons-is-layout-flex\">\n<div class=\"wp-block-button\"><a class=\"wp-block-button__link wp-element-button\" href=\"https:\/\/perhehoitoliitto.fi\/pirkanmaan-perhehoitajat\/toimintamme\/\">Toimintamme<\/a><\/div>\n\n\n\n<div class=\"wp-block-button\"><a class=\"wp-block-button__link has-text-align-center wp-element-button\" href=\"https:\/\/perhehoitoliitto.fi\/pirkanmaan-perhehoitajat\/liity-jaseneksi\/\">Liity j\u00e4seneksi<\/a><\/div>\n\n\n\n<div class=\"wp-block-button\"><a class=\"wp-block-button__link has-text-align-center wp-element-button\" href=\"https:\/\/perhehoitoliitto.fi\/pirkanmaan-perhehoitajat\/yhteystiedot\/\">Yhteystiedot<\/a><\/div>\n<\/div>\n\n\n\n<div style=\"height:30px\" aria-hidden=\"true\" class=\"wp-block-spacer\"><\/div>\n\n\n<div class=\"wp-block-image\">\n<figure class=\"aligncenter size-full is-resized\"><img loading=\"lazy\" decoding=\"async\" width=\"500\" height=\"500\" src=\"https:\/\/perhehoitoliitto.fi\/pirkanmaan-perhehoitajat\/wp-content\/uploads\/sites\/15\/2025\/03\/logo.png\" alt=\"Piirros, jossa on musta lintu kelta-oranssin pallon p\u00e4\u00e4ll\u00e4\" class=\"wp-image-257\" style=\"width:290px;height:auto\" srcset=\"https:\/\/perhehoitoliitto.fi\/pirkanmaan-perhehoitajat\/wp-content\/uploads\/sites\/15\/2025\/03\/logo.png 500w, https:\/\/perhehoitoliitto.fi\/pirkanmaan-perhehoitajat\/wp-content\/uploads\/sites\/15\/2025\/03\/logo-300x300.png 300w, https:\/\/perhehoitoliitto.fi\/pirkanmaan-perhehoitajat\/wp-content\/uploads\/sites\/15\/2025\/03\/logo-150x150.png 150w, https:\/\/perhehoitoliitto.fi\/pirkanmaan-perhehoitajat\/wp-content\/uploads\/sites\/15\/2025\/03\/logo-160x160.png 160w\" sizes=\"auto, (max-width: 500px) 100vw, 500px\" \/><\/figure>\n<\/div>\n\n\n<p><\/p>\n","protected":false},"excerpt":{"rendered":"<p>Yhdistys on perustettu 1983 ja kuulumme j\u00e4senyhdistyksen\u00e4 Perhehoitoliittoon. Yhdistyksemme tavoitteena on yhdistyksen ja sen toiminnan kehitt\u00e4minen Pirkanmaalla kaikilla perhehoidon osa-alueilla&#8230;<\/p>\n","protected":false},"author":1,"featured_media":137,"parent":0,"menu_order":0,"comment_status":"closed","ping_status":"open","template":"","meta":{"_acf_changed":false,"footnotes":""},"class_list":["post-2","page","type-page","status-publish","has-post-thumbnail","hentry"],"acf":[],"aioseo_notices":[],"featured_image_src":"https:\/\/perhehoitoliitto.fi\/pirkanmaan-perhehoitajat\/wp-content\/uploads\/sites\/15\/2024\/05\/taustakuva_puussa2.jpg","_links":{"self":[{"href":"https:\/\/perhehoitoliitto.fi\/pirkanmaan-perhehoitajat\/wp-json\/wp\/v2\/pages\/2","targetHints":{"allow":["GET"]}}],"collection":[{"href":"https:\/\/perhehoitoliitto.fi\/pirkanmaan-perhehoitajat\/wp-json\/wp\/v2\/pages"}],"about":[{"href":"https:\/\/perhehoitoliitto.fi\/pirkanmaan-perhehoitajat\/wp-json\/wp\/v2\/types\/page"}],"author":[{"embeddable":true,"href":"https:\/\/perhehoitoliitto.fi\/pirkanmaan-perhehoitajat\/wp-json\/wp\/v2\/users\/1"}],"replies":[{"embeddable":true,"href":"https:\/\/perhehoitoliitto.fi\/pirkanmaan-perhehoitajat\/wp-json\/wp\/v2\/comments?post=2"}],"version-history":[{"count":43,"href":"https:\/\/perhehoitoliitto.fi\/pirkanmaan-perhehoitajat\/wp-json\/wp\/v2\/pages\/2\/revisions"}],"predecessor-version":[{"id":261,"href":"https:\/\/perhehoitoliitto.fi\/pirkanmaan-perhehoitajat\/wp-json\/wp\/v2\/pages\/2\/revisions\/261"}],"wp:featuredmedia":[{"embeddable":true,"href":"https:\/\/perhehoitoliitto.fi\/pirkanmaan-perhehoitajat\/wp-json\/wp\/v2\/media\/137"}],"wp:attachment":[{"href":"https:\/\/perhehoitoliitto.fi\/pirkanmaan-perhehoitajat\/wp-json\/wp\/v2\/media?parent=2"}],"curies":[{"name":"wp","href":"https:\/\/api.w.org\/{rel}","templated":true}]}}