{"id":97,"date":"2024-02-28T11:30:24","date_gmt":"2024-02-28T09:30:24","guid":{"rendered":"https:\/\/perhehoitoliitto.fi\/pirkanmaan-perhehoitajat\/?page_id=97"},"modified":"2026-04-12T20:37:32","modified_gmt":"2026-04-12T17:37:32","slug":"toimintamme","status":"publish","type":"page","link":"https:\/\/perhehoitoliitto.fi\/pirkanmaan-perhehoitajat\/toimintamme\/","title":{"rendered":"Toimintamme"},"content":{"rendered":"\n<figure class=\"wp-block-image size-full\"><img loading=\"lazy\" decoding=\"async\" width=\"481\" height=\"320\" src=\"https:\/\/perhehoitoliitto.fi\/pirkanmaan-perhehoitajat\/wp-content\/uploads\/sites\/15\/2025\/03\/image-5u.png\" alt=\"Aikuisia ja lapsia sein\u00e4kiipeilypaikalla katsomassa sein\u00e4\u00e4 kohti.\" class=\"wp-image-258\" srcset=\"https:\/\/perhehoitoliitto.fi\/pirkanmaan-perhehoitajat\/wp-content\/uploads\/sites\/15\/2025\/03\/image-5u.png 481w, https:\/\/perhehoitoliitto.fi\/pirkanmaan-perhehoitajat\/wp-content\/uploads\/sites\/15\/2025\/03\/image-5u-300x200.png 300w\" sizes=\"auto, (max-width: 481px) 100vw, 481px\" \/><\/figure>\n\n\n\n<p>Pirkanmaan Perhehoitajat ry j\u00e4rjest\u00e4\u00e4 monipuolista toimintaa j\u00e4senperheille:<\/p>\n\n\n\n<ul class=\"wp-block-list\">\n<li>Vuonna 2025 yhdistys tulee j\u00e4rjest\u00e4m\u00e4\u00e4n kev\u00e4\u00e4ll\u00e4 ja syksyll\u00e4 tapahtumia lapsille sek\u00e4 nuorille.<\/li>\n\n\n\n<li>Perhehoitajien koulutukset ovat meille t\u00e4rkeit\u00e4. Niit\u00e4 tarjoamme suurempina kokonaisuuksina sek\u00e4 pienryhmiss\u00e4.<\/li>\n\n\n\n<li>Yhdistys tarjoaa vertaisasiantuntijatoimintaa ja vertaisryhm\u00e4toimintaa.<\/li>\n\n\n\n<li>Joka kes\u00e4 yhdistys j\u00e4rjest\u00e4\u00e4 perinteeksi muodostuneen Kes\u00e4p\u00e4iv\u00e4-tapahtuman kaikille perhehoitajille perheineen.<\/li>\n<\/ul>\n\n\n\n<figure class=\"wp-block-image size-large is-resized\"><img loading=\"lazy\" decoding=\"async\" width=\"1024\" height=\"683\" src=\"https:\/\/perhehoitoliitto.fi\/pirkanmaan-perhehoitajat\/wp-content\/uploads\/sites\/15\/2025\/08\/Super1-1024x683.jpg\" alt=\"\" class=\"wp-image-283\" style=\"width:489px;height:auto\" srcset=\"https:\/\/perhehoitoliitto.fi\/pirkanmaan-perhehoitajat\/wp-content\/uploads\/sites\/15\/2025\/08\/Super1-1024x683.jpg 1024w, https:\/\/perhehoitoliitto.fi\/pirkanmaan-perhehoitajat\/wp-content\/uploads\/sites\/15\/2025\/08\/Super1-300x200.jpg 300w, https:\/\/perhehoitoliitto.fi\/pirkanmaan-perhehoitajat\/wp-content\/uploads\/sites\/15\/2025\/08\/Super1-768x512.jpg 768w, https:\/\/perhehoitoliitto.fi\/pirkanmaan-perhehoitajat\/wp-content\/uploads\/sites\/15\/2025\/08\/Super1-1536x1024.jpg 1536w, https:\/\/perhehoitoliitto.fi\/pirkanmaan-perhehoitajat\/wp-content\/uploads\/sites\/15\/2025\/08\/Super1-2048x1365.jpg 2048w, https:\/\/perhehoitoliitto.fi\/pirkanmaan-perhehoitajat\/wp-content\/uploads\/sites\/15\/2025\/08\/Super1-1200x800.jpg 1200w\" sizes=\"auto, (max-width: 1024px) 100vw, 1024px\" \/><\/figure>\n\n\n\n<p><strong>P\u00e4ivit\u00e4mme tulevat tapahtumat AJANKOHTAISTA-osioon<\/strong><\/p>\n\n\n\n<p><\/p>\n\n\n\n<p>Koulutus- ja tapahtumatoiveita voit l\u00e4hett\u00e4\u00e4  <a href=\"mailto:pirkanmaan.perhehoitajat@gmail.com\">pirkanmaan.perhehoitajat@gmail.com<\/a>.<\/p>\n\n\n<div class=\"wp-block-ub-content-toggle wp-block-ub-content-toggle-block\" id=\"ub-content-toggle-block-5190e01b-0d72-47e2-83a7-9e23acae6f06\" data-mobilecollapse=\"true\" data-desktopcollapse=\"true\" data-preventcollapse=\"false\" data-showonlyone=\"false\">\n<div class=\"wp-block-ub-content-toggle-accordion\" style=\"border-color: #f1f1f1; \" id=\"ub-content-toggle-panel-block-\">\n\t\t\t<div class=\"wp-block-ub-content-toggle-accordion-title-wrap\" style=\"background-color: #f1f1f1;\" aria-controls=\"ub-content-toggle-panel-0-5190e01b-0d72-47e2-83a7-9e23acae6f06\" tabindex=\"0\">\n\t\t\t<p class=\"wp-block-ub-content-toggle-accordion-title ub-content-toggle-title-5190e01b-0d72-47e2-83a7-9e23acae6f06\" style=\"color: #000000; \"><\/p>\n\t\t\t<div class=\"wp-block-ub-content-toggle-accordion-toggle-wrap right\" style=\"color: #000000;\"><span class=\"wp-block-ub-content-toggle-accordion-state-indicator wp-block-ub-chevron-down\"><\/span><\/div>\n\t\t<\/div>\n\t\t\t<div role=\"region\" aria-expanded=\"false\" class=\"wp-block-ub-content-toggle-accordion-content-wrap ub-hide\" id=\"ub-content-toggle-panel-0-5190e01b-0d72-47e2-83a7-9e23acae6f06\"><\/div>\n\t\t<\/div>\n\n<div class=\"wp-block-ub-content-toggle-accordion\" style=\"border-color: #f1f1f1; \" id=\"ub-content-toggle-panel-block-bd7c7dbb-0de8-45e8-90e9-e42c142e0291\">\n\t\t\t<div class=\"wp-block-ub-content-toggle-accordion-title-wrap\" style=\"background-color: #f1f1f1;\" aria-controls=\"ub-content-toggle-panel-1-5190e01b-0d72-47e2-83a7-9e23acae6f06\" tabindex=\"0\">\n\t\t\t<p class=\"wp-block-ub-content-toggle-accordion-title ub-content-toggle-title-5190e01b-0d72-47e2-83a7-9e23acae6f06\" style=\"color: #000000; \">Ajankohtaista<br><br><br><\/p>\n\t\t\t<div class=\"wp-block-ub-content-toggle-accordion-toggle-wrap right\" style=\"color: #000000;\"><span class=\"wp-block-ub-content-toggle-accordion-state-indicator wp-block-ub-chevron-down\"><\/span><\/div>\n\t\t<\/div>\n\t\t\t<div role=\"region\" aria-expanded=\"false\" class=\"wp-block-ub-content-toggle-accordion-content-wrap ub-hide\" id=\"ub-content-toggle-panel-1-5190e01b-0d72-47e2-83a7-9e23acae6f06\">\n\n<p><br>Perinteinen pirkanmaan perhehoitajien kes\u00e4p\u00e4iv\u00e4  vietet\u00e4\u00e4n Vahderp\u00e4\u00e4ss\u00e4 Kangasalla 30.7.2026!<br>Ohjelma ja ilmoittautuminen julkaistaan l\u00e4hemp\u00e4n\u00e4. <br><\/p>\n\n\n\n<figure class=\"wp-block-image size-large is-resized\"><img loading=\"lazy\" decoding=\"async\" width=\"819\" height=\"1024\" src=\"https:\/\/perhehoitoliitto.fi\/pirkanmaan-perhehoitajat\/wp-content\/uploads\/sites\/15\/2026\/04\/Tama-mainos-sahkopostiin-ja-nettisivuille_kiipeilytapahtuma-nuorille-pirpe-2-819x1024.jpg\" alt=\"\" class=\"wp-image-325\" style=\"width:723px;height:auto\" srcset=\"https:\/\/perhehoitoliitto.fi\/pirkanmaan-perhehoitajat\/wp-content\/uploads\/sites\/15\/2026\/04\/Tama-mainos-sahkopostiin-ja-nettisivuille_kiipeilytapahtuma-nuorille-pirpe-2-819x1024.jpg 819w, https:\/\/perhehoitoliitto.fi\/pirkanmaan-perhehoitajat\/wp-content\/uploads\/sites\/15\/2026\/04\/Tama-mainos-sahkopostiin-ja-nettisivuille_kiipeilytapahtuma-nuorille-pirpe-2-240x300.jpg 240w, https:\/\/perhehoitoliitto.fi\/pirkanmaan-perhehoitajat\/wp-content\/uploads\/sites\/15\/2026\/04\/Tama-mainos-sahkopostiin-ja-nettisivuille_kiipeilytapahtuma-nuorille-pirpe-2-768x960.jpg 768w, https:\/\/perhehoitoliitto.fi\/pirkanmaan-perhehoitajat\/wp-content\/uploads\/sites\/15\/2026\/04\/Tama-mainos-sahkopostiin-ja-nettisivuille_kiipeilytapahtuma-nuorille-pirpe-2.jpg 1080w\" sizes=\"auto, (max-width: 819px) 100vw, 819px\" \/><\/figure>\n\n\n\n<figure class=\"wp-block-gallery has-nested-images columns-default is-cropped wp-block-gallery-1 is-layout-flex wp-block-gallery-is-layout-flex\"><\/figure>\n\n<\/div>\n\t\t<\/div>\n\n<div class=\"wp-block-ub-content-toggle-accordion\" style=\"border-color: #f1f1f1; \" id=\"ub-content-toggle-panel-block-\">\n\t\t\t<div class=\"wp-block-ub-content-toggle-accordion-title-wrap\" style=\"background-color: #f1f1f1;\" aria-controls=\"ub-content-toggle-panel-2-5190e01b-0d72-47e2-83a7-9e23acae6f06\" tabindex=\"0\">\n\t\t\t<p class=\"wp-block-ub-content-toggle-accordion-title ub-content-toggle-title-5190e01b-0d72-47e2-83a7-9e23acae6f06\" style=\"color: #000000; \"><\/p>\n\t\t\t<div class=\"wp-block-ub-content-toggle-accordion-toggle-wrap right\" style=\"color: #000000;\"><span class=\"wp-block-ub-content-toggle-accordion-state-indicator wp-block-ub-chevron-down\"><\/span><\/div>\n\t\t<\/div>\n\t\t\t<div role=\"region\" aria-expanded=\"false\" class=\"wp-block-ub-content-toggle-accordion-content-wrap ub-hide\" id=\"ub-content-toggle-panel-2-5190e01b-0d72-47e2-83a7-9e23acae6f06\"><\/div>\n\t\t<\/div>\n\n<div class=\"wp-block-ub-content-toggle-accordion\" style=\"border-color: #f1f1f1; \" id=\"ub-content-toggle-panel-block-\">\n\t\t\t<div class=\"wp-block-ub-content-toggle-accordion-title-wrap\" style=\"background-color: #f1f1f1;\" aria-controls=\"ub-content-toggle-panel-3-5190e01b-0d72-47e2-83a7-9e23acae6f06\" tabindex=\"0\">\n\t\t\t<p class=\"wp-block-ub-content-toggle-accordion-title ub-content-toggle-title-5190e01b-0d72-47e2-83a7-9e23acae6f06\" style=\"color: #000000; \"><\/p>\n\t\t\t<div class=\"wp-block-ub-content-toggle-accordion-toggle-wrap right\" style=\"color: #000000;\"><span class=\"wp-block-ub-content-toggle-accordion-state-indicator wp-block-ub-chevron-down\"><\/span><\/div>\n\t\t<\/div>\n\t\t\t<div role=\"region\" aria-expanded=\"false\" class=\"wp-block-ub-content-toggle-accordion-content-wrap ub-hide\" id=\"ub-content-toggle-panel-3-5190e01b-0d72-47e2-83a7-9e23acae6f06\"><\/div>\n\t\t<\/div>\n\n<div class=\"wp-block-ub-content-toggle-accordion\" style=\"border-color: #f1f1f1; \" id=\"ub-content-toggle-panel-block-\">\n\t\t\t<div class=\"wp-block-ub-content-toggle-accordion-title-wrap\" style=\"background-color: #f1f1f1;\" aria-controls=\"ub-content-toggle-panel-4-5190e01b-0d72-47e2-83a7-9e23acae6f06\" tabindex=\"0\">\n\t\t\t<p class=\"wp-block-ub-content-toggle-accordion-title ub-content-toggle-title-5190e01b-0d72-47e2-83a7-9e23acae6f06\" style=\"color: #000000; \"><\/p>\n\t\t\t<div class=\"wp-block-ub-content-toggle-accordion-toggle-wrap right\" style=\"color: #000000;\"><span class=\"wp-block-ub-content-toggle-accordion-state-indicator wp-block-ub-chevron-down\"><\/span><\/div>\n\t\t<\/div>\n\t\t\t<div role=\"region\" aria-expanded=\"false\" class=\"wp-block-ub-content-toggle-accordion-content-wrap ub-hide\" id=\"ub-content-toggle-panel-4-5190e01b-0d72-47e2-83a7-9e23acae6f06\">\n\n<p><\/p>\n\n<\/div>\n\t\t<\/div>\n\n<div class=\"wp-block-ub-content-toggle-accordion\" style=\"border-color: #f1f1f1; \" id=\"ub-content-toggle-panel-block-055bb132-c77c-438d-9024-094cb0baf3fd\">\n\t\t\t<div class=\"wp-block-ub-content-toggle-accordion-title-wrap\" style=\"background-color: #f1f1f1;\" aria-controls=\"ub-content-toggle-panel-5-5190e01b-0d72-47e2-83a7-9e23acae6f06\" tabindex=\"0\">\n\t\t\t<p class=\"wp-block-ub-content-toggle-accordion-title ub-content-toggle-title-5190e01b-0d72-47e2-83a7-9e23acae6f06\" style=\"color: #000000; \">Vertaisryhm\u00e4toiminta<\/p>\n\t\t\t<div class=\"wp-block-ub-content-toggle-accordion-toggle-wrap right\" style=\"color: #000000;\"><span class=\"wp-block-ub-content-toggle-accordion-state-indicator wp-block-ub-chevron-down\"><\/span><\/div>\n\t\t<\/div>\n\t\t\t<div role=\"region\" aria-expanded=\"false\" class=\"wp-block-ub-content-toggle-accordion-content-wrap ub-hide\" id=\"ub-content-toggle-panel-5-5190e01b-0d72-47e2-83a7-9e23acae6f06\">\n\n<p>Vertaistukiryhmien vet\u00e4j\u00e4 on k\u00e4ynyt Perhehoitoliiton valmennuksen. Ryhm\u00e4ss\u00e4 jaetaan ohjaajan tukemana kokemuksia ja opitaan yhdess\u00e4 muiden perhehoitajien kanssa. Vertaisryhmien tavoite on vahvistaa hyvinvointia ja tukea perhehoitajaa.<\/p>\n\n\n\n<p>Yhdistyksell\u00e4mme on t\u00e4ll\u00e4 hetkell\u00e4 4 vertaisryhm\u00e4\u00e4.<\/p>\n\n\n\n<p>Ryhm\u00e4t kokoontuvat Tampereella, H\u00e4meenkyr\u00f6ss\u00e4 ja Sastamalassa. Uusia ryhmi\u00e4 perustamme tarpeen mukaan. Kyselyt ryhmien toiminnasta: <a href=\"mailto:pirkanmaan.perhehoitajat@gmail.com\">pirkanmaan.perhehoitajat@gmail.com<\/a>.<\/p>\n\n\n\n<figure class=\"wp-block-image size-full\"><img loading=\"lazy\" decoding=\"async\" width=\"640\" height=\"481\" src=\"https:\/\/perhehoitoliitto.fi\/pirkanmaan-perhehoitajat\/wp-content\/uploads\/sites\/15\/2025\/03\/thumbnail_IMG_3656u.jpg\" alt=\"Pullaa, sipsej\u00e4, keksej\u00e4, karkkeja ja muita herkkuja katettuna keitti\u00f6np\u00f6yd\u00e4lle.\" class=\"wp-image-259\" srcset=\"https:\/\/perhehoitoliitto.fi\/pirkanmaan-perhehoitajat\/wp-content\/uploads\/sites\/15\/2025\/03\/thumbnail_IMG_3656u.jpg 640w, https:\/\/perhehoitoliitto.fi\/pirkanmaan-perhehoitajat\/wp-content\/uploads\/sites\/15\/2025\/03\/thumbnail_IMG_3656u-300x225.jpg 300w\" sizes=\"auto, (max-width: 640px) 100vw, 640px\" \/><\/figure>\n\n<\/div>\n\t\t<\/div>\n<\/div>\n\n\n<p><\/p>\n","protected":false},"excerpt":{"rendered":"<p>Pirkanmaan Perhehoitajat ry j\u00e4rjest\u00e4\u00e4 monipuolista toimintaa j\u00e4senperheille: P\u00e4ivit\u00e4mme tulevat tapahtumat AJANKOHTAISTA-osioon Koulutus- ja tapahtumatoiveita voit l\u00e4hett\u00e4\u00e4 pirkanmaan.perhehoitajat@gmail.com.<\/p>\n","protected":false},"author":3,"featured_media":0,"parent":0,"menu_order":0,"comment_status":"closed","ping_status":"closed","template":"","meta":{"_acf_changed":false,"footnotes":""},"class_list":["post-97","page","type-page","status-publish","hentry"],"acf":[],"aioseo_notices":[],"featured_image_src":null,"_links":{"self":[{"href":"https:\/\/perhehoitoliitto.fi\/pirkanmaan-perhehoitajat\/wp-json\/wp\/v2\/pages\/97","targetHints":{"allow":["GET"]}}],"collection":[{"href":"https:\/\/perhehoitoliitto.fi\/pirkanmaan-perhehoitajat\/wp-json\/wp\/v2\/pages"}],"about":[{"href":"https:\/\/perhehoitoliitto.fi\/pirkanmaan-perhehoitajat\/wp-json\/wp\/v2\/types\/page"}],"author":[{"embeddable":true,"href":"https:\/\/perhehoitoliitto.fi\/pirkanmaan-perhehoitajat\/wp-json\/wp\/v2\/users\/3"}],"replies":[{"embeddable":true,"href":"https:\/\/perhehoitoliitto.fi\/pirkanmaan-perhehoitajat\/wp-json\/wp\/v2\/comments?post=97"}],"version-history":[{"count":55,"href":"https:\/\/perhehoitoliitto.fi\/pirkanmaan-perhehoitajat\/wp-json\/wp\/v2\/pages\/97\/revisions"}],"predecessor-version":[{"id":326,"href":"https:\/\/perhehoitoliitto.fi\/pirkanmaan-perhehoitajat\/wp-json\/wp\/v2\/pages\/97\/revisions\/326"}],"wp:attachment":[{"href":"https:\/\/perhehoitoliitto.fi\/pirkanmaan-perhehoitajat\/wp-json\/wp\/v2\/media?parent=97"}],"curies":[{"name":"wp","href":"https:\/\/api.w.org\/{rel}","templated":true}]}}