{"id":2,"date":"2024-01-23T15:53:19","date_gmt":"2024-01-23T13:53:19","guid":{"rendered":"https:\/\/perhehoitoliitto.fi\/pohjois-karjalan-perhehoitajat\/?page_id=2"},"modified":"2025-05-15T09:05:45","modified_gmt":"2025-05-15T06:05:45","slug":"esimerkkisivu","status":"publish","type":"page","link":"https:\/\/perhehoitoliitto.fi\/pohjois-karjalan-perhehoitajat\/","title":{"rendered":"Pohjois-Karjalan Perhehoitajat ry"},"content":{"rendered":"\n<p>Tervetuloa Pohjois-Karjalan Perhehoitajat ry:n nettisivuille! Toimimme koko Pohjois-Karjalan alueella ja olemme Perhehoitoliiton alueellinen j\u00e4senyhdistys. Kotipaikkana on Joensuu. <\/p>\n\n\n\n<p>Yhdistyksen tarkoituksena on toimia lasten, ik\u00e4ihmisten, kehitysvammaisten ja mielenterveyskuntoutujien perhehoitajien ja perhehoidossa olevien henkil\u00f6iden puolustajana, edist\u00e4\u00e4 j\u00e4senist\u00f6ns\u00e4 virkistystoimintaa sek\u00e4 toimia perhehoitajien ja alan yhteis\u00f6jen yhdyssiteen\u00e4.<\/p>\n\n\n\n<div class=\"wp-block-buttons is-content-justification-center is-layout-flex wp-container-core-buttons-is-layout-16018d1d wp-block-buttons-is-layout-flex\">\n<div class=\"wp-block-button\"><a class=\"wp-block-button__link wp-element-button\" href=\"https:\/\/perhehoitoliitto.fi\/pohjois-karjalan-perhehoitajat\/toimintamme\/\">Toimintamme<\/a><\/div>\n\n\n\n<div class=\"wp-block-button\"><a class=\"wp-block-button__link has-text-align-center wp-element-button\" href=\"https:\/\/perhehoitoliitto.fi\/pohjois-karjalan-perhehoitajat\/liity-jaseneksi\/\">Liity j\u00e4seneksi<\/a><\/div>\n\n\n\n<div class=\"wp-block-button\"><a class=\"wp-block-button__link has-text-align-center wp-element-button\" href=\"https:\/\/perhehoitoliitto.fi\/pohjois-karjalan-perhehoitajat\/yhteystiedot\/\">Yhteystiedot<\/a><\/div>\n<\/div>\n","protected":false},"excerpt":{"rendered":"<p>Tervetuloa Pohjois-Karjalan Perhehoitajat ry:n nettisivuille! Toimimme koko Pohjois-Karjalan alueella ja olemme Perhehoitoliiton alueellinen j\u00e4senyhdistys. Kotipaikkana on Joensuu. Yhdistyksen tarkoituksena on&#8230;<\/p>\n","protected":false},"author":1,"featured_media":165,"parent":0,"menu_order":0,"comment_status":"closed","ping_status":"open","template":"","meta":{"_acf_changed":false,"footnotes":""},"class_list":["post-2","page","type-page","status-publish","has-post-thumbnail","hentry"],"acf":[],"aioseo_notices":[],"featured_image_src":"https:\/\/perhehoitoliitto.fi\/pohjois-karjalan-perhehoitajat\/wp-content\/uploads\/sites\/17\/2025\/05\/taustakuva_puussa2.jpg","_links":{"self":[{"href":"https:\/\/perhehoitoliitto.fi\/pohjois-karjalan-perhehoitajat\/wp-json\/wp\/v2\/pages\/2","targetHints":{"allow":["GET"]}}],"collection":[{"href":"https:\/\/perhehoitoliitto.fi\/pohjois-karjalan-perhehoitajat\/wp-json\/wp\/v2\/pages"}],"about":[{"href":"https:\/\/perhehoitoliitto.fi\/pohjois-karjalan-perhehoitajat\/wp-json\/wp\/v2\/types\/page"}],"author":[{"embeddable":true,"href":"https:\/\/perhehoitoliitto.fi\/pohjois-karjalan-perhehoitajat\/wp-json\/wp\/v2\/users\/1"}],"replies":[{"embeddable":true,"href":"https:\/\/perhehoitoliitto.fi\/pohjois-karjalan-perhehoitajat\/wp-json\/wp\/v2\/comments?post=2"}],"version-history":[{"count":29,"href":"https:\/\/perhehoitoliitto.fi\/pohjois-karjalan-perhehoitajat\/wp-json\/wp\/v2\/pages\/2\/revisions"}],"predecessor-version":[{"id":144,"href":"https:\/\/perhehoitoliitto.fi\/pohjois-karjalan-perhehoitajat\/wp-json\/wp\/v2\/pages\/2\/revisions\/144"}],"wp:featuredmedia":[{"embeddable":true,"href":"https:\/\/perhehoitoliitto.fi\/pohjois-karjalan-perhehoitajat\/wp-json\/wp\/v2\/media\/165"}],"wp:attachment":[{"href":"https:\/\/perhehoitoliitto.fi\/pohjois-karjalan-perhehoitajat\/wp-json\/wp\/v2\/media?parent=2"}],"curies":[{"name":"wp","href":"https:\/\/api.w.org\/{rel}","templated":true}]}}