{"id":97,"date":"2024-02-28T11:30:24","date_gmt":"2024-02-28T09:30:24","guid":{"rendered":"https:\/\/perhehoitoliitto.fi\/pohjois-karjalan-perhehoitajat\/?page_id=97"},"modified":"2026-03-03T07:48:38","modified_gmt":"2026-03-03T05:48:38","slug":"toimintamme","status":"publish","type":"page","link":"https:\/\/perhehoitoliitto.fi\/pohjois-karjalan-perhehoitajat\/toimintamme\/","title":{"rendered":"Toimintamme"},"content":{"rendered":"<div class=\"wp-block-ub-content-toggle wp-block-ub-content-toggle-block\" id=\"ub-content-toggle-block-42fe62c3-af85-4a89-a135-a6f0ee677016\" data-mobilecollapse=\"true\" data-desktopcollapse=\"true\" data-preventcollapse=\"false\" data-showonlyone=\"false\">\n<div class=\"wp-block-ub-content-toggle-accordion\" style=\"border-color: #f1f1f1; \" id=\"ub-content-toggle-panel-block-0c37ffe1-64eb-41ed-a618-751ab1b35a57\">\n\t\t\t<div class=\"wp-block-ub-content-toggle-accordion-title-wrap\" style=\"background-color: #f1f1f1;\" aria-controls=\"ub-content-toggle-panel-0-42fe62c3-af85-4a89-a135-a6f0ee677016\" tabindex=\"0\">\n\t\t\t<p class=\"wp-block-ub-content-toggle-accordion-title ub-content-toggle-title-42fe62c3-af85-4a89-a135-a6f0ee677016\" style=\"color: #000000; \">Ajankohtaista<\/p>\n\t\t\t<div class=\"wp-block-ub-content-toggle-accordion-toggle-wrap right\" style=\"color: #000000;\"><span class=\"wp-block-ub-content-toggle-accordion-state-indicator wp-block-ub-chevron-down\"><\/span><\/div>\n\t\t<\/div>\n\t\t\t<div role=\"region\" aria-expanded=\"false\" class=\"wp-block-ub-content-toggle-accordion-content-wrap ub-hide\" id=\"ub-content-toggle-panel-0-42fe62c3-af85-4a89-a135-a6f0ee677016\">\n\n<p><strong>Vuosikokouskutsu<\/strong><\/p>\n\n\n\n<ul class=\"wp-block-list\">\n<li>Pohjois-Karjalan Perhehoitajat ry:n s\u00e4\u00e4nt\u00f6m\u00e4\u00e4r\u00e4inen vuosikokous pidet\u00e4\u00e4n Marjalan ABC:ll\u00e4 kokoustila Lakassa (Marjalantie 16, 80140 Joensuu) torstaina 19.3.2026 kello 17.<\/li>\n\n\n\n<li>Kokouksessa k\u00e4sitell\u00e4\u00e4n s\u00e4\u00e4nt\u00f6m\u00e4\u00e4r\u00e4iset asiat ja p\u00e4\u00e4tet\u00e4\u00e4n Perhehoitoliiton mallis\u00e4\u00e4nt\u00f6jen ottamisesta k\u00e4ytt\u00f6\u00f6n.<\/li>\n\n\n\n<li>Toivomme ennakkoilmoittautumista tarjoilun vuoksi 16.3.2026 menness\u00e4 Tuulalle, p. <a href=\"tel:+358400436999\" title=\"\">0400 436 999<\/a> tai <a href=\"mailto:pohjois-karjalan.perhehoitajat@perhehoitoliitto.fi\">pohjois-karjalan.perhehoitajat@perhehoitoliitto.fi<\/a><\/li>\n\n\n\n<li>L\u00e4mpim\u00e4sti tervetuloa!<\/li>\n<\/ul>\n\n\n\n<p><em>Hallitus<\/em><\/p>\n\n<\/div>\n\t\t<\/div>\n\n<div class=\"wp-block-ub-content-toggle-accordion\" style=\"border-color: #f1f1f1; \" id=\"ub-content-toggle-panel-block-3a738071-5c7e-4579-a745-1d92e2ccc6e9\">\n\t\t\t<div class=\"wp-block-ub-content-toggle-accordion-title-wrap\" style=\"background-color: #f1f1f1;\" aria-controls=\"ub-content-toggle-panel-1-42fe62c3-af85-4a89-a135-a6f0ee677016\" tabindex=\"0\">\n\t\t\t<p class=\"wp-block-ub-content-toggle-accordion-title ub-content-toggle-title-42fe62c3-af85-4a89-a135-a6f0ee677016\" style=\"color: #000000; \">Yhdistyksen s\u00e4\u00e4nn\u00f6t<\/p>\n\t\t\t<div class=\"wp-block-ub-content-toggle-accordion-toggle-wrap right\" style=\"color: #000000;\"><span class=\"wp-block-ub-content-toggle-accordion-state-indicator wp-block-ub-chevron-down\"><\/span><\/div>\n\t\t<\/div>\n\t\t\t<div role=\"region\" aria-expanded=\"false\" class=\"wp-block-ub-content-toggle-accordion-content-wrap ub-hide\" id=\"ub-content-toggle-panel-1-42fe62c3-af85-4a89-a135-a6f0ee677016\">\n\n<p>20.03.2018 alkaen<br><br><strong>YLEIST\u00c4<\/strong><\/p>\n\n\n\n<p><strong>1 \u00a7<\/strong><\/p>\n\n\n\n<p>Yhdistyksen nimi on Pohjois-Karjalan Perhehoitajat ry ja kotipaikka on Joensuun kaupunki.<br><\/p>\n\n\n\n<p><strong>2 \u00a7<\/strong><br>Yhdistyksen tarkoituksena on toimia perhehoitajien ja perhehoidossa olevien henkil\u00f6iden puolustajana, edist\u00e4\u00e4 j\u00e4senist\u00f6ns\u00e4 koulutus- ja virkistystoimintaa sek\u00e4 toimia perhehoitajien ja alan yhteis\u00f6jen yhdyssiteen\u00e4.<\/p>\n\n\n\n<p><strong>3 \u00a7<\/strong><br>Tarkoitustaan yhdistys toteuttaa j\u00e4rjest\u00e4m\u00e4ll\u00e4 neuvottelu-, koulutus- ja virkistystoimintaa sek\u00e4 toimittamalla ja kustantamalla alaa koskevaa tiedotusmateriaalia.<\/p>\n\n\n\n<p>Taloutensa tueksi yhdistys j\u00e4rjest\u00e4\u00e4 asianomaisella luvalla yhteis\u00f6tilaisuuksia, rahanker\u00e4yksi\u00e4 ja arpajaisia. Lis\u00e4ksi yhdistys voi ottaa vastaan testamentteja ja lahjoituksia sek\u00e4 omistaa ja hallita kiinte\u00e4\u00e4 omaisuutta sek\u00e4 perustaa rahastoja.<\/p>\n\n\n\n<p><strong>J\u00c4SENET<\/strong><\/p>\n\n\n\n<p><strong>4 \u00a7<\/strong><br>Yhdistyksen varsinaisiksi j\u00e4seniksi voivat liitty\u00e4 kaikki sellaiset hallituksen hyv\u00e4ksym\u00e4t yksityiset henkil\u00f6t, jotka toimivat tai jotka ovat toimineet perhehoitajina tai jotka hyv\u00e4ksyv\u00e4t n\u00e4iden s\u00e4\u00e4nt\u00f6jen 2\u00a7:ss\u00e4 m\u00e4\u00e4ritellyn tarkoituksen sek\u00e4 suorittavat vuosikokouksen kulloinkin erikseen m\u00e4\u00e4r\u00e4\u00e4m\u00e4n j\u00e4senmaksun.<\/p>\n\n\n\n<p>Kannatusj\u00e4seneksi voivat liitty\u00e4 kaikki sellaiset yksityiset henkil\u00f6t tai oikeustoimikelpoiset yhteis\u00f6t, jotka haluavat tukea yhdistyksen toimintaa sek\u00e4 suorittavat vuosikokouksen kulloinkin erikseen m\u00e4\u00e4r\u00e4\u00e4m\u00e4n j\u00e4senmaksun. Kannatusj\u00e4senill\u00e4 ei ole \u00e4\u00e4nioikeutta, mutta kyll\u00e4kin esitys- ja puheoikeus yhdistyksen kokouksissa.<\/p>\n\n\n\n<p><strong>5 \u00a7<\/strong><br>J\u00e4sen voi erota yhdistyksest\u00e4 ilmoittamalla siit\u00e4 kirjallisesti yhdistyksen hallitukselle tai sen puheenjohtajalle tai suullisesti kokouksen p\u00f6yt\u00e4kirjaan.<\/p>\n\n\n\n<p>J\u00e4sen, jonka havaitaan vahingoittaneen yhdistyksen toimintaa, voidaan eroittaa yhdistyksest\u00e4. Asian p\u00e4\u00e4tt\u00e4\u00e4 hallitus, mutta erotetulla on oikeus vedota asiassa yhdistyksen kokoukseen. Vetoomus on osoitettava hallituksen puheenjohtajalle kolmekymmenen (30) p\u00e4iv\u00e4n kuluessa siit\u00e4, kun p\u00e4\u00e4t\u00f6s on l\u00e4hetetty erotetulle.<\/p>\n\n\n\n<p><br>J\u00e4sen, joka j\u00e4tt\u00e4\u00e4 vuosittaisen j\u00e4senmaksun maksamatta, seuraavan vuoden alusta hallitus katsoo j\u00e4senen eronneen yhdistyksest\u00e4.<\/p>\n\n\n\n<p><strong>TOIMIELIMET<br>6 \u00a7<br><\/strong>Yhdistyksen asioita hoitaa vuosikokouksen valitsema hallitus, johon kuuluu puheenjohtaja sek\u00e4 kaksi (2) varsinaista ja kaksi (2) varaj\u00e4sent\u00e4.<\/p>\n\n\n\n<p>Puheenjohtaja valitaan kahdeksi (2) vuodeksi ja hallituksen muut varsinaiset ja varaj\u00e4senet. joista kaksi on vuosittain erovuorossa, kahdeksi vuodeksi kerrallaan. Aluksi erovuoroisuus ratkaistaan arvalla.<\/p>\n\n\n\n<p>Hallitus kokoontuu puheenjohtajan tai h\u00e4nen estyneen\u00e4 ollessaan varapuheenjohtajan kutsusta ja on p\u00e4\u00e4t\u00f6svaltainen, jos l\u00e4sn\u00e4 on puheenjohtaja tai varapuheenjohtaja sek\u00e4 kaksi (2) varsinaista tai heid\u00e4n poissaollessaan kaksi (2) varaj\u00e4sent\u00e4.<\/p>\n\n\n\n<p><strong>7 \u00a7<br><\/strong>Hallituksen teht\u00e4v\u00e4n\u00e4 on:<br>&#8211; valita keskuudestaan vuosittain varapuheenjohtaja<br>&#8211; valita yhdistyksen sihteeri, rahastonhoitaja sek\u00e4 muut tarvittavat toimihenkil\u00f6t ja m\u00e4\u00e4r\u00e4t\u00e4 heid\u00e4n palkkionsa talousarvion puittessa.<br>&#8211; laatia ja valmistella yhdistyksen vuosikokouksen esityslista<br>&#8211; huolehtia yhdistyksen kokousten p\u00e4\u00e4t\u00f6sten toteuttamisesta sek\u00e4<br>&#8211; suortittaa muut hallitukselle annetut teht\u00e4v\u00e4t<\/p>\n\n\n\n<p><strong>8 \u00a7<br><\/strong>Yhdistyksen nimen kirjoittavat puheenjohtaja tai varapuheenjohtaja.<\/p>\n\n\n\n<p><strong>9 \u00a7<br><\/strong>Yhdistyksenkokoukset kutsutaan koolle v\u00e4hint\u00e4\u00e4n nelj\u00e4toista (14) vuorokautta ennen kokousta s\u00e4hk\u00f6isesti s\u00e4hk\u00f6postilla tai tekstiviestill\u00e4 j\u00e4senen ilmoittamaan puhelinnumeroon sek\u00e4 yhdistyksen nettisivuilla.<br><\/p>\n\n\n\n<p>Yhdistyksen kokoukseen voidaan osallistua yhdistyksen kokouksen p\u00e4\u00e4tett\u00e4ess\u00e4 my\u00f6s postitse, taikka tietoliikenneyhteyden tai muun teknisen apuv\u00e4lineen avulla kokouksen aikana tai ennen kokousta.<\/p>\n\n\n\n<p><strong>10 \u00a7<br><\/strong>Yhdistyksen vuosikokous pidet\u00e4\u00e4n maaliskuun loppuun menness\u00e4 ja siin\u00e4 k\u00e4sitell\u00e4\u00e4n seuraavat asiat:<br>1. Valitaan kokouksen puheenjohtaja ja sihteeri<br>2. Valitaan kaksi (2) p\u00f6yt\u00e4kirjan tarkastajaa ja kaksi (2) \u00e4\u00e4nten laskijaa.<br>3. Todetaan kokouksen laillisuus ja p\u00e4\u00e4t\u00f6svaltaisuus.<br>4. Esitet\u00e4\u00e4n toimintakertomus sek\u00e4 tilinp\u00e4\u00e4t\u00f6s.<br>5. Esitet\u00e4\u00e4n toiminnantarkastuskertomus ja toiminnantarkastajan lausunto.<br>6. P\u00e4\u00e4tet\u00e4\u00e4n toimintakertomuksen ja tilinp\u00e4\u00e4t\u00f6ksen vahvistamisesta sek\u00e4 vastuuvapauden my\u00f6nt\u00e4misest\u00e4 tilivelvollisille.<br>7. M\u00e4\u00e4r\u00e4t\u00e4\u00e4n j\u00e4senmaksun suuruus.<br>8. M\u00e4\u00e4r\u00e4t\u00e4\u00e4n hallituksen j\u00e4senten ja toiminnantarkastajan palkkiot.<\/p>\n\n\n\n<p>9. Valitaan hallituksen puheenjohtaja.<br>10. Valitaan muut hallituksen j\u00e4senet s\u00e4\u00e4nt\u00f6jen 6\u00a7:n mukaisesti.<br>11. Valitaan toiminnantarkastaja ja varatoiminnantarkastaja tarkastamaan kuluvan vuoden tilej\u00e4 ja hallintoa.<br>12. Esitet\u00e4\u00e4n kuluvan vuoden toimintasuunnitelma ja talousarvio ja p\u00e4\u00e4tet\u00e4\u00e4n niiden hyv\u00e4ksymisest\u00e4.<br>13. K\u00e4sitell\u00e4\u00e4n muut hallituksen tai yhdistyksen j\u00e4senten esitt\u00e4m\u00e4t asiat kuitenkin ottaen huomioon 14\u00a7 m\u00e4\u00e4ritykset.<\/p>\n\n\n\n<p><strong>11 \u00a7<\/strong><br>Yhdistys voidaan kutsua ylim\u00e4\u00e4r\u00e4iseen kokoukseen, jos hallitus katsoo sen tarpeelliseksi tai jos yksi kymmenesosa (1\/10) j\u00e4senist\u00e4 sit\u00e4 kirjallisesti pyyt\u00e4\u00e4.<\/p>\n\n\n\n<p><strong>ERIN\u00c4ISI\u00c4 M\u00c4\u00c4R\u00c4YKSI\u00c4<br>12 \u00a7<br><\/strong>Yhdistyksen tilit p\u00e4\u00e4tet\u00e4\u00e4n kalenterivuosittain ja ne on annettava toiminnantarkastajalle tammikuun loppuun menness\u00e4. Toiminnantarkastajan tulee ennen helmikuun loppua antaa hallitukselle lausunto tilien ja hallinnon tarkastuksesta.<\/p>\n\n\n\n<p><strong>13 \u00a7<br><\/strong>N\u00e4iden s\u00e4\u00e4nt\u00f6jen muuttamisesta voidaan p\u00e4\u00e4tt\u00e4\u00e4 yhdistyksen kokouksessa v\u00e4hint\u00e4\u00e4n kolmenelj\u00e4sosan (3\/4) enemist\u00f6ll\u00e4 annetuista \u00e4\u00e4nist\u00e4.<\/p>\n\n\n\n<p><strong>14 \u00a7<br><\/strong>Yhdistyksen purkautuessa on sen varat luovutettava Perhehoitoliitto ry:lle.<\/p>\n\n\n\n<p><strong>15 \u00a7<br><\/strong>Muissa kohdissa noudatetaan voimassa olevan yhdistyslain m\u00e4\u00e4r\u00e4yksi\u00e4.<\/p>\n\n<\/div>\n\t\t<\/div>\n<\/div>","protected":false},"excerpt":{"rendered":"","protected":false},"author":3,"featured_media":0,"parent":0,"menu_order":0,"comment_status":"closed","ping_status":"closed","template":"","meta":{"_acf_changed":false,"footnotes":""},"class_list":["post-97","page","type-page","status-publish","hentry"],"acf":[],"aioseo_notices":[],"featured_image_src":null,"_links":{"self":[{"href":"https:\/\/perhehoitoliitto.fi\/pohjois-karjalan-perhehoitajat\/wp-json\/wp\/v2\/pages\/97","targetHints":{"allow":["GET"]}}],"collection":[{"href":"https:\/\/perhehoitoliitto.fi\/pohjois-karjalan-perhehoitajat\/wp-json\/wp\/v2\/pages"}],"about":[{"href":"https:\/\/perhehoitoliitto.fi\/pohjois-karjalan-perhehoitajat\/wp-json\/wp\/v2\/types\/page"}],"author":[{"embeddable":true,"href":"https:\/\/perhehoitoliitto.fi\/pohjois-karjalan-perhehoitajat\/wp-json\/wp\/v2\/users\/3"}],"replies":[{"embeddable":true,"href":"https:\/\/perhehoitoliitto.fi\/pohjois-karjalan-perhehoitajat\/wp-json\/wp\/v2\/comments?post=97"}],"version-history":[{"count":9,"href":"https:\/\/perhehoitoliitto.fi\/pohjois-karjalan-perhehoitajat\/wp-json\/wp\/v2\/pages\/97\/revisions"}],"predecessor-version":[{"id":169,"href":"https:\/\/perhehoitoliitto.fi\/pohjois-karjalan-perhehoitajat\/wp-json\/wp\/v2\/pages\/97\/revisions\/169"}],"wp:attachment":[{"href":"https:\/\/perhehoitoliitto.fi\/pohjois-karjalan-perhehoitajat\/wp-json\/wp\/v2\/media?parent=97"}],"curies":[{"name":"wp","href":"https:\/\/api.w.org\/{rel}","templated":true}]}}