{"id":100,"date":"2024-02-28T11:37:23","date_gmt":"2024-02-28T09:37:23","guid":{"rendered":"https:\/\/perhehoitoliitto.fi\/pohjois-pohjanmaan-perhehoitajat\/?page_id=100"},"modified":"2025-04-25T13:34:45","modified_gmt":"2025-04-25T10:34:45","slug":"yhteystiedot","status":"publish","type":"page","link":"https:\/\/perhehoitoliitto.fi\/pohjois-pohjanmaan-perhehoitajat\/yhteystiedot\/","title":{"rendered":"Yhteystiedot"},"content":{"rendered":"\n<p><strong>Pohjois-Pohjanmaan Perhehoitajat ry<\/strong><\/p>\n\n\n\n<ul class=\"wp-block-list\">\n<li>s\u00e4hk\u00f6posti: <a href=\"mailto:ossvry@gmail.com\">ossvry@gmail.com<\/a><\/li>\n\n\n\n<li>Pj. Marja L\u00e4hde, p. <a href=\"tel:+358447441807\" title=\"\">044 744 1807<\/a>, <a href=\"mailto:lahdemarja@gmail.com\">lahdemarja@gmail.com<\/a><\/li>\n\n\n\n<li>Siht. Anne-Maria Takkula, p. <a href=\"tel:+358445628000\" title=\"\">044 562 8000<\/a>, <a href=\"mailto:anne-maria.takkula@autalasta.fi\" title=\"\">anne-maria.takkula@autalasta.fi<\/a><\/li>\n\n\n\n<li>Tiedottaja: Annu Lahtinen, <a href=\"tel:+3584009319188\" title=\"\">0409319188<\/a>, <a href=\"mailto:anna.maria.lahtinen@gmail.com\">annu.lahtinen@gmail.com<\/a> <\/li>\n<\/ul>\n\n\n<div class=\"wp-block-ub-content-toggle wp-block-ub-content-toggle-block\" id=\"ub-content-toggle-block-b0798696-24e4-4427-9e09-c80ce7f52b7a\" data-mobilecollapse=\"true\" data-desktopcollapse=\"true\" data-preventcollapse=\"false\" data-showonlyone=\"false\">\n<div class=\"wp-block-ub-content-toggle-accordion\" style=\"border-color: #f1f1f1; \" id=\"ub-content-toggle-panel-block-4f0d2fb9-4c11-42cd-84be-f3eed0e0a629\">\n\t\t\t<div class=\"wp-block-ub-content-toggle-accordion-title-wrap\" style=\"background-color: #f1f1f1;\" aria-controls=\"ub-content-toggle-panel-0-b0798696-24e4-4427-9e09-c80ce7f52b7a\" tabindex=\"0\">\n\t\t\t<p class=\"wp-block-ub-content-toggle-accordion-title ub-content-toggle-title-b0798696-24e4-4427-9e09-c80ce7f52b7a\" style=\"color: #000000; \">Vertaisasiantuntijat ja mentorit<\/p>\n\t\t\t<div class=\"wp-block-ub-content-toggle-accordion-toggle-wrap right\" style=\"color: #000000;\"><span class=\"wp-block-ub-content-toggle-accordion-state-indicator wp-block-ub-chevron-down\"><\/span><\/div>\n\t\t<\/div>\n\t\t\t<div role=\"region\" aria-expanded=\"false\" class=\"wp-block-ub-content-toggle-accordion-content-wrap ub-hide\" id=\"ub-content-toggle-panel-0-b0798696-24e4-4427-9e09-c80ce7f52b7a\">\n\n<p><strong>Maiju Yrj\u00e4n\u00e4<\/strong>, p. <a href=\"tel:+358407409511\" title=\"\">040 7409511<\/a><\/p>\n\n\n\n<ul class=\"wp-block-list\">\n<li>Ik\u00e4ihmisten perhehoito, lyhytkestoinen perhehoito<\/li>\n<\/ul>\n\n\n\n<p><strong>Marjo Kreivi, <\/strong>puh. <a href=\"tel:+358400872818\" title=\"\">0400 872 818<\/a>, <a href=\"mailto:marjokreivi@gmail.com\">marjokreivi@gmail.com<\/a><\/p>\n\n\n\n<ul class=\"wp-block-list\">\n<li>Vertaisasiantuntija toimeksiantosopimusta koskevissa asioissa<\/li>\n<\/ul>\n\n<\/div>\n\t\t<\/div>\n<\/div>\n\n<div class=\"wp-block-ub-content-toggle wp-block-ub-content-toggle-block\" id=\"ub-content-toggle-block-41291fda-f86a-41cd-bcec-a5bee7a9790f\" data-mobilecollapse=\"true\" data-desktopcollapse=\"true\" data-preventcollapse=\"false\" data-showonlyone=\"false\">\n<div class=\"wp-block-ub-content-toggle-accordion\" style=\"border-color: #f1f1f1; \" id=\"ub-content-toggle-panel-block-f63dead8-75a7-4fb7-88c7-97c9acf9b615\">\n\t\t\t<div class=\"wp-block-ub-content-toggle-accordion-title-wrap\" style=\"background-color: #f1f1f1;\" aria-controls=\"ub-content-toggle-panel-0-41291fda-f86a-41cd-bcec-a5bee7a9790f\" tabindex=\"0\">\n\t\t\t<p class=\"wp-block-ub-content-toggle-accordion-title ub-content-toggle-title-41291fda-f86a-41cd-bcec-a5bee7a9790f\" style=\"color: #000000; \">Yhdistyksen tietosuojaseloste<\/p>\n\t\t\t<div class=\"wp-block-ub-content-toggle-accordion-toggle-wrap right\" style=\"color: #000000;\"><span class=\"wp-block-ub-content-toggle-accordion-state-indicator wp-block-ub-chevron-down\"><\/span><\/div>\n\t\t<\/div>\n\t\t\t<div role=\"region\" aria-expanded=\"false\" class=\"wp-block-ub-content-toggle-accordion-content-wrap ub-hide\" id=\"ub-content-toggle-panel-0-41291fda-f86a-41cd-bcec-a5bee7a9790f\">\n\n<figure class=\"wp-block-table\"><table><tbody><tr><td>\u00a0<\/td><td>TIETOSUOJASELOSTE<br>&#8211; yhdistetty rekisteriseloste ja informointiasiakirja<br>Henkil\u00f6tietolaki (523\/99) 10 ja 24 \u00a7<br>Laatimispvm: 21.11.2022<\/td><\/tr><tr><td>1. Rekisterinpit\u00e4j\u00e4<\/td><td>Yhdistys: Pohjois-Pohjanmaan Perhehoitajat Ry\u00a0<br>S\u00e4hk\u00f6posti: ossvry@gmail.com<\/td><\/tr><tr><td>2. Rekisteriasioista vastaava henkil\u00f6 ja\/tai yhteyshenkil\u00f6<\/td><td>Tanja Hyv\u00f6nen\u00a0<br>Puhelin: 0400 279136<br>S\u00e4hk\u00f6posti: tanjakristiina.hyvonen@gmail.com<\/td><\/tr><tr><td>3. Rekisterin nimi<\/td><td>J\u00e4senrekisteri<\/td><\/tr><tr><td>4. Henkil\u00f6tietojen k\u00e4sittelyn tarkoitus \/ rekisterin k\u00e4ytt\u00f6tarkoitus ja henkil\u00f6tietojen s\u00e4ilytysaika.<\/td><td>Henkil\u00f6tietojen k\u00e4sittelyn perusteena on yhdistyksen oikeutettu etu yhdistyksen j\u00e4senyyden perusteella (yhdistyslaki).<br>Yhdistyslaissa luetellaan tiedot, jotka yhdistyksen tulee ilmoittaa j\u00e4senrekisteriin merkitt\u00e4viksi. J\u00e4senist\u00e4 pidet\u00e4\u00e4n j\u00e4senluetteloa.\u00a0<br>Lis\u00e4ksi henkil\u00f6tietoja k\u00e4sitell\u00e4\u00e4n tiedotustoiminnassa, kuten j\u00e4sentiedotteet, yhdistyksen itsens\u00e4 tai yhteisty\u00f6ss\u00e4 muiden toimijoiden kanssa j\u00e4rjest\u00e4m\u00e4t tapahtumat ja koulutukset. Tapahtumista ja koulutuksista kootaan osallistujalistoja sek\u00e4 muita tapahtuman j\u00e4rjest\u00e4miseen tarvittavia tietoja.\u00a0<br>S\u00e4ilyt\u00e4mme henkil\u00f6tietoja niin kauan kuin henkil\u00f6tiedon k\u00e4ytt\u00f6tarkoituksen vuoksi on tarpeellista. Tapahtumien ja koulutusten osallistujalistoja s\u00e4ilytet\u00e4\u00e4n niiden j\u00e4rjestelyjen vaatiman ajan, kuitenkin enint\u00e4\u00e4n 12 kuukauden ajan (tapahtuman\/koulutuksen k\u00e4yt\u00e4nn\u00f6n j\u00e4rjestelyit\u00e4 varten ja tapahtumaan liittyv\u00e4\u00e4n yhteydenpitoon, esim. palautekyselyihin sek\u00e4 esitysmateriaalien ja linkkien jakamiseen, laskutusta varten).\u00a0\u00a0<\/td><\/tr><tr><td>5. Rekisterin tietosis\u00e4lt\u00f6<\/td><td>K\u00e4sittelemme j\u00e4senrekisterin yhteydess\u00e4 seuraavia j\u00e4senen henkil\u00f6tietoja:<br>J\u00e4senen perustiedot: t\u00e4ydellinen nimi, syntym\u00e4aika<br>J\u00e4senen kotipaikka<br>J\u00e4senen yhteystiedot: postiosoite, puhelinnumero, s\u00e4hk\u00f6postiosoite<br>Perhehoidon muoto (lasten, vammaisten henkil\u00f6iden, ik\u00e4ihmisten perhehoitaja)<br>J\u00e4senyyden alkamisajankohta<\/td><\/tr><tr><td>6. Mist\u00e4 tiedot saadaan?<\/td><td>Yhdistyksemme saa tiedot henkil\u00f6lt\u00e4 itselt\u00e4\u00e4n h\u00e4nen liittyess\u00e4\u00e4n yhdistyksen j\u00e4seneksi.<\/td><\/tr><tr><td>7. Tietojen s\u00e4\u00e4nn\u00f6nmukaiset luovutukset.<\/td><td>Luovutamme henkil\u00f6tiedot Perhehoitoliitto ry:lle, joka hoitaa j\u00e4senlaskutuksen (tietojen k\u00e4sittely) ja yll\u00e4pit\u00e4\u00e4 lehtirekisteri\u00e4, jonka perusteella j\u00e4senet saavat j\u00e4senetuna Perhehoito -lehden. Perhehoitoliitolla on k\u00e4sittelysopimuFlo Apps Oy:n kanssa, jonka tuotealustaa ko. rekistereiden tallentamisessa ja k\u00e4yt\u00f6ss\u00e4 k\u00e4ytet\u00e4\u00e4n.\u00a0<br>Rajoitettu m\u00e4\u00e4r\u00e4 tietoja voidaan luovuttaa kolmannelle osapuolelle, esimerkiksi nimitietojen ilmoittaminen hotellin tai muun majoituksen j\u00e4rjest\u00e4j\u00e4lle majoitusvarausten hoitamista varten. Ylim\u00e4\u00e4r\u00e4isi\u00e4, asioiden hoitoon liittym\u00e4tt\u00f6mi\u00e4 tietoja ei v\u00e4litet\u00e4 n\u00e4iss\u00e4 yhteyksiss\u00e4.\u00a0<br>Tietoja ei luovuteta muihin k\u00e4ytt\u00f6tarkoituksiin ilman henkil\u00f6n erillist\u00e4 suostumusta.<\/td><\/tr><tr><td>8. Tietojen siirto Eu:n tai Etan ulkopuolelle<\/td><td>J\u00e4senrekisteriin tallennetut henkil\u00f6tiedot s\u00e4ilytet\u00e4\u00e4n<br>s\u00e4hk\u00f6isess\u00e4 muodossa Perhehoitoliiton yll\u00e4pit\u00e4m\u00e4ss\u00e4 j\u00e4senrekisteriss\u00e4, joka on tallennettu Flo Apps Oy:n FloMembers tietokantaan. Teknisist\u00e4 syist\u00e4 osa j\u00e4senrekisterin j\u00e4senille l\u00e4hetett\u00e4vist\u00e4 s\u00e4hk\u00f6posteista reititet\u00e4\u00e4n ETA-alueen ulkopuolista s\u00e4hk\u00f6postipalvelinta k\u00e4ytt\u00e4en. Palvelin sijaitsee<br>Yhdysvalloissa. Teknisen palvelun toimittaja on arvioinut siirrosta aiheutuvan riskin.<\/td><\/tr><tr><td>9. Rekisterin suojauksen periaatteet<\/td><td>Henkil\u00f6tietoja k\u00e4sittelev\u00e4t yhdistyksen j\u00e4sensihteeri, hallituksen puheenjohtaja ja sihteeri sek\u00e4 tarvittaessa tapahtumien ja koulutusten vastuuhenkil\u00f6t.<br>J\u00e4senrekisterin henkil\u00f6tiedot s\u00e4ilytet\u00e4\u00e4n s\u00e4hk\u00f6isess\u00e4 muodossa Perhehoitoliiton yll\u00e4pit\u00e4m\u00e4ss\u00e4 j\u00e4senrekisteriss\u00e4, joka on<br>tallennettu Flo Apps Oy:n FloMembers tietokantaan. Flo Apps Oy on suojannut tiedot asianmukaisesti. S\u00e4hk\u00f6isess\u00e4 muodossa olevaan aineistoon p\u00e4\u00e4sy on rajattu j\u00e4sensihteerille henkil\u00f6kohtaisia k\u00e4ytt\u00f6oikeuksia, k\u00e4ytt\u00e4j\u00e4tunnuksia ja salasanoja k\u00e4ytt\u00e4en.<br>Manuaalinen aineisto s\u00e4ilytet\u00e4\u00e4n lukituissa tiloissa j\u00e4sensihteerin ja\/tai puheenjohtajan kotona.<br>Huolehdimme, ettei rekister\u00f6idyist\u00e4 s\u00e4ilytet\u00e4 rekisteriss\u00e4 k\u00e4sittelyn tarkoituksiin n\u00e4hden yhteensopimattomia, vanhentuneita tai virheellisi\u00e4 henkil\u00f6tietoja. Oikaisemme tai h\u00e4vit\u00e4mme t\u00e4llaiset tiedot viipym\u00e4tt\u00e4.<\/td><\/tr><tr><td>10. Tarkastusoikeus ja oikeus vaatia tiedon korjaamista tai poistoa<\/td><td>Rekister\u00f6idyll\u00e4 henkil\u00f6ll\u00e4 on oikeus tarkastaa itse\u00e4 koskevat henkil\u00f6rekisteriin tallennetut tiedot ja vaatia virheellisen tiedon korjaamista tai poistamista, mik\u00e4li sille on lailliset perusteet. Rekister\u00f6idyll\u00e4 on my\u00f6s oikeus peruuttaa suostumus tai muuttaa sit\u00e4.<br>Rekister\u00f6idyll\u00e4 henkil\u00f6ll\u00e4 on tietosuoja-asetuksen mukaisesti oikeus vastustaa tai pyyt\u00e4\u00e4 tietojen k\u00e4sittelyn rajoittamista sek\u00e4 tehd\u00e4 valitus henkil\u00f6tietojen k\u00e4sittelyst\u00e4 valvontaviranomaiselle.<br>Erityisist\u00e4 henkil\u00f6kohtaisista syist\u00e4 on oikeus my\u00f6s vastustaa itseen kohdistuvaa profilointia ja muita k\u00e4sittelytoimia. Vaatimuksen yhteydess\u00e4 rekister\u00f6idyn tulee yksil\u00f6id\u00e4 se erityinen tilanne, johon perustuen h\u00e4n vastustaa k\u00e4sittely\u00e4. Yhdistys voi kielt\u00e4yty\u00e4 toteuttamasta vastustamista koskevaa pyynt\u00f6\u00e4 ainoastaan laissa s\u00e4\u00e4detyin perustein.<br>Tarkastuspyynt\u00f6 tai tietojen korjaus-\/poistopyynt\u00f6 tulee tehd\u00e4 kirjallisesti omak\u00e4tisesti allekirjoitetulla kirjeell\u00e4 tai henkil\u00f6kohtaisesti rekisterinpit\u00e4j\u00e4n luona.<br>Kirje osoitetaan osoitteeseen: Kysy osoitteesta ossvry@gmail.com\u00a0<br>Henkil\u00f6kohtaisesta tapaamisesta on sovittava etuk\u00e4teen, yhteydenottopyynt\u00f6 voidaan tehd\u00e4 s\u00e4hk\u00f6postitse osoitteeseen: ossvry@gmail.com<br><br><\/td><\/tr><tr><td>10. Tietosuojaselosteen muutokset<\/td><td>Mik\u00e4li muutamme t\u00e4t\u00e4 selostetta, laitamme muutokset n\u00e4kyville selosteeseen p\u00e4iv\u00e4ttyin\u00e4. Mik\u00e4li muutokset ovat merkitt\u00e4vi\u00e4, voimme informoida n\u00e4ist\u00e4 my\u00f6s muulla tavoin, kuten s\u00e4hk\u00f6postitse tai laittamalla sivuillemme asiasta ilmoituksen.<\/td><\/tr><tr><td>11. Muut henkil\u00f6tietojen k\u00e4sittelyyn liittyv\u00e4t oikeudet<\/td><td>\u00a0<\/td><\/tr><\/tbody><\/table><\/figure>\n\n<\/div>\n\t\t<\/div>\n<\/div>","protected":false},"excerpt":{"rendered":"<p>Pohjois-Pohjanmaan Perhehoitajat ry<\/p>\n","protected":false},"author":3,"featured_media":0,"parent":0,"menu_order":0,"comment_status":"closed","ping_status":"closed","template":"","meta":{"_acf_changed":false,"footnotes":""},"class_list":["post-100","page","type-page","status-publish","hentry"],"acf":[],"aioseo_notices":[],"featured_image_src":null,"_links":{"self":[{"href":"https:\/\/perhehoitoliitto.fi\/pohjois-pohjanmaan-perhehoitajat\/wp-json\/wp\/v2\/pages\/100","targetHints":{"allow":["GET"]}}],"collection":[{"href":"https:\/\/perhehoitoliitto.fi\/pohjois-pohjanmaan-perhehoitajat\/wp-json\/wp\/v2\/pages"}],"about":[{"href":"https:\/\/perhehoitoliitto.fi\/pohjois-pohjanmaan-perhehoitajat\/wp-json\/wp\/v2\/types\/page"}],"author":[{"embeddable":true,"href":"https:\/\/perhehoitoliitto.fi\/pohjois-pohjanmaan-perhehoitajat\/wp-json\/wp\/v2\/users\/3"}],"replies":[{"embeddable":true,"href":"https:\/\/perhehoitoliitto.fi\/pohjois-pohjanmaan-perhehoitajat\/wp-json\/wp\/v2\/comments?post=100"}],"version-history":[{"count":15,"href":"https:\/\/perhehoitoliitto.fi\/pohjois-pohjanmaan-perhehoitajat\/wp-json\/wp\/v2\/pages\/100\/revisions"}],"predecessor-version":[{"id":181,"href":"https:\/\/perhehoitoliitto.fi\/pohjois-pohjanmaan-perhehoitajat\/wp-json\/wp\/v2\/pages\/100\/revisions\/181"}],"wp:attachment":[{"href":"https:\/\/perhehoitoliitto.fi\/pohjois-pohjanmaan-perhehoitajat\/wp-json\/wp\/v2\/media?parent=100"}],"curies":[{"name":"wp","href":"https:\/\/api.w.org\/{rel}","templated":true}]}}