{"id":109,"date":"2024-02-28T11:57:19","date_gmt":"2024-02-28T09:57:19","guid":{"rendered":"https:\/\/perhehoitoliitto.fi\/pohjois-pohjanmaan-perhehoitajat\/?page_id=109"},"modified":"2024-06-18T11:50:22","modified_gmt":"2024-06-18T08:50:22","slug":"liity-jaseneksi","status":"publish","type":"page","link":"https:\/\/perhehoitoliitto.fi\/pohjois-pohjanmaan-perhehoitajat\/liity-jaseneksi\/","title":{"rendered":"Liity j\u00e4seneksi"},"content":{"rendered":"\n<p>Tervetuloa Pohjois-Pohjanmaan Perhehoitajat ry:n j\u00e4seneksi! Yhdistys on pohjoispohjanmaalaisten perhehoitajien yhdistys. Yhdistys kuuluu muiden alueellisten perhehoitajayhdistysten kanssa valtakunnalliseen Perhehoitoliittoon.<\/p>\n\n\n\n<h2 class=\"wp-block-heading\">Yhdistyksen tarjoamia etuja<\/h2>\n\n\n\n<ul class=\"wp-block-list\">\n<li>Yhdistys tarjoaa Perhehoito-lehden 4 kertaa vuodessa<\/li>\n\n\n\n<li>Yhdistys toteuttaa retki\u00e4 ja tapahtumia koko perheelle<\/li>\n\n\n\n<li>Yhdistys tarjoaa maksuttomia vertaistapahtumia perhehoitajille<\/li>\n\n\n\n<li>Yhdistyksen j\u00e4senet saavat tietoa tuetuista lomista<\/li>\n\n\n\n<li>Yhdistyksen j\u00e4senet saavat tietoa perhehoitajuuteen liittyvist\u00e4 asioista yhdistyksen s\u00e4hk\u00f6postilistan kautta<\/li>\n\n\n\n<li>Yhdistyksen j\u00e4senet saavat tietoa koulutuksiin osallistumisista<\/li>\n\n\n\n<li>Yhdistyksen j\u00e4sen voi lainata perhehoitajuuteen liittyvi\u00e4 kirjoja yhdistykselt\u00e4<\/li>\n\n\n\n<li>Yhdistyksen j\u00e4sen voi osallistua yhdistyksen vuosikokouksiin ja vaikuttaa yhdistyksen hallitusvalintoihin ja tulevan vuoden suunnitelmiin<\/li>\n\n\n\n<li>Yhdistyksen j\u00e4sen voi vaikuttaa yhdistyksen asioihin vuoden aikana tulemalla valituksi yhdistyksen hallitukseen<\/li>\n<\/ul>\n\n\n\n<p><strong>Yhdistyksen j\u00e4senmaksu on 25 \u20ac\/j\u00e4sen\/vuosi.<\/strong><\/p>\n\n\n\n<div class=\"wp-block-buttons is-layout-flex wp-block-buttons-is-layout-flex\">\n<div class=\"wp-block-button\"><a class=\"wp-block-button__link wp-element-button\" href=\"https:\/\/atom.flomembers.com\/pohjois-pohjanmaan-perhehoitajat\/members\/application?_lang=fi\">T\u00e4yt\u00e4 j\u00e4senhakemus<\/a><\/div>\n<\/div>\n","protected":false},"excerpt":{"rendered":"<p>Tervetuloa Pohjois-Pohjanmaan Perhehoitajat ry:n j\u00e4seneksi! Yhdistys on pohjoispohjanmaalaisten perhehoitajien yhdistys. Yhdistys kuuluu muiden alueellisten perhehoitajayhdistysten kanssa valtakunnalliseen Perhehoitoliittoon. Yhdistyksen tarjoamia&#8230;<\/p>\n","protected":false},"author":3,"featured_media":0,"parent":0,"menu_order":0,"comment_status":"closed","ping_status":"closed","template":"","meta":{"_acf_changed":false,"footnotes":""},"class_list":["post-109","page","type-page","status-publish","hentry"],"acf":[],"aioseo_notices":[],"featured_image_src":null,"_links":{"self":[{"href":"https:\/\/perhehoitoliitto.fi\/pohjois-pohjanmaan-perhehoitajat\/wp-json\/wp\/v2\/pages\/109","targetHints":{"allow":["GET"]}}],"collection":[{"href":"https:\/\/perhehoitoliitto.fi\/pohjois-pohjanmaan-perhehoitajat\/wp-json\/wp\/v2\/pages"}],"about":[{"href":"https:\/\/perhehoitoliitto.fi\/pohjois-pohjanmaan-perhehoitajat\/wp-json\/wp\/v2\/types\/page"}],"author":[{"embeddable":true,"href":"https:\/\/perhehoitoliitto.fi\/pohjois-pohjanmaan-perhehoitajat\/wp-json\/wp\/v2\/users\/3"}],"replies":[{"embeddable":true,"href":"https:\/\/perhehoitoliitto.fi\/pohjois-pohjanmaan-perhehoitajat\/wp-json\/wp\/v2\/comments?post=109"}],"version-history":[{"count":6,"href":"https:\/\/perhehoitoliitto.fi\/pohjois-pohjanmaan-perhehoitajat\/wp-json\/wp\/v2\/pages\/109\/revisions"}],"predecessor-version":[{"id":142,"href":"https:\/\/perhehoitoliitto.fi\/pohjois-pohjanmaan-perhehoitajat\/wp-json\/wp\/v2\/pages\/109\/revisions\/142"}],"wp:attachment":[{"href":"https:\/\/perhehoitoliitto.fi\/pohjois-pohjanmaan-perhehoitajat\/wp-json\/wp\/v2\/media?parent=109"}],"curies":[{"name":"wp","href":"https:\/\/api.w.org\/{rel}","templated":true}]}}