{"id":2,"date":"2024-01-23T15:53:19","date_gmt":"2024-01-23T13:53:19","guid":{"rendered":"https:\/\/perhehoitoliitto.fi\/pohjois-pohjanmaan-perhehoitajat\/?page_id=2"},"modified":"2025-04-25T13:55:14","modified_gmt":"2025-04-25T10:55:14","slug":"esimerkkisivu","status":"publish","type":"page","link":"https:\/\/perhehoitoliitto.fi\/pohjois-pohjanmaan-perhehoitajat\/","title":{"rendered":"Pohjois-Pohjanmaan Perhehoitajat ry"},"content":{"rendered":"\n<p>Yhdistyksen tarkoituksena on toimia perhehoitajien ja muiden sijaishuoltoa tuottavien tahojen sek\u00e4 perhe- ja muuhun sijaishoitoon sijoitettujen aseman kehitt\u00e4j\u00e4n\u00e4 ja oikeuksien puolustajana, yll\u00e4pit\u00e4\u00e4 yhteyksi\u00e4 viranomaisiin ja p\u00e4\u00e4t\u00f6ksentekij\u00f6ihin, edist\u00e4\u00e4 j\u00e4senist\u00f6ns\u00e4 koulutus- ja virkistystoimintaa, tukea yhdistyksen j\u00e4seni\u00e4 aatteellisesti heid\u00e4n ty\u00f6ss\u00e4\u00e4n sek\u00e4 toimia yhdistyksen j\u00e4senist\u00f6n ja alan muiden toimijoiden sek\u00e4 yhteis\u00f6jen yhdyssiteen\u00e4. Yhdistys on uskonnollisesti ja poliittisesti riippumaton.<\/p>\n\n\n\n<p>Tarkoitustaan yhdistys toteuttaa j\u00e4rjest\u00e4m\u00e4ll\u00e4 neuvottelu-, koulutus- ja virkistystoimintaa sek\u00e4 toimittamalla ja kustantamalla alaa koskevaa tiedotusmateriaalia. Yhdistys harjoittaa tarkoitukseensa liittyv\u00e4\u00e4 julkaisu- ja tiedotustoimintaa sek\u00e4 ryhtyy yhdistyksen tarkoitusta palveleviin muihinkin edell\u00e4 mainitun kaltaisiin toimenpiteisiin. <\/p>\n\n\n\n<p>Taloutensa tueksi yhdistys j\u00e4rjest\u00e4\u00e4 asianomaisella luvalla konsertteja, n\u00e4yttelyit\u00e4, iltamia, naamiaisia, myyj\u00e4isi\u00e4, huutokauppoja tai muita vastaavia yleis\u00f6tilaisuuksia, rahanker\u00e4yksi\u00e4 ja arpajaisia. Lis\u00e4ksi yhdistys voi ottaa vastaan lahjoituksia, j\u00e4lkis\u00e4\u00e4d\u00f6ksi\u00e4, omistaa ja hallita kiinte\u00e4\u00e4 omaisuutta sek\u00e4 perustaa rahastoja. N\u00e4iden suhteen toimitaan Suomen laissa s\u00e4\u00e4detyll\u00e4 tavalla.<\/p>\n\n\n\n<div class=\"wp-block-buttons is-content-justification-center is-layout-flex wp-container-core-buttons-is-layout-16018d1d wp-block-buttons-is-layout-flex\">\n<div class=\"wp-block-button\"><a class=\"wp-block-button__link wp-element-button\" href=\"https:\/\/perhehoitoliitto.fi\/pohjois-pohjanmaan-perhehoitajat\/toimintamme\/\">Toimintamme<\/a><\/div>\n\n\n\n<div class=\"wp-block-button\"><a class=\"wp-block-button__link has-text-align-center wp-element-button\" href=\"https:\/\/perhehoitoliitto.fi\/pohjois-pohjanmaan-perhehoitajat\/liity-jaseneksi\/\">Liity j\u00e4seneksi<\/a><\/div>\n\n\n\n<div class=\"wp-block-button\"><a class=\"wp-block-button__link has-text-align-center wp-element-button\" href=\"https:\/\/perhehoitoliitto.fi\/pohjois-pohjanmaan-perhehoitajat\/yhteystiedot\/\">Yhteystiedot<\/a><\/div>\n<\/div>\n","protected":false},"excerpt":{"rendered":"<p>Yhdistyksen tarkoituksena on toimia perhehoitajien ja muiden sijaishuoltoa tuottavien tahojen sek\u00e4 perhe- ja muuhun sijaishoitoon sijoitettujen aseman kehitt\u00e4j\u00e4n\u00e4 ja oikeuksien&#8230;<\/p>\n","protected":false},"author":1,"featured_media":149,"parent":0,"menu_order":0,"comment_status":"closed","ping_status":"open","template":"","meta":{"_acf_changed":false,"footnotes":""},"class_list":["post-2","page","type-page","status-publish","has-post-thumbnail","hentry"],"acf":[],"aioseo_notices":[],"featured_image_src":"https:\/\/perhehoitoliitto.fi\/pohjois-pohjanmaan-perhehoitajat\/wp-content\/uploads\/sites\/19\/2024\/06\/taustakuva_puussa2.jpg","_links":{"self":[{"href":"https:\/\/perhehoitoliitto.fi\/pohjois-pohjanmaan-perhehoitajat\/wp-json\/wp\/v2\/pages\/2","targetHints":{"allow":["GET"]}}],"collection":[{"href":"https:\/\/perhehoitoliitto.fi\/pohjois-pohjanmaan-perhehoitajat\/wp-json\/wp\/v2\/pages"}],"about":[{"href":"https:\/\/perhehoitoliitto.fi\/pohjois-pohjanmaan-perhehoitajat\/wp-json\/wp\/v2\/types\/page"}],"author":[{"embeddable":true,"href":"https:\/\/perhehoitoliitto.fi\/pohjois-pohjanmaan-perhehoitajat\/wp-json\/wp\/v2\/users\/1"}],"replies":[{"embeddable":true,"href":"https:\/\/perhehoitoliitto.fi\/pohjois-pohjanmaan-perhehoitajat\/wp-json\/wp\/v2\/comments?post=2"}],"version-history":[{"count":37,"href":"https:\/\/perhehoitoliitto.fi\/pohjois-pohjanmaan-perhehoitajat\/wp-json\/wp\/v2\/pages\/2\/revisions"}],"predecessor-version":[{"id":196,"href":"https:\/\/perhehoitoliitto.fi\/pohjois-pohjanmaan-perhehoitajat\/wp-json\/wp\/v2\/pages\/2\/revisions\/196"}],"wp:featuredmedia":[{"embeddable":true,"href":"https:\/\/perhehoitoliitto.fi\/pohjois-pohjanmaan-perhehoitajat\/wp-json\/wp\/v2\/media\/149"}],"wp:attachment":[{"href":"https:\/\/perhehoitoliitto.fi\/pohjois-pohjanmaan-perhehoitajat\/wp-json\/wp\/v2\/media?parent=2"}],"curies":[{"name":"wp","href":"https:\/\/api.w.org\/{rel}","templated":true}]}}