{"id":97,"date":"2024-02-28T11:30:24","date_gmt":"2024-02-28T09:30:24","guid":{"rendered":"https:\/\/perhehoitoliitto.fi\/pohjois-pohjanmaan-perhehoitajat\/?page_id=97"},"modified":"2026-04-18T22:42:21","modified_gmt":"2026-04-18T19:42:21","slug":"toimintamme","status":"publish","type":"page","link":"https:\/\/perhehoitoliitto.fi\/pohjois-pohjanmaan-perhehoitajat\/toimintamme\/","title":{"rendered":"Toimintamme"},"content":{"rendered":"\n<p>Yhdistys j\u00e4rjest\u00e4\u00e4 aktiivisesti retki\u00e4 ja muita tapahtumia. Ne on p\u00e4\u00e4s\u00e4\u00e4nt\u00f6isesti tarkoitettu kaikkien perhehoitomuotojen perhehoitoperheille. L\u00e4ht\u00f6kohtana on se, ett\u00e4 retket ja tapahtumat ovat perhehoitoperheille joko kokonaan kustannuksettomia tai kustannukset ovat perhehoitoperheille hyvin v\u00e4h\u00e4isi\u00e4. Perinteisesti retki\u00e4 ja muita tapahtumia on j\u00e4rjestetty 4:st\u00e4 6: teen vuosittain, joista yksi on ollut yhdistyksen pikkujoulutapahtuma, jonka yhteydess\u00e4 j\u00e4rjestet\u00e4\u00e4n my\u00f6s yhdistyksen syyskokous.\u00a0 Hallitus tarkentaa tapahtumasuunnittelua alkuvuoden aikana.<\/p>\n\n\n\n<p>Yhdistyksen j\u00e4senilleen j\u00e4rjest\u00e4m\u00e4n toiminnan kulmakivi\u00e4 ovat erilaiset vertaistuelliset toiminnat. T\u00e4ll\u00e4 hetkell\u00e4 yhdistyksen vet\u00e4mi\u00e4 vertaistukiryhmi\u00e4 toimii Oulussa kaksi. Niist\u00e4 toinen on suunnattu lastensuojelun, ja toinen ik\u00e4ihmisten perhehoitajille.&nbsp;<\/p>\n\n\n<div class=\"wp-block-ub-content-toggle wp-block-ub-content-toggle-block\" id=\"ub-content-toggle-block-00a1df03-b2a5-4cc0-aa0f-6290009328d1\" data-mobilecollapse=\"true\" data-desktopcollapse=\"true\" data-preventcollapse=\"false\" data-showonlyone=\"false\">\n<div class=\"wp-block-ub-content-toggle-accordion\" style=\"border-color: #f1f1f1; \" id=\"ub-content-toggle-panel-block-6c466150-0ed7-4384-b5c0-8b42705c930d\">\n\t\t\t<div class=\"wp-block-ub-content-toggle-accordion-title-wrap\" style=\"background-color: #f1f1f1;\" aria-controls=\"ub-content-toggle-panel-0-00a1df03-b2a5-4cc0-aa0f-6290009328d1\" tabindex=\"0\">\n\t\t\t<p class=\"wp-block-ub-content-toggle-accordion-title ub-content-toggle-title-00a1df03-b2a5-4cc0-aa0f-6290009328d1\" style=\"color: #000000; \">Yhdistyksen s\u00e4\u00e4nn\u00f6t<\/p>\n\t\t\t<div class=\"wp-block-ub-content-toggle-accordion-toggle-wrap right\" style=\"color: #000000;\"><span class=\"wp-block-ub-content-toggle-accordion-state-indicator wp-block-ub-chevron-down\"><\/span><\/div>\n\t\t<\/div>\n\t\t\t<div role=\"region\" aria-expanded=\"false\" class=\"wp-block-ub-content-toggle-accordion-content-wrap ub-hide\" id=\"ub-content-toggle-panel-0-00a1df03-b2a5-4cc0-aa0f-6290009328d1\">\n\n<p>Pohjois-Pohjanmaan Perhehoitajat ry s\u00e4\u00e4nn\u00f6t<\/p>\n\n\n\n<p>Voimassaolon alku: 26.3.2026<\/p>\n\n\n\n<p>1\u00a7 Yhdistyksen nimi ja kotipaikka\u00a0<\/p>\n\n\n\n<p>Yhdistyksen nimi on Pohjois-Pohjanmaan Perhehoitajat ry, kotipaikka Oulun kaupunki ja toimialue Pohjois-Pohjanmaan maakunta. <\/p>\n\n\n\n<p>2\u00a7 Tarkoitus ja toiminnan laatu\u00a0<\/p>\n\n\n\n<p>Yhdistyksen tarkoituksena on toimia toimeksiantosuhteisten perhehoitajien taloudellisten, sosiaalisten ja yhteiskunnallisten asioiden etuj\u00e4rjest\u00f6n\u00e4.\u00a0<\/p>\n\n\n\n<p>Tarkoituksensa toteuttamiseksi yhdistys:\u00a0<\/p>\n\n\n\n<ul class=\"wp-block-list\">\n<li>Edist\u00e4\u00e4 laadukkaan perhehoidon toteutumista alueellisena vaikuttajana korostaen oikeusperustaisuutta sek\u00e4 perhehoidon tuen toteutumista.\u00a0<\/li>\n\n\n\n<li>Kehitt\u00e4\u00e4 ja yll\u00e4pit\u00e4\u00e4 perhehoitajien, perhehoidossa olevien henkil\u00f6iden, viranomaisten ja alan yhteis\u00f6jen v\u00e4list\u00e4 yhteisty\u00f6t\u00e4.\u00a0<\/li>\n\n\n\n<li>J\u00e4rjest\u00e4\u00e4 koulutus-, virkistys- ja vertaistoimintaa.\u00a0<\/li>\n\n\n\n<li>J\u00e4rjest\u00e4\u00e4 neuvottelutilaisuuksia ja tekee aloitteita alan muille toimijoille.\u00a0<\/li>\n\n\n\n<li>Seuraa alan kehittymist\u00e4 sek\u00e4 pit\u00e4\u00e4 yll\u00e4 tarvittavia yhteyksi\u00e4 ja suorittaa muita vastaavanlaisia yhdistyksen tarkoitusperi\u00e4 edist\u00e4vi\u00e4 teht\u00e4vi\u00e4.\u00a0<\/li>\n<\/ul>\n\n\n\n<p>Taloutensa tueksi yhdistys voi:\u00a0<\/p>\n\n\n\n<ul class=\"wp-block-list\">\n<li>J\u00e4rjest\u00e4\u00e4 asianomaisella luvalla yleis\u00f6tilaisuuksia, myyj\u00e4isi\u00e4, rahanker\u00e4yksi\u00e4 ja arpajaisia.\u00a0<\/li>\n\n\n\n<li>Hakea avustuksia ja voi ottaa vastaan testamentteja ja lahjoituksia.\u00a0<\/li>\n\n\n\n<li>Harjoittaa tilavuokrausta.\u00a0<\/li>\n\n\n\n<li>Harjoittaa toimeksiantosuhteiseen perhehoitoon liittyv\u00e4\u00e4 koulutus- ja julkaisutoimintaa.\u00a0<\/li>\n\n\n\n<li>J\u00e4rjest\u00e4\u00e4 varainhankintaa toimintaansa liittyvien tuotteiden ja palveluiden myynnill\u00e4.\u00a0<\/li>\n\n\n\n<li>Omistaa ja hallita toimintaansa varten tarpeellista irtainta ja kiinte\u00e4\u00e4 omaisuutta sek\u00e4 sijoitusomaisuutta.\u00a0<\/li>\n<\/ul>\n\n\n\n<p>3\u00a7 J\u00e4senet\u00a0<\/p>\n\n\n\n<p>Yhdistyksen varsinaiseksi j\u00e4seneksi voidaan hyv\u00e4ksy\u00e4 henkil\u00f6, joka hyv\u00e4ksyy yhdistyksen tarkoituksen sek\u00e4 toiminnan laadun ja joka on toiminut, toimii tai aikoo toimia perhehoitajana. Varsinaisella j\u00e4senell\u00e4 on yhdistyksen kokouksessa l\u00e4sn\u00e4olo-, puhe-, esitys- ja \u00e4\u00e4nioikeus.\u00a0<\/p>\n\n\n\n<p>Yhdistyksen henkil\u00f6kannatusj\u00e4seniksi voidaan hyv\u00e4ksy\u00e4 yksityinen henkil\u00f6, joka haluaa tukea yhdistyksen tarkoitusta ja toimintaa. Henkil\u00f6kannatusj\u00e4senell\u00e4 on yhdistyksen kokouksessa l\u00e4sn\u00e4olo- ja puheoikeus.\u00a0<\/p>\n\n\n\n<p>Yhdistyksen yhteis\u00f6kannatusj\u00e4seneksi voidaan hyv\u00e4ksy\u00e4 oikeuskelpoinen yhteis\u00f6, joka haluaa tukea yhdistyksen tarkoitusta ja toimintaa. Yhteis\u00f6kannatusj\u00e4senell\u00e4 on yhdistyksen kokouksessa l\u00e4sn\u00e4olo- ja puheoikeus.\u00a0<\/p>\n\n\n\n<p>Varsinaiset j\u00e4senet ja kannattavat j\u00e4senet hyv\u00e4ksyy hakemuksesta yhdistyksen hallitus.\u00a0<\/p>\n\n\n\n<p>Kunniaj\u00e4seneksi voidaan hallituksen esityksest\u00e4 yhdistyksen kokouksessa kutsua henkil\u00f6, joka on huomattavasti edist\u00e4nyt ja tukenut yhdistyksen toimintaa. Kunniaj\u00e4senell\u00e4 on yhdistyksen kokouksessa l\u00e4sn\u00e4olo-, puhe-, esitys- ja \u00e4\u00e4nioikeus.<\/p>\n\n\n\n<p>J\u00e4sen voi erota yhdistyksest\u00e4 ilmoittamalla siit\u00e4 kirjallisesti yhdistyksen hallitukselle, sen puheenjohtajalle tai muulle hallituksen nime\u00e4m\u00e4lle taikka suullisesti kokouksen p\u00f6yt\u00e4kirjaan.\u00a0<\/p>\n\n\n\n<p>Hallitus voi erottaa j\u00e4senen, jos j\u00e4sen on j\u00e4tt\u00e4nyt er\u00e4\u00e4ntyneen j\u00e4senmaksun maksamatta edelliselt\u00e4 kalenterivuodelta.\u00a0<\/p>\n\n\n\n<p>J\u00e4sen, jonka havaitaan vahingoittaneen yhdistyksen toimintaa tai sen tarkoitusta, voidaan erottaa yhdistyksest\u00e4. P\u00e4\u00e4t\u00f6ksen erottamisesta tekee yhdistyksen hallitus. Ennen p\u00e4\u00e4t\u00f6ksen tekemist\u00e4 asianomaiselle j\u00e4senelle on varattava tilaisuus selityksen antamiseen asiassa, paitsi milloin erottamisen syyn\u00e4 on j\u00e4senmaksun maksamatta j\u00e4tt\u00e4minen. Erotetulla on oikeus saattaa asia yhdistyksen kokouksen ratkaistavaksi. Erotetun on toimitettava t\u00e4h\u00e4n asiaan liittyv\u00e4 vetoomus hallituksen puheenjohtajalle kuukauden (30 p\u00e4iv\u00e4n) kuluessa siit\u00e4, kun hallitus on tiedottanut erotettua p\u00e4\u00e4t\u00f6ksest\u00e4\u00e4n.\u00a0<\/p>\n\n\n\n<p>4\u00a7 Liittymis- ja j\u00e4senmaksu\u00a0<\/p>\n\n\n\n<p>Varsinaisilta j\u00e4senilt\u00e4, henkil\u00f6kannatusj\u00e4senilt\u00e4 ja yhteis\u00f6kannatusj\u00e4senilt\u00e4 peritt\u00e4v\u00e4n liittymismaksun ja vuotuisen j\u00e4senmaksun suuruudesta erikseen jokaiselle j\u00e4senryhm\u00e4lle p\u00e4\u00e4tt\u00e4\u00e4 vuosikokous. Kunniaj\u00e4senet eiv\u00e4t suorita j\u00e4senmaksuja.\u00a0<\/p>\n\n\n\n<p>5\u00a7 J\u00e4senoikeudet\u00a0<\/p>\n\n\n\n<p>T\u00e4ll\u00e4 s\u00e4\u00e4nt\u00f6muutoksella ei loukata saavutettuja j\u00e4senoikeuksia.\u00a0<\/p>\n\n\n\n<p>6\u00a7 Hallitus\u00a0<\/p>\n\n\n\n<p>Yhdistyksen asioita hoitaa hallitus, johon kuuluu vuosikokouksessa valitut puheenjohtaja ja 2- 8 muuta varsinaista j\u00e4sent\u00e4 sek\u00e4 0-8 varaj\u00e4sent\u00e4. Hallituksen toimikausi on vuosikokousten v\u00e4linen aika. Puheenjohtaja ja muut varsinaiset hallituksen j\u00e4senet valitaan kahdeksi vuodeksi kerrallaan. Muut hallituksen varaj\u00e4senet valitaan vuodeksi kerrallaan.\u00a0<\/p>\n\n\n\n<p>Suosittavaa olisi, ett\u00e4 hallituksessa olisi j\u00e4sentens\u00e4 kautta edustus monipuolisesti niist\u00e4 perhehoidon muodoista, joita yhdistyksen j\u00e4senet edustavat.\u00a0<\/p>\n\n\n\n<p>Hallitus valitsee keskuudestaan varapuheenjohtajan sek\u00e4 ottaa keskuudestaan tai ulkopuoleltaan sihteerin, taloudenhoitajan ja muut tarvittavat toimihenkil\u00f6t. Hallitus kokoontuu puheenjohtajan tai h\u00e4nen estyneen\u00e4 ollessaan varapuheenjohtajan kutsusta, kun he katsovat siihen olevan aihetta tai kun v\u00e4hint\u00e4\u00e4n puolet hallituksen j\u00e4senist\u00e4 sit\u00e4 vaatii.\u00a0<\/p>\n\n\n\n<p>Hallitus on p\u00e4\u00e4t\u00f6svaltainen, kun v\u00e4hint\u00e4\u00e4n puolet sen j\u00e4senist\u00e4, puheenjohtaja tai varapuheenjohtaja mukaanluettuna on l\u00e4sn\u00e4.\u00a0<\/p>\n\n\n\n<p>\u00c4\u00e4nestykset ratkaistaan ehdottomalla \u00e4\u00e4ntenenemmist\u00f6ll\u00e4. \u00c4\u00e4nten menness\u00e4 tasan ratkaisee puheenjohtajan \u00e4\u00e4ni, vaaleissa kuitenkin arpa.\u00a0<\/p>\n\n\n\n<p>Hallitus voi p\u00e4\u00e4tt\u00e4m\u00e4ns\u00e4 menettelyn mukaisesti tehd\u00e4 p\u00e4\u00e4t\u00f6ksi\u00e4 kokousta pit\u00e4m\u00e4tt\u00e4. Jos p\u00e4\u00e4t\u00f6s tehd\u00e4\u00e4n pit\u00e4m\u00e4tt\u00e4 kokousta, se on kirjattava, varmennettava ja s\u00e4ilytett\u00e4v\u00e4 luotettavasti.\u00a0<\/p>\n\n\n\n<p>Hallituksen teht\u00e4v\u00e4n\u00e4 on:\u00a0<\/p>\n\n\n\n<ul class=\"wp-block-list\">\n<li>panna t\u00e4yt\u00e4nt\u00f6\u00f6n yhdistyksen kokouksen p\u00e4\u00e4tt\u00e4m\u00e4t asiat\u00a0<\/li>\n\n\n\n<li>valita keskuudestaan vuosittain varapuheenjohtaja\u00a0<\/li>\n\n\n\n<li>valita yhdistyksen sihteeri, taloudenhoitaja sek\u00e4 muut tarvittavat toimihenkil\u00f6t ja m\u00e4\u00e4r\u00e4t\u00e4 heid\u00e4n teht\u00e4v\u00e4ns\u00e4 ja palkkionsa talousarvion puitteissa<\/li>\n\n\n\n<li>hoitaa yhdistyksen toimintaa ja taloutta toimintasuunnitelman ja talousarvion mukaisesti &#8211; yll\u00e4pit\u00e4\u00e4 j\u00e4senluetteloa\u00a0<\/li>\n\n\n\n<li>laatia ja valmistella yhdistyksen vuosikokouksen kutsu ja esityslista\u00a0<\/li>\n\n\n\n<li>esitt\u00e4\u00e4 edellisen vuoden tilinp\u00e4\u00e4t\u00f6s tai vuosilaskelma sek\u00e4 vuosikertomus vuosikokoukselle\u00a0<\/li>\n\n\n\n<li>suorittaa muut hallitukselle annetut ja kuuluvat teht\u00e4v\u00e4t\u00a0<\/li>\n<\/ul>\n\n\n\n<p>7\u00a7 Yhdistyksen nimen kirjoittaminen\u00a0<\/p>\n\n\n\n<p>Yhdistyksen nimen kirjoittavat puheenjohtaja, varapuheenjohtaja, sihteeri tai taloudenhoitaja, kaksi aina yhdess\u00e4.\u00a0<\/p>\n\n\n\n<p>8\u00a7 Yhdistyksen tilikausi ja toiminnantarkastus\u00a0<\/p>\n\n\n\n<p>Yhdistyksen tilikausi on kalenterivuosi.\u00a0<\/p>\n\n\n\n<p>Tilinp\u00e4\u00e4t\u00f6s on annettava toiminnantarkastajalle helmikuun loppuun menness\u00e4. Toiminnantarkastajan tulee ennen maaliskuun 15. p\u00e4iv\u00e4\u00e4 antaa hallitukselle lausunto tilien ja hallinnon tarkastuksesta.\u00a0<\/p>\n\n\n\n<p>9\u00a7 Yhdistyksen kokoukset\u00a0<\/p>\n\n\n\n<p>Yhdistyksen kokoukseen voidaan osallistua hallituksen tai yhdistyksen kokouksen niin p\u00e4\u00e4tt\u00e4ess\u00e4 my\u00f6s postitse taikka tietoliikenneyhteyden tai muun teknisen apuv\u00e4lineen avulla kokouksen aikana tai ennen kokousta.\u00a0<\/p>\n\n\n\n<p>Yhdistyksen vuosikokous pidet\u00e4\u00e4n vuosittain hallituksen m\u00e4\u00e4r\u00e4\u00e4m\u00e4n\u00e4 p\u00e4iv\u00e4n\u00e4 toukokuun loppuun menness\u00e4.\u00a0<\/p>\n\n\n\n<p>Yhdistys voidaan kutsua ylim\u00e4\u00e4r\u00e4iseen kokoukseen, jos hallitus katsoo sen tarpeelliseksi tai jos yksi kymmenesosa (1\/10) \u00e4\u00e4nioikeutetuista j\u00e4senist\u00e4 sit\u00e4 kirjallisesti hallitukselta erityisesti ilmoitettua asiaa varten pyyt\u00e4\u00e4.\u00a0<\/p>\n\n\n\n<p>Yhdistyksen kokouksissa on jokaisella varsinaisella j\u00e4senell\u00e4 ja kunniaj\u00e4senell\u00e4 yksi \u00e4\u00e4ni. Yhdistyksen kokouksen p\u00e4\u00e4t\u00f6kseksi tulee, ellei s\u00e4\u00e4nn\u00f6iss\u00e4 ole toisin m\u00e4\u00e4r\u00e4tty, se mielipide, jota on kannattanut yli puolet annetuista \u00e4\u00e4nist\u00e4. \u00c4\u00e4nten menness\u00e4 tasan ratkaisee kokouksen puheenjohtajan \u00e4\u00e4ni, vaaleissa kuitenkin arpa.\u00a0<\/p>\n\n\n\n<p>10\u00a7 Yhdistyksen kokousten koollekutsuminen\u00a0<\/p>\n\n\n\n<p>Hallituksen on kutsuttava yhdistyksen kokoukset koolle v\u00e4hint\u00e4\u00e4n nelj\u00e4toista vuorokautta ennen kokousta j\u00e4senille postitetuilla kirjeill\u00e4 tai s\u00e4hk\u00f6isesti jokaiselle j\u00e4senelle l\u00e4hetett\u00e4v\u00e4ll\u00e4 tiedotteella.\u00a0<\/p>\n\n\n\n<p>11\u00a7 Vuosikokous\u00a0<\/p>\n\n\n\n<p>Yhdistyksen vuosikokouksessa k\u00e4sitell\u00e4\u00e4n seuraava asiat:\u00a0<\/p>\n\n\n\n<ol class=\"wp-block-list\">\n<li>kokouksen avaus\u00a0<\/li>\n\n\n\n<li>valitaan kokouksen puheenjohtaja ja sihteeri\u00a0<\/li>\n\n\n\n<li>valitaan kokouksen kaksi p\u00f6yt\u00e4kirjan tarkastajaa ja tarvittaessa kaksi \u00e4\u00e4ntenlaskijaa\u00a0<\/li>\n\n\n\n<li>todetaan kokouksen laillisuus ja p\u00e4\u00e4t\u00f6svaltaisuus\u00a0<\/li>\n\n\n\n<li>hyv\u00e4ksyt\u00e4\u00e4n kokouksen ty\u00f6j\u00e4rjestys\u00a0<\/li>\n\n\n\n<li>esitet\u00e4\u00e4n tilinp\u00e4\u00e4t\u00f6s tai vuosilaskelma ja toimintakertomus tai vuosikertomus\u00a0<\/li>\n\n\n\n<li>esitet\u00e4\u00e4n toiminnantarkastajan lausunto\u00a0<\/li>\n\n\n\n<li>p\u00e4\u00e4tet\u00e4\u00e4n tilinp\u00e4\u00e4t\u00f6ksen tai vuosilaskelman vahvistamisesta sek\u00e4 vastuuvapauden \u00a0 my\u00f6nt\u00e4misest\u00e4 hallitukselle ja muille vastuuvelvollisille<\/li>\n\n\n\n<li>p\u00e4\u00e4tet\u00e4\u00e4n hallituksen j\u00e4senten ja toiminnantarkastajien palkkiot\u00a0<\/li>\n\n\n\n<li>valitaan hallituksen puheenjohtaja\u00a0<\/li>\n\n\n\n<li>valitaan muut hallituksen j\u00e4senet s\u00e4\u00e4nt\u00f6jen 6\u00a7:n mukaisesti\u00a0<\/li>\n\n\n\n<li>valitaan yksi toiminnantarkastaja ja yksi varatoiminnantarkastaja tarkastamaan kuluvan vuoden tilej\u00e4 ja hallintoa\u00a0<\/li>\n\n\n\n<li>p\u00e4\u00e4tet\u00e4\u00e4n kuluvan vuoden toimintasuunnitelman vahvistamisesta\u00a0<\/li>\n\n\n\n<li>p\u00e4\u00e4tet\u00e4\u00e4n kuluvan vuoden talousarvion vahvistamisesta\u00a0<\/li>\n\n\n\n<li>p\u00e4\u00e4tet\u00e4\u00e4n seuraavan kalenterivuoden j\u00e4senmaksujen suuruudet\u00a0<\/li>\n\n\n\n<li>k\u00e4sitell\u00e4\u00e4n muut asiat\u00a0<\/li>\n\n\n\n<li>kokouksen p\u00e4\u00e4tt\u00e4minen\u00a0<\/li>\n<\/ol>\n\n\n\n<p>P\u00e4\u00e4t\u00f6st\u00e4 Yhdistyslain 23 \u00a7:ss\u00e4 mainitussa ja muussa siihen verrattavassa asiassa ei kokouksessa saa tehd\u00e4, ellei asiaa ole mainittu kokouskutsussa.\u00a0<\/p>\n\n\n\n<p>12\u00a7 S\u00e4\u00e4nt\u00f6jen muuttaminen\u00a0<\/p>\n\n\n\n<p>N\u00e4iden s\u00e4\u00e4nt\u00f6jen muuttamisesta voidaan p\u00e4\u00e4tt\u00e4\u00e4 yhdistyksen kokouksessa v\u00e4hint\u00e4\u00e4n kolme nelj\u00e4sosan (3\/4) enemmist\u00f6ll\u00e4 annetuista \u00e4\u00e4nist\u00e4. Kokouskutsussa on mainittava s\u00e4\u00e4nt\u00f6jen muuttamisesta.\u00a0<\/p>\n\n\n\n<p>13\u00a7 Yhdistyksen purkautuminen\u00a0<\/p>\n\n\n\n<p>P\u00e4\u00e4t\u00f6s yhdistyksen purkamisesta on teht\u00e4v\u00e4 yhdistyksen kokouksessa v\u00e4hint\u00e4\u00e4n kolmen nelj\u00e4sosan (3\/4) enemmist\u00f6ll\u00e4 annetuista \u00e4\u00e4nist\u00e4.\u00a0<\/p>\n\n\n\n<p>Kokouskutsussa on mainittava yhdistyksen purkamisesta. Yhdistyksen purkautuessa k\u00e4ytet\u00e4\u00e4n yhdistyksen varat yhdistyksen tarkoituksen edist\u00e4miseen purkamisesta p\u00e4\u00e4tt\u00e4v\u00e4n kokouksen m\u00e4\u00e4r\u00e4\u00e4m\u00e4ll\u00e4 tavalla. Yhdistyksen tullessa lakkautetuksi k\u00e4ytet\u00e4\u00e4n sen varat samaan tarkoitukseen.<\/p>\n\n<\/div>\n\t\t<\/div>\n<\/div>\n\n\n<p><\/p>\n","protected":false},"excerpt":{"rendered":"<p>Yhdistys j\u00e4rjest\u00e4\u00e4 aktiivisesti retki\u00e4 ja muita tapahtumia. Ne on p\u00e4\u00e4s\u00e4\u00e4nt\u00f6isesti tarkoitettu kaikkien perhehoitomuotojen perhehoitoperheille. L\u00e4ht\u00f6kohtana on se, ett\u00e4 retket ja&#8230;<\/p>\n","protected":false},"author":3,"featured_media":0,"parent":0,"menu_order":0,"comment_status":"closed","ping_status":"closed","template":"","meta":{"_acf_changed":false,"footnotes":""},"class_list":["post-97","page","type-page","status-publish","hentry"],"acf":[],"aioseo_notices":[],"featured_image_src":null,"_links":{"self":[{"href":"https:\/\/perhehoitoliitto.fi\/pohjois-pohjanmaan-perhehoitajat\/wp-json\/wp\/v2\/pages\/97","targetHints":{"allow":["GET"]}}],"collection":[{"href":"https:\/\/perhehoitoliitto.fi\/pohjois-pohjanmaan-perhehoitajat\/wp-json\/wp\/v2\/pages"}],"about":[{"href":"https:\/\/perhehoitoliitto.fi\/pohjois-pohjanmaan-perhehoitajat\/wp-json\/wp\/v2\/types\/page"}],"author":[{"embeddable":true,"href":"https:\/\/perhehoitoliitto.fi\/pohjois-pohjanmaan-perhehoitajat\/wp-json\/wp\/v2\/users\/3"}],"replies":[{"embeddable":true,"href":"https:\/\/perhehoitoliitto.fi\/pohjois-pohjanmaan-perhehoitajat\/wp-json\/wp\/v2\/comments?post=97"}],"version-history":[{"count":17,"href":"https:\/\/perhehoitoliitto.fi\/pohjois-pohjanmaan-perhehoitajat\/wp-json\/wp\/v2\/pages\/97\/revisions"}],"predecessor-version":[{"id":234,"href":"https:\/\/perhehoitoliitto.fi\/pohjois-pohjanmaan-perhehoitajat\/wp-json\/wp\/v2\/pages\/97\/revisions\/234"}],"wp:attachment":[{"href":"https:\/\/perhehoitoliitto.fi\/pohjois-pohjanmaan-perhehoitajat\/wp-json\/wp\/v2\/media?parent=97"}],"curies":[{"name":"wp","href":"https:\/\/api.w.org\/{rel}","templated":true}]}}