{"id":100,"date":"2024-02-28T11:37:23","date_gmt":"2024-02-28T09:37:23","guid":{"rendered":"https:\/\/perhehoitoliitto.fi\/pohjois-savon-perhehoitajat\/?page_id=100"},"modified":"2026-03-22T18:40:21","modified_gmt":"2026-03-22T16:40:21","slug":"yhteystiedot","status":"publish","type":"page","link":"https:\/\/perhehoitoliitto.fi\/pohjois-savon-perhehoitajat\/yhteystiedot\/","title":{"rendered":"Yhteystiedot"},"content":{"rendered":"\n<p><strong>Pohjois-Savon Perhehoitajat ry<\/strong> <\/p>\n\n\n\n<ul class=\"wp-block-list\">\n<li>s\u00e4hk\u00f6posti: <a href=\"mailto:hallitus.posape@gmail.com\">hallitus.posape@gmail.com<\/a> <\/li>\n\n\n\n<li>Pj.&nbsp;<strong>Kaisa S\u00f6derlund,<\/strong>&nbsp;p. <a href=\"tel:+358503546713\" title=\"\">050 354 6713<\/a>,&nbsp;<a href=\"mailto:kaisasoderlund@gmail.com\">kaisasoderlund@gmail.com<\/a> <\/li>\n\n\n\n<li>Vpj.\u00a0<strong>Sami Savonen,\u00a0<\/strong>p. 050 570 3285 \u00a0<a href=\"mailto:koistinenminna70@gmail.com\">sami.savonen@perhepalvelu.fi<\/a><\/li>\n\n\n\n<li>Siht.\u00a0<strong>Timo My\u00f6h\u00e4nen,<\/strong>\u00a0p. 046 571 9697 timomyohanen2@gmail.com<\/li>\n\n\n\n<li>Viestint\u00e4, rahastonhoito ja j\u00e4senet\u00a0<strong>Suvi Puumalainen,\u00a0<\/strong><a href=\"tel:+358442404330\" title=\"\">p. 044 240 4330<\/a>,\u00a0<a href=\"mailto:puumalainensuvi@gmail.com\">puumalainensuvi@gmail.com<\/a><\/li>\n<\/ul>\n\n\n<div class=\"wp-block-ub-content-toggle wp-block-ub-content-toggle-block\" id=\"ub-content-toggle-block-e0b0a728-866a-4bf7-b984-93d32386ce98\" data-mobilecollapse=\"true\" data-desktopcollapse=\"true\" data-preventcollapse=\"false\" data-showonlyone=\"false\">\n<div class=\"wp-block-ub-content-toggle-accordion\" style=\"border-color: #f1f1f1; \" id=\"ub-content-toggle-panel-block-8a2a69f2-3231-4c3e-8f09-ec45ccb28a46\">\n\t\t\t<div class=\"wp-block-ub-content-toggle-accordion-title-wrap\" style=\"background-color: #f1f1f1;\" aria-controls=\"ub-content-toggle-panel-0-e0b0a728-866a-4bf7-b984-93d32386ce98\" tabindex=\"0\">\n\t\t\t<p class=\"wp-block-ub-content-toggle-accordion-title ub-content-toggle-title-e0b0a728-866a-4bf7-b984-93d32386ce98\" style=\"color: #000000; \">Hallitus vuonna 2026<\/p>\n\t\t\t<div class=\"wp-block-ub-content-toggle-accordion-toggle-wrap right\" style=\"color: #000000;\"><span class=\"wp-block-ub-content-toggle-accordion-state-indicator wp-block-ub-chevron-down\"><\/span><\/div>\n\t\t<\/div>\n\t\t\t<div role=\"region\" aria-expanded=\"false\" class=\"wp-block-ub-content-toggle-accordion-content-wrap ub-hide\" id=\"ub-content-toggle-panel-0-e0b0a728-866a-4bf7-b984-93d32386ce98\">\n\n<ul class=\"wp-block-list\">\n<li>Puheenjohtaja Kaisa S\u00f6derlund vuodet 2026-2027<\/li>\n\n\n\n<li>sihteeri Timo My\u00f6h\u00e4nen vuoden 2026<\/li>\n\n\n\n<li>Reetta Keijonen vuoden 2026<\/li>\n\n\n\n<li>Kalle Klaavo vuoden 2026<\/li>\n\n\n\n<li>Suvi Puumalainen vuodet 2026-2027<\/li>\n\n\n\n<li>Anna Saastamoinen vuodet 2026-2027<\/li>\n\n\n\n<li>Sami Savonen vuodet 2026-2027<\/li>\n<\/ul>\n\n\n\n<p><\/p>\n\n<\/div>\n\t\t<\/div>\n\n<div class=\"wp-block-ub-content-toggle-accordion\" style=\"border-color: #f1f1f1; \" id=\"ub-content-toggle-panel-block-90d764f8-6ff7-426c-8d65-7a38977b21c5\">\n\t\t\t<div class=\"wp-block-ub-content-toggle-accordion-title-wrap\" style=\"background-color: #f1f1f1;\" aria-controls=\"ub-content-toggle-panel-1-e0b0a728-866a-4bf7-b984-93d32386ce98\" tabindex=\"0\">\n\t\t\t<p class=\"wp-block-ub-content-toggle-accordion-title ub-content-toggle-title-e0b0a728-866a-4bf7-b984-93d32386ce98\" style=\"color: #000000; \">Ansiomerkit<\/p>\n\t\t\t<div class=\"wp-block-ub-content-toggle-accordion-toggle-wrap right\" style=\"color: #000000;\"><span class=\"wp-block-ub-content-toggle-accordion-state-indicator wp-block-ub-chevron-down\"><\/span><\/div>\n\t\t<\/div>\n\t\t\t<div role=\"region\" aria-expanded=\"false\" class=\"wp-block-ub-content-toggle-accordion-content-wrap ub-hide\" id=\"ub-content-toggle-panel-1-e0b0a728-866a-4bf7-b984-93d32386ce98\">\n\n<p>Yhdistys jakaa t\u00e4n\u00e4 vuonna ansiomerkkej\u00e4.<\/p>\n\n\n\n<p>Voit ilmoittaa sijaisvanhempana\/perhehoitajana toimimasi vuodet Kalle Klaavolle. H\u00e4nelt\u00e4 saa my\u00f6s lis\u00e4tietoja:<\/p>\n\n\n\n<ul class=\"wp-block-list\">\n<li><a href=\"mailto:krissekop@gmail.com\">kalle@tienvierenperhekoti.com<\/a><\/li>\n<\/ul>\n\n<\/div>\n\t\t<\/div>\n<\/div>\n\n\n<p><\/p>\n","protected":false},"excerpt":{"rendered":"<p>Pohjois-Savon Perhehoitajat ry<\/p>\n","protected":false},"author":3,"featured_media":0,"parent":0,"menu_order":0,"comment_status":"closed","ping_status":"closed","template":"","meta":{"_acf_changed":false,"footnotes":""},"class_list":["post-100","page","type-page","status-publish","hentry"],"acf":[],"aioseo_notices":[],"featured_image_src":null,"_links":{"self":[{"href":"https:\/\/perhehoitoliitto.fi\/pohjois-savon-perhehoitajat\/wp-json\/wp\/v2\/pages\/100","targetHints":{"allow":["GET"]}}],"collection":[{"href":"https:\/\/perhehoitoliitto.fi\/pohjois-savon-perhehoitajat\/wp-json\/wp\/v2\/pages"}],"about":[{"href":"https:\/\/perhehoitoliitto.fi\/pohjois-savon-perhehoitajat\/wp-json\/wp\/v2\/types\/page"}],"author":[{"embeddable":true,"href":"https:\/\/perhehoitoliitto.fi\/pohjois-savon-perhehoitajat\/wp-json\/wp\/v2\/users\/3"}],"replies":[{"embeddable":true,"href":"https:\/\/perhehoitoliitto.fi\/pohjois-savon-perhehoitajat\/wp-json\/wp\/v2\/comments?post=100"}],"version-history":[{"count":19,"href":"https:\/\/perhehoitoliitto.fi\/pohjois-savon-perhehoitajat\/wp-json\/wp\/v2\/pages\/100\/revisions"}],"predecessor-version":[{"id":205,"href":"https:\/\/perhehoitoliitto.fi\/pohjois-savon-perhehoitajat\/wp-json\/wp\/v2\/pages\/100\/revisions\/205"}],"wp:attachment":[{"href":"https:\/\/perhehoitoliitto.fi\/pohjois-savon-perhehoitajat\/wp-json\/wp\/v2\/media?parent=100"}],"curies":[{"name":"wp","href":"https:\/\/api.w.org\/{rel}","templated":true}]}}