{"id":109,"date":"2024-02-28T11:57:19","date_gmt":"2024-02-28T09:57:19","guid":{"rendered":"https:\/\/perhehoitoliitto.fi\/pohjois-savon-perhehoitajat\/?page_id=109"},"modified":"2025-05-29T08:19:59","modified_gmt":"2025-05-29T05:19:59","slug":"liity-jaseneksi","status":"publish","type":"page","link":"https:\/\/perhehoitoliitto.fi\/pohjois-savon-perhehoitajat\/liity-jaseneksi\/","title":{"rendered":"Liity j\u00e4seneksi"},"content":{"rendered":"\n<p>Pohjois-Savon Perhehoitajat ry:n j\u00e4senen\u00e4 sinulla on mahdollisuus tutustua alueesi muihin perhehoitajiin mukavan toiminnan ohessa sek\u00e4 saada tukea ja neuvoja jo enemm\u00e4n kokeneilta perhehoitajilta.<\/p>\n\n\n\n<p>Lapsiperheille suunnatun toiminnan kautta lapsillesi avautuu mahdollisuus tutustua samassa tilanteessa oleviin sijoitettuihin lapsiin tai sijaissisaruksiin. P\u00e4\u00e4set mukaan erilaisille retkille ja muuhun virkistystoimintaan.<\/p>\n\n\n\n<p>Liittym\u00e4ll\u00e4 yhdistyksen j\u00e4seneksi liityt samalla Perhehoitoliittoon ja saat nelj\u00e4 kertaa vuodessa ilmestyv\u00e4n Perhehoito-lehden.<\/p>\n\n\n\n<p>Yhdistyksell\u00e4 on suljettu ryhm\u00e4 Facebookissa, johon voit j\u00e4senen\u00e4 liitty\u00e4. Ryhm\u00e4 l\u00f6ytyy nimell\u00e4 Kuopion seudun perhehoitajat.<\/p>\n\n\n\n<h2 class=\"wp-block-heading\">Varsinainen j\u00e4sen<\/h2>\n\n\n\n<p>Varsinaisiksi j\u00e4seniksi voivat liitty\u00e4 yksityiset henkil\u00f6t jotka toimivat, ovat toimineet tai aikovat toimia perhehoitajina. J\u00e4senmaksu on 25 euroa sis. Perhehoito-lehden. Puolison j\u00e4senmaksu on 20 euroa.<\/p>\n\n\n\n<h2 class=\"wp-block-heading\">Kannatusj\u00e4sen<\/h2>\n\n\n\n<p>Kannatusj\u00e4seniksi voivat liitty\u00e4 kaikki yksityiset henkil\u00f6t ja oikeuskelpoiset yhteis\u00f6t, jotka haluavat tukea yhdistyksen toimintaa. Kannatusj\u00e4senmaksu on 50 euroa sis. lehden.<\/p>\n\n\n\n<div class=\"wp-block-buttons is-layout-flex wp-block-buttons-is-layout-flex\">\n<div class=\"wp-block-button\"><a class=\"wp-block-button__link wp-element-button\" href=\"https:\/\/atom.flomembers.com\/pohjois-savon-perhehoitajat\/members\/application?_lang=fi\" target=\"_blank\" rel=\"noreferrer noopener\">T\u00e4yt\u00e4 j\u00e4senhakemus<\/a><\/div>\n<\/div>\n","protected":false},"excerpt":{"rendered":"<p>Pohjois-Savon Perhehoitajat ry:n j\u00e4senen\u00e4 sinulla on mahdollisuus tutustua alueesi muihin perhehoitajiin mukavan toiminnan ohessa sek\u00e4 saada tukea ja neuvoja jo&#8230;<\/p>\n","protected":false},"author":3,"featured_media":0,"parent":0,"menu_order":0,"comment_status":"closed","ping_status":"closed","template":"","meta":{"_acf_changed":false,"footnotes":""},"class_list":["post-109","page","type-page","status-publish","hentry"],"acf":[],"aioseo_notices":[],"featured_image_src":null,"_links":{"self":[{"href":"https:\/\/perhehoitoliitto.fi\/pohjois-savon-perhehoitajat\/wp-json\/wp\/v2\/pages\/109","targetHints":{"allow":["GET"]}}],"collection":[{"href":"https:\/\/perhehoitoliitto.fi\/pohjois-savon-perhehoitajat\/wp-json\/wp\/v2\/pages"}],"about":[{"href":"https:\/\/perhehoitoliitto.fi\/pohjois-savon-perhehoitajat\/wp-json\/wp\/v2\/types\/page"}],"author":[{"embeddable":true,"href":"https:\/\/perhehoitoliitto.fi\/pohjois-savon-perhehoitajat\/wp-json\/wp\/v2\/users\/3"}],"replies":[{"embeddable":true,"href":"https:\/\/perhehoitoliitto.fi\/pohjois-savon-perhehoitajat\/wp-json\/wp\/v2\/comments?post=109"}],"version-history":[{"count":12,"href":"https:\/\/perhehoitoliitto.fi\/pohjois-savon-perhehoitajat\/wp-json\/wp\/v2\/pages\/109\/revisions"}],"predecessor-version":[{"id":181,"href":"https:\/\/perhehoitoliitto.fi\/pohjois-savon-perhehoitajat\/wp-json\/wp\/v2\/pages\/109\/revisions\/181"}],"wp:attachment":[{"href":"https:\/\/perhehoitoliitto.fi\/pohjois-savon-perhehoitajat\/wp-json\/wp\/v2\/media?parent=109"}],"curies":[{"name":"wp","href":"https:\/\/api.w.org\/{rel}","templated":true}]}}