{"id":97,"date":"2024-02-28T11:30:24","date_gmt":"2024-02-28T09:30:24","guid":{"rendered":"https:\/\/perhehoitoliitto.fi\/satakunnan-perhehoitajat\/?page_id=97"},"modified":"2024-06-18T12:43:08","modified_gmt":"2024-06-18T09:43:08","slug":"toimintamme","status":"publish","type":"page","link":"https:\/\/perhehoitoliitto.fi\/satakunnan-perhehoitajat\/toimintamme\/","title":{"rendered":"Toimintamme"},"content":{"rendered":"\n<p>Me tavalliset perheet olemme avanneet kotimme kehitysvammaisille ja ik\u00e4ihmisille, jotka tarvitsevat apua ja tukea arjessaan ja asumisessaan. Me olemme ottaneet heid\u00e4t osaksi el\u00e4m\u00e4\u00e4mme ja perhett\u00e4mme. Me teemme erityist\u00e4 ja arvokasta ty\u00f6t\u00e4.<\/p>\n\n\n\n<p>Me tied\u00e4mme my\u00f6s, ettei perhehoitajuus ole vain ty\u00f6. Se on el\u00e4m\u00e4ntapa.<\/p>\n\n\n\n<p>Perhehoitajina kohtaamme t\u00e4rke\u00e4ss\u00e4 teht\u00e4v\u00e4ss\u00e4mme niin suurta iloa ja onnistumisia, kuin my\u00f6s haasteita ja vaikeita asioita, joihin liittyy monia tunteita. Kokemusten ja tunteiden jakaminen vertaisten kanssa helpottaa joskus rankoiltakin tuntuvissa perhehoidon tilanteissa. Vertaistuki on n\u00e4in ollen t\u00e4rke\u00e4ss\u00e4 roolissa yhdistyksess\u00e4mme.<\/p>\n","protected":false},"excerpt":{"rendered":"<p>Me tavalliset perheet olemme avanneet kotimme kehitysvammaisille ja ik\u00e4ihmisille, jotka tarvitsevat apua ja tukea arjessaan ja asumisessaan. Me olemme ottaneet&#8230;<\/p>\n","protected":false},"author":3,"featured_media":0,"parent":0,"menu_order":0,"comment_status":"closed","ping_status":"closed","template":"","meta":{"_acf_changed":false,"footnotes":""},"class_list":["post-97","page","type-page","status-publish","hentry"],"acf":[],"aioseo_notices":[],"featured_image_src":null,"_links":{"self":[{"href":"https:\/\/perhehoitoliitto.fi\/satakunnan-perhehoitajat\/wp-json\/wp\/v2\/pages\/97","targetHints":{"allow":["GET"]}}],"collection":[{"href":"https:\/\/perhehoitoliitto.fi\/satakunnan-perhehoitajat\/wp-json\/wp\/v2\/pages"}],"about":[{"href":"https:\/\/perhehoitoliitto.fi\/satakunnan-perhehoitajat\/wp-json\/wp\/v2\/types\/page"}],"author":[{"embeddable":true,"href":"https:\/\/perhehoitoliitto.fi\/satakunnan-perhehoitajat\/wp-json\/wp\/v2\/users\/3"}],"replies":[{"embeddable":true,"href":"https:\/\/perhehoitoliitto.fi\/satakunnan-perhehoitajat\/wp-json\/wp\/v2\/comments?post=97"}],"version-history":[{"count":7,"href":"https:\/\/perhehoitoliitto.fi\/satakunnan-perhehoitajat\/wp-json\/wp\/v2\/pages\/97\/revisions"}],"predecessor-version":[{"id":169,"href":"https:\/\/perhehoitoliitto.fi\/satakunnan-perhehoitajat\/wp-json\/wp\/v2\/pages\/97\/revisions\/169"}],"wp:attachment":[{"href":"https:\/\/perhehoitoliitto.fi\/satakunnan-perhehoitajat\/wp-json\/wp\/v2\/media?parent=97"}],"curies":[{"name":"wp","href":"https:\/\/api.w.org\/{rel}","templated":true}]}}