{"id":109,"date":"2024-02-28T11:57:19","date_gmt":"2024-02-28T09:57:19","guid":{"rendered":"https:\/\/perhehoitoliitto.fi\/satakunnan-sijaisvanhemmat\/?page_id=109"},"modified":"2024-06-18T13:03:49","modified_gmt":"2024-06-18T10:03:49","slug":"liity-jaseneksi","status":"publish","type":"page","link":"https:\/\/perhehoitoliitto.fi\/satakunnan-sijaisvanhemmat\/liity-jaseneksi\/","title":{"rendered":"Liity j\u00e4seneksi"},"content":{"rendered":"\n<p>Satakunnan Sijaisvanhemmat ry:n j\u00e4seneksi voivat liitty\u00e4 sijaisvanhemmat, kannatusj\u00e4seneksi yksityiset henkil\u00f6t ja oikeustoimikelpoiset yhteis\u00f6t.<\/p>\n\n\n\n<p>J\u00e4senmaksu<\/p>\n\n\n\n<ul class=\"wp-block-list\">\n<li>ensimm\u00e4iselt\u00e4 perheenj\u00e4senelt\u00e4 35\u20ac (sis\u00e4lt\u00e4\u00e4 Perhehoito-lehden)<\/li>\n\n\n\n<li>toiselta 20\u20ac<\/li>\n\n\n\n<li>kannatusj\u00e4senelt\u00e4 50\u20ac (sis\u00e4lt\u00e4\u00e4 lehden)<\/li>\n<\/ul>\n\n\n\n<div class=\"wp-block-buttons is-layout-flex wp-block-buttons-is-layout-flex\">\n<div class=\"wp-block-button\"><a class=\"wp-block-button__link wp-element-button\" href=\"https:\/\/atom.flomembers.com\/satakunnan-sijaisvanhemmat\/members\/application?_lang=fi\">T\u00e4yt\u00e4 j\u00e4senhakemus<\/a><\/div>\n<\/div>\n","protected":false},"excerpt":{"rendered":"<p>Satakunnan Sijaisvanhemmat ry:n j\u00e4seneksi voivat liitty\u00e4 sijaisvanhemmat, kannatusj\u00e4seneksi yksityiset henkil\u00f6t ja oikeustoimikelpoiset yhteis\u00f6t. J\u00e4senmaksu<\/p>\n","protected":false},"author":3,"featured_media":0,"parent":0,"menu_order":0,"comment_status":"closed","ping_status":"closed","template":"","meta":{"_acf_changed":false,"footnotes":""},"class_list":["post-109","page","type-page","status-publish","hentry"],"acf":[],"aioseo_notices":[],"featured_image_src":null,"_links":{"self":[{"href":"https:\/\/perhehoitoliitto.fi\/satakunnan-sijaisvanhemmat\/wp-json\/wp\/v2\/pages\/109","targetHints":{"allow":["GET"]}}],"collection":[{"href":"https:\/\/perhehoitoliitto.fi\/satakunnan-sijaisvanhemmat\/wp-json\/wp\/v2\/pages"}],"about":[{"href":"https:\/\/perhehoitoliitto.fi\/satakunnan-sijaisvanhemmat\/wp-json\/wp\/v2\/types\/page"}],"author":[{"embeddable":true,"href":"https:\/\/perhehoitoliitto.fi\/satakunnan-sijaisvanhemmat\/wp-json\/wp\/v2\/users\/3"}],"replies":[{"embeddable":true,"href":"https:\/\/perhehoitoliitto.fi\/satakunnan-sijaisvanhemmat\/wp-json\/wp\/v2\/comments?post=109"}],"version-history":[{"count":12,"href":"https:\/\/perhehoitoliitto.fi\/satakunnan-sijaisvanhemmat\/wp-json\/wp\/v2\/pages\/109\/revisions"}],"predecessor-version":[{"id":171,"href":"https:\/\/perhehoitoliitto.fi\/satakunnan-sijaisvanhemmat\/wp-json\/wp\/v2\/pages\/109\/revisions\/171"}],"wp:attachment":[{"href":"https:\/\/perhehoitoliitto.fi\/satakunnan-sijaisvanhemmat\/wp-json\/wp\/v2\/media?parent=109"}],"curies":[{"name":"wp","href":"https:\/\/api.w.org\/{rel}","templated":true}]}}