{"id":2,"date":"2024-01-23T15:53:19","date_gmt":"2024-01-23T13:53:19","guid":{"rendered":"https:\/\/perhehoitoliitto.fi\/satakunnan-sijaisvanhemmat\/?page_id=2"},"modified":"2024-11-14T11:49:30","modified_gmt":"2024-11-14T09:49:30","slug":"esimerkkisivu","status":"publish","type":"page","link":"https:\/\/perhehoitoliitto.fi\/satakunnan-sijaisvanhemmat\/","title":{"rendered":"Satakunnan Sijaisvanhemmat ry"},"content":{"rendered":"\n<p>Satakunnan Sijaisvanhemmat ry on perustettu vuonna 1984. Yhdistys on Perhehoitoliiton j\u00e4senj\u00e4rjest\u00f6 ja toimii Satakunnassa sijaisvanhempien ja perhehoitajien alueellisena yhdistyksen\u00e4. Yhdistyksemme j\u00e4rjest\u00e4\u00e4 j\u00e4senille vuotuisia retki\u00e4, tapahtumia ja vertaistukiryhmi\u00e4. <\/p>\n\n\n\n<div class=\"wp-block-buttons is-content-justification-center is-layout-flex wp-container-core-buttons-is-layout-16018d1d wp-block-buttons-is-layout-flex\">\n<div class=\"wp-block-button\"><a class=\"wp-block-button__link wp-element-button\" href=\"https:\/\/perhehoitoliitto.fi\/satakunnan-sijaisvanhemmat\/toimintamme\/\">Toimintamme<\/a><\/div>\n\n\n\n<div class=\"wp-block-button\"><a class=\"wp-block-button__link has-text-align-center wp-element-button\" href=\"https:\/\/perhehoitoliitto.fi\/satakunnan-sijaisvanhemmat\/liity-jaseneksi\/\">Liity j\u00e4seneksi<\/a><\/div>\n\n\n\n<div class=\"wp-block-button\"><a class=\"wp-block-button__link has-text-align-center wp-element-button\" href=\"https:\/\/perhehoitoliitto.fi\/satakunnan-sijaisvanhemmat\/yhteystiedot\/\">Yhteystiedot<\/a><\/div>\n<\/div>\n","protected":false},"excerpt":{"rendered":"<p>Satakunnan Sijaisvanhemmat ry on perustettu vuonna 1984. Yhdistys on Perhehoitoliiton j\u00e4senj\u00e4rjest\u00f6 ja toimii Satakunnassa sijaisvanhempien ja perhehoitajien alueellisena yhdistyksen\u00e4. Yhdistyksemme&#8230;<\/p>\n","protected":false},"author":1,"featured_media":206,"parent":0,"menu_order":0,"comment_status":"closed","ping_status":"open","template":"","meta":{"_acf_changed":false,"footnotes":""},"class_list":["post-2","page","type-page","status-publish","has-post-thumbnail","hentry"],"acf":[],"aioseo_notices":[],"featured_image_src":"https:\/\/perhehoitoliitto.fi\/satakunnan-sijaisvanhemmat\/wp-content\/uploads\/sites\/23\/2024\/11\/sasiva-kotisivu-3.png","_links":{"self":[{"href":"https:\/\/perhehoitoliitto.fi\/satakunnan-sijaisvanhemmat\/wp-json\/wp\/v2\/pages\/2","targetHints":{"allow":["GET"]}}],"collection":[{"href":"https:\/\/perhehoitoliitto.fi\/satakunnan-sijaisvanhemmat\/wp-json\/wp\/v2\/pages"}],"about":[{"href":"https:\/\/perhehoitoliitto.fi\/satakunnan-sijaisvanhemmat\/wp-json\/wp\/v2\/types\/page"}],"author":[{"embeddable":true,"href":"https:\/\/perhehoitoliitto.fi\/satakunnan-sijaisvanhemmat\/wp-json\/wp\/v2\/users\/1"}],"replies":[{"embeddable":true,"href":"https:\/\/perhehoitoliitto.fi\/satakunnan-sijaisvanhemmat\/wp-json\/wp\/v2\/comments?post=2"}],"version-history":[{"count":42,"href":"https:\/\/perhehoitoliitto.fi\/satakunnan-sijaisvanhemmat\/wp-json\/wp\/v2\/pages\/2\/revisions"}],"predecessor-version":[{"id":208,"href":"https:\/\/perhehoitoliitto.fi\/satakunnan-sijaisvanhemmat\/wp-json\/wp\/v2\/pages\/2\/revisions\/208"}],"wp:featuredmedia":[{"embeddable":true,"href":"https:\/\/perhehoitoliitto.fi\/satakunnan-sijaisvanhemmat\/wp-json\/wp\/v2\/media\/206"}],"wp:attachment":[{"href":"https:\/\/perhehoitoliitto.fi\/satakunnan-sijaisvanhemmat\/wp-json\/wp\/v2\/media?parent=2"}],"curies":[{"name":"wp","href":"https:\/\/api.w.org\/{rel}","templated":true}]}}