{"id":97,"date":"2024-02-28T11:30:24","date_gmt":"2024-02-28T09:30:24","guid":{"rendered":"https:\/\/perhehoitoliitto.fi\/satakunnan-sijaisvanhemmat\/?page_id=97"},"modified":"2025-04-16T17:09:35","modified_gmt":"2025-04-16T14:09:35","slug":"toimintamme","status":"publish","type":"page","link":"https:\/\/perhehoitoliitto.fi\/satakunnan-sijaisvanhemmat\/toimintamme\/","title":{"rendered":"Toimintamme"},"content":{"rendered":"\n<p>Satakunnan Sijaisvanhemmat ry:n tarkoituksena on:<\/p>\n\n\n\n<p><\/p>\n\n\n\n<ul class=\"wp-block-list\">\n<li>Toimia sijaisvanhempien ja sijoitettujen lasten edunvalvojana<\/li>\n\n\n\n<li>J\u00e4rjest\u00e4\u00e4 alan koulutusta ja toimia perhehoidon sis\u00e4ll\u00f6n kehitt\u00e4j\u00e4n\u00e4<\/li>\n\n\n\n<li>Mahdollistaa sijaisperheiden keskin\u00e4ist\u00e4 kanssak\u00e4ymist\u00e4 ja virkist\u00e4ytymist\u00e4<\/li>\n\n\n\n<li>Toimia yhdyssiteen\u00e4 alan yhteis\u00f6ihin sek\u00e4 kuntiin<\/li>\n\n\n\n<li>Jakaa tietoa perhehoidosta<\/li>\n<\/ul>\n\n\n<div class=\"wp-block-ub-content-toggle wp-block-ub-content-toggle-block\" id=\"ub-content-toggle-block-f0df33df-b399-4648-9096-f33ea66fa2b1\" data-mobilecollapse=\"true\" data-desktopcollapse=\"true\" data-preventcollapse=\"false\" data-showonlyone=\"false\">\n<div class=\"wp-block-ub-content-toggle-accordion\" style=\"border-color: #f1f1f1; \" id=\"ub-content-toggle-panel-block-e61aab88-c263-47eb-9fc5-377e5b34b45b\">\n\t\t\t<div class=\"wp-block-ub-content-toggle-accordion-title-wrap\" style=\"background-color: #f1f1f1;\" aria-controls=\"ub-content-toggle-panel-0-f0df33df-b399-4648-9096-f33ea66fa2b1\" tabindex=\"0\">\n\t\t\t<p class=\"wp-block-ub-content-toggle-accordion-title ub-content-toggle-title-f0df33df-b399-4648-9096-f33ea66fa2b1\" style=\"color: #000000; \">Yhdistyksen s\u00e4\u00e4nn\u00f6t<\/p>\n\t\t\t<div class=\"wp-block-ub-content-toggle-accordion-toggle-wrap right\" style=\"color: #000000;\"><span class=\"wp-block-ub-content-toggle-accordion-state-indicator wp-block-ub-chevron-down\"><\/span><\/div>\n\t\t<\/div>\n\t\t\t<div role=\"region\" aria-expanded=\"false\" class=\"wp-block-ub-content-toggle-accordion-content-wrap ub-hide\" id=\"ub-content-toggle-panel-0-f0df33df-b399-4648-9096-f33ea66fa2b1\">\n\n<p>Voimassaolon alku: 15.4.2025<\/p>\n\n\n\n<p><br><strong>1\u00a7 Yhdistyksen nimi ja kotipaikka<\/strong><br>Yhdistyksen nimi on Satakunnan Sijaisvanhemmat ry ja sen kotipaikka on Pori.<\/p>\n\n\n\n<p><br><strong>2\u00a7 Tarkoitus ja toiminnan laatu<\/strong><br>Yhdistyksen tarkoituksena on toimia toimeksiantosuhteisten perhehoitajien taloudellisten,<br>sosiaalisten ja yhteiskunnallisten asioiden etuj\u00e4rjest\u00f6n\u00e4.<\/p>\n\n\n\n<p><br><strong>Tarkoituksensa toteuttamiseksi yhdistys:<\/strong><\/p>\n\n\n\n<ul class=\"wp-block-list\">\n<li>Edist\u00e4\u00e4 laadukkaan perhehoidon toteutumista alueellisena vaikuttajana korostaen oikeusperustaisuutta sek\u00e4 perhehoidon tuen toteutumista.<\/li>\n\n\n\n<li>Kehitt\u00e4\u00e4 ja yll\u00e4pit\u00e4\u00e4 perhehoitajien, perhehoidossa olevien henkil\u00f6iden, viranomaisten ja<br>alan yhteis\u00f6jen v\u00e4list\u00e4 yhteisty\u00f6t\u00e4.<\/li>\n\n\n\n<li>J\u00e4rjest\u00e4\u00e4 koulutus-, virkistys- ja vertaistoimintaa.<\/li>\n\n\n\n<li>J\u00e4rjest\u00e4\u00e4 neuvottelutilaisuuksia ja tehd\u00e4 aloitteita alan muille toimijoille.<\/li>\n\n\n\n<li>Seuraa alan kehittymist\u00e4 sek\u00e4 pit\u00e4\u00e4 yll\u00e4 tarvittavia yhteyksi\u00e4 ja suorittaa muita<br>vastaavanlaisia yhdistyksen tarkoitusperi\u00e4 edist\u00e4vi\u00e4 teht\u00e4vi\u00e4.<br><br><strong>Taloutensa tueksi yhdistys voi:<\/strong><\/li>\n\n\n\n<li>J\u00e4rjest\u00e4\u00e4 asianomaisella luvalla yleis\u00f6tilaisuuksia, myyj\u00e4isi\u00e4, rahanker\u00e4yksi\u00e4 ja arpajaisia.<\/li>\n\n\n\n<li>Hakea avustuksia ja voi ottaa vastaan testamentteja ja lahjoituksia.<\/li>\n\n\n\n<li>Harjoittaa tilavuokrausta.<\/li>\n\n\n\n<li>Harjoittaa toimeksiantosuhteiseen perhehoitoon liittyv\u00e4\u00e4 koulutus- ja julkaisutoimintaa.<\/li>\n\n\n\n<li>J\u00e4rjest\u00e4\u00e4 varainhankintaa toimintaansa liittyvien tuotteiden ja palveluiden myynnill\u00e4.<\/li>\n\n\n\n<li>Omistaa ja hallita toimintaansa varten tarpeellista irtainta ja kiinte\u00e4\u00e4 omaisuutta sek\u00e4<br>sijoitusomaisuutta.<br><\/li>\n<\/ul>\n\n\n\n<p><strong>3\u00a7 J\u00e4senet<\/strong><br>Yhdistyksen varsinaiseksi j\u00e4seneksi voidaan hyv\u00e4ksy\u00e4 henkil\u00f6, joka hyv\u00e4ksyy yhdistyksen<br>tarkoituksen sek\u00e4 toiminnan laadun ja joka on toiminut, toimii tai aikoo toimia perhehoitajana.<br>Varsinaisella j\u00e4senell\u00e4 on yhdistyksen kokouksessa l\u00e4sn\u00e4olo-, puhe-, esitys- ja \u00e4\u00e4nioikeus.<br>Yhdistyksen henkil\u00f6kannatusj\u00e4seniksi voidaan hyv\u00e4ksy\u00e4 yksityinen henkil\u00f6, joka haluaa<br>tukea yhdistyksen tarkoitusta ja toimintaa. Henkil\u00f6kannatusj\u00e4senell\u00e4 on yhdistyksen<br>kokouksessa l\u00e4sn\u00e4olo- ja puheoikeus.<\/p>\n\n\n\n<p><br>Yhdistyksen yhteis\u00f6kannatusj\u00e4seneksi voidaan hyv\u00e4ksy\u00e4 oikeuskelpoinen yhteis\u00f6, joka<br>haluaa tukea yhdistyksen tarkoitusta ja toimintaa. Yhteis\u00f6kannatusj\u00e4senell\u00e4 on yhdistyksen<br>kokouksessa l\u00e4sn\u00e4olo- ja puheoikeus.<\/p>\n\n\n\n<p><br>Varsinaiset j\u00e4senet ja kannattavat j\u00e4senet hyv\u00e4ksyy hakemuksesta yhdistyksen hallitus.<br>Kunniaj\u00e4seneksi voidaan hallituksen esityksest\u00e4 yhdistyksen kokouksessa kutsua henkil\u00f6,<br>joka on huomattavasti edist\u00e4nyt ja tukenut yhdistyksen toimintaa. Kunniaj\u00e4senell\u00e4 on<br>yhdistyksen kokouksessa l\u00e4sn\u00e4olo-, puhe-, esitys- ja \u00e4\u00e4nioikeus.<br><br>J\u00e4sen voi erota yhdistyksest\u00e4 ilmoittamalla siit\u00e4 kirjallisesti yhdistyksen hallitukselle, sen<br>puheenjohtajalle tai muulle hallituksen nime\u00e4m\u00e4lle taikka suullisesti kokouksen p\u00f6yt\u00e4kirjaan.<br>Hallitus voi erottaa j\u00e4senen, jos j\u00e4sen on j\u00e4tt\u00e4nyt er\u00e4\u00e4ntyneen j\u00e4senmaksun maksamatta<br>edelliselt\u00e4 kalenterivuodelta.<\/p>\n\n\n\n<p><br>J\u00e4sen, jonka havaitaan vahingoittaneen yhdistyksen toimintaa tai sen tarkoitusta, voidaan<br>erottaa yhdistyksest\u00e4. P\u00e4\u00e4t\u00f6ksen erottamisesta tekee yhdistyksen hallitus. Ennen p\u00e4\u00e4t\u00f6ksen<br>tekemist\u00e4 asianomaiselle j\u00e4senelle on varattava tilaisuus selityksen antamiseen asiassa,<br>paitsi milloin erottamisen syyn\u00e4 on j\u00e4senmaksun maksamatta j\u00e4tt\u00e4minen. Erotetulla on<br>oikeus saattaa asia yhdistyksen kokouksen ratkaistavaksi. Erotetun on toimitettava t\u00e4h\u00e4n<br>asiaan liittyv\u00e4 vetoomus hallituksen puheenjohtajalle kuukauden (30 p\u00e4iv\u00e4n) kuluessa siit\u00e4,<br>kun hallitus on tiedottanut erotettua p\u00e4\u00e4t\u00f6ksest\u00e4\u00e4n.<\/p>\n\n\n\n<p><br><strong>4\u00a7 Liittymis- ja j\u00e4senmaksu<\/strong><br>Varsinaisilta j\u00e4senilt\u00e4, henkil\u00f6kannatusj\u00e4senilt\u00e4 ja yhteis\u00f6kannatusj\u00e4senilt\u00e4 peritt\u00e4v\u00e4n<br>liittymismaksun ja vuotuisen j\u00e4senmaksun suuruudesta erikseen jokaiselle j\u00e4senryhm\u00e4lle<br>p\u00e4\u00e4tt\u00e4\u00e4 vuosikokous. Kunniaj\u00e4senet eiv\u00e4t suorita j\u00e4senmaksuja.<\/p>\n\n\n\n<p><br><strong>5\u00a7 J\u00e4senoikeudet<\/strong><br>T\u00e4ll\u00e4 s\u00e4\u00e4nt\u00f6muutoksella ei loukata saavutettuja j\u00e4senoikeuksia.<\/p>\n\n\n\n<p><br><strong>6\u00a7 Hallitus<\/strong><br>Yhdistyksen asioita hoitaa hallitus, johon kuuluu vuosikokouksessa valitut puheenjohtaja ja 2-<br>8 muuta varsinaista j\u00e4sent\u00e4 sek\u00e4 0-8 varaj\u00e4sent\u00e4. Hallituksen toimikausi on vuosikokousten<br>v\u00e4linen aika. Puheenjohtaja ja muut varsinaiset hallituksen j\u00e4senet valitaan kahdeksi<br>vuodeksi kerrallaan. Muut hallituksen varaj\u00e4senet valitaan vuodeksi kerrallaan.<\/p>\n\n\n\n<p><br>Suosittavaa olisi, ett\u00e4 hallituksessa olisi j\u00e4sentens\u00e4 kautta edustus monipuolisesti niist\u00e4<br>perhehoidon muodoista, joita yhdistyksen j\u00e4senet edustavat.<\/p>\n\n\n\n<p><br>Hallitus valitsee keskuudestaan varapuheenjohtajan sek\u00e4 ottaa keskuudestaan tai<br>ulkopuoleltaan sihteerin, taloudenhoitajan ja muut tarvittavat toimihenkil\u00f6t. Hallitus kokoontuu<br>puheenjohtajan tai h\u00e4nen estyneen\u00e4 ollessaan varapuheenjohtajan kutsusta, kun he katsovat<br>siihen olevan aihetta tai kun v\u00e4hint\u00e4\u00e4n puolet hallituksen j\u00e4senist\u00e4 sit\u00e4 vaatii.<br>Hallitus on p\u00e4\u00e4t\u00f6svaltainen, kun v\u00e4hint\u00e4\u00e4n puolet sen j\u00e4senist\u00e4, puheenjohtaja tai<br>varapuheenjohtaja mukaan luettuna on l\u00e4sn\u00e4.<\/p>\n\n\n\n<p><br>\u00c4\u00e4nestykset ratkaistaan ehdottomalla \u00e4\u00e4ntenenemmist\u00f6ll\u00e4. \u00c4\u00e4nten menness\u00e4 tasan<br>ratkaisee puheenjohtajan \u00e4\u00e4ni, vaaleissa kuitenkin arpa.<br>Hallitus voi p\u00e4\u00e4tt\u00e4m\u00e4ns\u00e4 menettelyn mukaisesti tehd\u00e4 p\u00e4\u00e4t\u00f6ksi\u00e4 kokousta pit\u00e4m\u00e4tt\u00e4. Jos<br>p\u00e4\u00e4t\u00f6s tehd\u00e4\u00e4n pit\u00e4m\u00e4tt\u00e4 kokousta, se on kirjattava, varmennettava ja s\u00e4ilytett\u00e4v\u00e4<br>luotettavasti.<\/p>\n\n\n\n<p><br><strong>Hallituksen teht\u00e4v\u00e4n\u00e4 on:<\/strong><\/p>\n\n\n\n<ul class=\"wp-block-list\">\n<li>panna t\u00e4yt\u00e4nt\u00f6\u00f6n yhdistyksen kokouksen p\u00e4\u00e4tt\u00e4m\u00e4t asiat<\/li>\n\n\n\n<li>valita keskuudestaan vuosittain varapuheenjohtaja<\/li>\n\n\n\n<li>valita yhdistyksen sihteeri, taloudenhoitaja sek\u00e4 muut tarvittavat toimihenkil\u00f6t ja m\u00e4\u00e4r\u00e4t\u00e4<br>heid\u00e4n teht\u00e4v\u00e4ns\u00e4 ja palkkionsa talousarvion puitteissa<\/li>\n\n\n\n<li>hoitaa yhdistyksen toimintaa ja taloutta toimintasuunnitelman ja talousarvion mukaisesti<\/li>\n\n\n\n<li>yll\u00e4pit\u00e4\u00e4 j\u00e4senluetteloa<\/li>\n\n\n\n<li>laatia ja valmistella yhdistyksen vuosikokouksen kutsu ja esityslista<\/li>\n\n\n\n<li>esitt\u00e4\u00e4 edellisen vuoden tilinp\u00e4\u00e4t\u00f6s tai vuosilaskelma sek\u00e4 vuosikertomus vuosikokoukselle<\/li>\n\n\n\n<li>suorittaa muut hallitukselle annetut ja kuuluvat teht\u00e4v\u00e4t<\/li>\n<\/ul>\n\n\n\n<p><br><strong>7\u00a7 Yhdistyksen nimen kirjoittaminen<\/strong><br>Yhdistyksen nimen kirjoittavat puheenjohtaja, varapuheenjohtaja, sihteeri tai taloudenhoitaja,<br>kaksi aina yhdess\u00e4.<\/p>\n\n\n\n<p><br><strong>8\u00a7 Yhdistyksen tilikausi ja toiminnantarkastus<\/strong><br>Yhdistyksen tilikausi on kalenterivuosi.<\/p>\n\n\n\n<p><br>Tilinp\u00e4\u00e4t\u00f6s on annettava toiminnantarkastajalle helmikuun loppuun menness\u00e4.<br>Toiminnantarkastajan tulee ennen maaliskuun 15. p\u00e4iv\u00e4\u00e4 antaa hallitukselle lausunto tilien ja<br>hallinnon tarkastuksesta.<\/p>\n\n\n\n<p><br><strong>9\u00a7 Yhdistyksen kokoukset<\/strong><br>Yhdistyksen kokoukseen voidaan osallistua hallituksen tai yhdistyksen kokouksen niin<br>p\u00e4\u00e4tt\u00e4ess\u00e4 my\u00f6s postitse taikka tietoliikenneyhteyden tai muun teknisen apuv\u00e4lineen avulla<br>kokouksen aikana tai ennen kokousta.<\/p>\n\n\n\n<p><br>Yhdistyksen vuosikokous pidet\u00e4\u00e4n vuosittain hallituksen m\u00e4\u00e4r\u00e4\u00e4m\u00e4n\u00e4 p\u00e4iv\u00e4n\u00e4 toukokuun<br>loppuun menness\u00e4.<\/p>\n\n\n\n<p><br>Yhdistys voidaan kutsua ylim\u00e4\u00e4r\u00e4iseen kokoukseen, jos hallitus katsoo sen tarpeelliseksi tai<br>jos yksi kymmenesosa (1\/10) \u00e4\u00e4nioikeutetuista j\u00e4senist\u00e4 sit\u00e4 kirjallisesti hallitukselta<br>erityisesti ilmoitettua asiaa varten pyyt\u00e4\u00e4.<\/p>\n\n\n\n<p><br>Yhdistyksen kokouksissa on jokaisella varsinaisella j\u00e4senell\u00e4 ja kunniaj\u00e4senell\u00e4 yksi \u00e4\u00e4ni.<br>Yhdistyksen kokouksen p\u00e4\u00e4t\u00f6kseksi tulee, ellei s\u00e4\u00e4nn\u00f6iss\u00e4 ole toisin m\u00e4\u00e4r\u00e4tty, se mielipide,<br>jota on kannattanut yli puolet annetuista \u00e4\u00e4nist\u00e4. \u00c4\u00e4nten menness\u00e4 tasan ratkaisee<br>kokouksen puheenjohtajan \u00e4\u00e4ni, vaaleissa kuitenkin arpa.<\/p>\n\n\n\n<p><br><strong>10\u00a7 Yhdistyksen kokousten koollekutsuminen<\/strong><br>Hallituksen on kutsuttava yhdistyksen kokoukset koolle v\u00e4hint\u00e4\u00e4n nelj\u00e4toista vuorokautta<br>ennen kokousta j\u00e4senille postitetuilla kirjeill\u00e4 tai s\u00e4hk\u00f6isesti jokaiselle j\u00e4senelle l\u00e4hetett\u00e4v\u00e4ll\u00e4<br>tiedotteella.<\/p>\n\n\n\n<p><br><strong>11\u00a7 Vuosikokous<\/strong><\/p>\n\n\n\n<p><strong>Yhdistyksen vuosikokouksessa k\u00e4sitell\u00e4\u00e4n seuraava asiat:<\/strong><\/p>\n\n\n\n<ul class=\"wp-block-list\">\n<li>kokouksen avaus<\/li>\n\n\n\n<li>valitaan kokouksen puheenjohtaja ja sihteeri<\/li>\n\n\n\n<li>valitaan kokouksen kaksi p\u00f6yt\u00e4kirjan tarkastajaa ja tarvittaessa kaksi \u00e4\u00e4ntenlaskijaa<\/li>\n\n\n\n<li>todetaan kokouksen laillisuus ja p\u00e4\u00e4t\u00f6svaltaisuus<\/li>\n\n\n\n<li>hyv\u00e4ksyt\u00e4\u00e4n kokouksen ty\u00f6j\u00e4rjestys<\/li>\n\n\n\n<li>esitet\u00e4\u00e4n tilinp\u00e4\u00e4t\u00f6s tai vuosilaskelma ja toimintakertomus tai vuosikertomus<\/li>\n\n\n\n<li>esitet\u00e4\u00e4n toiminnantarkastajan lausunto<\/li>\n\n\n\n<li>p\u00e4\u00e4tet\u00e4\u00e4n tilinp\u00e4\u00e4t\u00f6ksen tai vuosilaskelman vahvistamisesta sek\u00e4 vastuuvapauden<br>my\u00f6nt\u00e4misest\u00e4 hallitukselle ja muille vastuuvelvollisille<\/li>\n\n\n\n<li>p\u00e4\u00e4tet\u00e4\u00e4n hallituksen j\u00e4senten ja toiminnantarkastajien palkkiot<\/li>\n\n\n\n<li>valitaan hallituksen puheenjohtaja<\/li>\n\n\n\n<li>valitaan muut hallituksen j\u00e4senet s\u00e4\u00e4nt\u00f6jen 6\u00a7:n mukaisesti<\/li>\n\n\n\n<li>valitaan yksi toiminnantarkastaja ja yksi varatoiminnantarkastaja tarkastamaan kuluvan<br>vuoden tilej\u00e4 ja hallintoa<\/li>\n\n\n\n<li>p\u00e4\u00e4tet\u00e4\u00e4n kuluvan vuoden toimintasuunnitelman vahvistamisesta<\/li>\n\n\n\n<li>p\u00e4\u00e4tet\u00e4\u00e4n kuluvan vuoden talousarvion vahvistamisesta<\/li>\n\n\n\n<li>p\u00e4\u00e4tet\u00e4\u00e4n seuraavan kalenterivuoden j\u00e4senmaksujen suuruudet<\/li>\n\n\n\n<li>k\u00e4sitell\u00e4\u00e4n muut asiat<\/li>\n\n\n\n<li>kokouksen p\u00e4\u00e4tt\u00e4minen<br><br>P\u00e4\u00e4t\u00f6st\u00e4 Yhdistyslain 23 \u00a7:ss\u00e4 mainitussa ja muussa siihen verrattavassa asiassa ei<br>kokouksessa saa tehd\u00e4, ellei asiaa ole mainittu kokouskutsussa.<\/li>\n<\/ul>\n\n\n\n<p><strong>12\u00a7 S\u00e4\u00e4nt\u00f6jen muuttaminen<\/strong><br>N\u00e4iden s\u00e4\u00e4nt\u00f6jen muuttamisesta voidaan p\u00e4\u00e4tt\u00e4\u00e4 yhdistyksen kokouksessa v\u00e4hint\u00e4\u00e4n kolme<br>nelj\u00e4sosan (3\/4) enemmist\u00f6ll\u00e4 annetuista \u00e4\u00e4nist\u00e4. Kokouskutsussa on mainittava s\u00e4\u00e4nt\u00f6jen<br>muuttamisesta.<\/p>\n\n\n\n<p><br><strong>13\u00a7 Yhdistyksen purkautuminen<\/strong><br>P\u00e4\u00e4t\u00f6s yhdistyksen purkamisesta on teht\u00e4v\u00e4 yhdistyksen kokouksessa v\u00e4hint\u00e4\u00e4n kolmen<br>nelj\u00e4sosan (3\/4) enemmist\u00f6ll\u00e4 annetuista \u00e4\u00e4nist\u00e4.<\/p>\n\n\n\n<p><br>Kokouskutsussa on mainittava yhdistyksen purkamisesta. Yhdistyksen purkautuessa<br>k\u00e4ytet\u00e4\u00e4n yhdistyksen varat yhdistyksen tarkoituksen edist\u00e4miseen purkamisesta p\u00e4\u00e4tt\u00e4v\u00e4n<br>kokouksen m\u00e4\u00e4r\u00e4\u00e4m\u00e4ll\u00e4 tavalla. Yhdistyksen tullessa lakkautetuksi k\u00e4ytet\u00e4\u00e4n sen varat<br>samaan tarkoitukseen.<\/p>\n\n\n\n<p><\/p>\n\n<\/div>\n\t\t<\/div>\n<\/div>","protected":false},"excerpt":{"rendered":"<p>Satakunnan Sijaisvanhemmat ry:n tarkoituksena on:<\/p>\n","protected":false},"author":3,"featured_media":0,"parent":0,"menu_order":0,"comment_status":"closed","ping_status":"closed","template":"","meta":{"_acf_changed":false,"footnotes":""},"class_list":["post-97","page","type-page","status-publish","hentry"],"acf":[],"aioseo_notices":[],"featured_image_src":null,"_links":{"self":[{"href":"https:\/\/perhehoitoliitto.fi\/satakunnan-sijaisvanhemmat\/wp-json\/wp\/v2\/pages\/97","targetHints":{"allow":["GET"]}}],"collection":[{"href":"https:\/\/perhehoitoliitto.fi\/satakunnan-sijaisvanhemmat\/wp-json\/wp\/v2\/pages"}],"about":[{"href":"https:\/\/perhehoitoliitto.fi\/satakunnan-sijaisvanhemmat\/wp-json\/wp\/v2\/types\/page"}],"author":[{"embeddable":true,"href":"https:\/\/perhehoitoliitto.fi\/satakunnan-sijaisvanhemmat\/wp-json\/wp\/v2\/users\/3"}],"replies":[{"embeddable":true,"href":"https:\/\/perhehoitoliitto.fi\/satakunnan-sijaisvanhemmat\/wp-json\/wp\/v2\/comments?post=97"}],"version-history":[{"count":10,"href":"https:\/\/perhehoitoliitto.fi\/satakunnan-sijaisvanhemmat\/wp-json\/wp\/v2\/pages\/97\/revisions"}],"predecessor-version":[{"id":215,"href":"https:\/\/perhehoitoliitto.fi\/satakunnan-sijaisvanhemmat\/wp-json\/wp\/v2\/pages\/97\/revisions\/215"}],"wp:attachment":[{"href":"https:\/\/perhehoitoliitto.fi\/satakunnan-sijaisvanhemmat\/wp-json\/wp\/v2\/media?parent=97"}],"curies":[{"name":"wp","href":"https:\/\/api.w.org\/{rel}","templated":true}]}}