{"id":100,"date":"2024-02-28T11:37:23","date_gmt":"2024-02-28T09:37:23","guid":{"rendered":"https:\/\/perhehoitoliitto.fi\/suomen-perhehoitajat\/?page_id=100"},"modified":"2026-01-08T23:37:48","modified_gmt":"2026-01-08T21:37:48","slug":"yhteystiedot","status":"publish","type":"page","link":"https:\/\/perhehoitoliitto.fi\/suomen-perhehoitajat\/yhteystiedot\/","title":{"rendered":"Yhteystiedot"},"content":{"rendered":"\n<p><strong>Suomen Perhehoitajat ry<\/strong><\/p>\n\n\n\n<p>Puheenjohtaja Kimmo H\u00e4llback<\/p>\n\n\n\n<ul class=\"wp-block-list\">\n<li>p. <a href=\"tel:+358400546674\" title=\"\">0400 546 674<\/a><\/li>\n\n\n\n<li><a href=\"mailto:kimmo.hallback@gmail.com\">kimmo.hallback@gmail.com<\/a><\/li>\n<\/ul>\n\n\n\n<p>Sihteeri Kati Tiilikainen-Kinanen<\/p>\n\n\n\n<ul class=\"wp-block-list\">\n<li>p. <a href=\"tel:+358443089699\" title=\"\">044 308 9699<\/a><\/li>\n\n\n\n<li><a href=\"mailto:katinkanposti@gmail.com\">katinkanposti@gmail.com<\/a><\/li>\n<\/ul>\n\n\n\n<p>Tiedottaja Veli-Pekka Johansson<\/p>\n\n\n\n<ul class=\"wp-block-list\">\n<li>p. <a href=\"tel:+358505914380\" title=\"\">050 591 4380<\/a><\/li>\n\n\n\n<li><a href=\"mailto:veli-pekka.johansson@surffi.fi\">veli-pekka.johansson@surffi.fi<\/a><\/li>\n<\/ul>\n\n\n\n<p>J\u00e4senasiat Seija Uutela<\/p>\n\n\n\n<ul class=\"wp-block-list\">\n<li>p. <a href=\"tel:+358405773703\" title=\"\">040 577 3703<\/a><\/li>\n\n\n\n<li><a href=\"mailto:seija.uutela@hotmail.com\">seija.uutela@hotmail.com<\/a><\/li>\n<\/ul>\n\n\n\n<p>Rahastonhoitaja Ulla Manninen<\/p>\n\n\n\n<ul class=\"wp-block-list\">\n<li>p. 050 547 6893<\/li>\n\n\n\n<li><a href=\"mailto:seija.uutela@hotmail.com\">ulla.manninen@elisanet.fi<\/a><\/li>\n<\/ul>\n\n\n<div class=\"wp-block-ub-content-toggle wp-block-ub-content-toggle-block\" id=\"ub-content-toggle-block-4472a350-5b91-4beb-91d6-53680b834412\" data-mobilecollapse=\"true\" data-desktopcollapse=\"true\" data-preventcollapse=\"false\" data-showonlyone=\"false\">\n<div class=\"wp-block-ub-content-toggle-accordion\" style=\"border-color: #f1f1f1; \" id=\"ub-content-toggle-panel-block-e4438e68-8561-486d-9023-1410a492a546\">\n\t\t\t<div class=\"wp-block-ub-content-toggle-accordion-title-wrap\" style=\"background-color: #f1f1f1;\" aria-controls=\"ub-content-toggle-panel-0-4472a350-5b91-4beb-91d6-53680b834412\" tabindex=\"0\">\n\t\t\t<p class=\"wp-block-ub-content-toggle-accordion-title ub-content-toggle-title-4472a350-5b91-4beb-91d6-53680b834412\" style=\"color: #000000; \">Hallitus<\/p>\n\t\t\t<div class=\"wp-block-ub-content-toggle-accordion-toggle-wrap right\" style=\"color: #000000;\"><span class=\"wp-block-ub-content-toggle-accordion-state-indicator wp-block-ub-chevron-down\"><\/span><\/div>\n\t\t<\/div>\n\t\t\t<div role=\"region\" aria-expanded=\"false\" class=\"wp-block-ub-content-toggle-accordion-content-wrap ub-hide\" id=\"ub-content-toggle-panel-0-4472a350-5b91-4beb-91d6-53680b834412\">\n\n<ul class=\"wp-block-list\">\n<li>Puheenjohtaja Kimmo H\u00e4llback<\/li>\n\n\n\n<li>Varapuheenjohtaja Minna Ahokas<\/li>\n\n\n\n<li>Sihteeri Kati Tiilikainen-Kinanen<\/li>\n\n\n\n<li>J\u00e4sen Veli-Pekka Johansson<\/li>\n\n\n\n<li>J\u00e4sen Sanna Ihalainen<\/li>\n\n\n\n<li>J\u00e4sen Sanna Huoman<\/li>\n<\/ul>\n\n\n\n<p><strong>Hallituksen kokousajat:<\/strong><\/p>\n\n\n\n<ul class=\"wp-block-list\">\n<li>7.1.2025 17.30, et\u00e4kokous<\/li>\n\n\n\n<li>4.2.2025 klo 17.30, et\u00e4kokous<\/li>\n\n\n\n<li>4.3.2025 klo 17.30, et\u00e4kokous<\/li>\n\n\n\n<li>12.5.2025 klo 18.00, et\u00e4kokous,  hallituksenj\u00e4rjest\u00e4ytymiskokous<\/li>\n\n\n\n<li>3.6.2025 klo 17.30, et\u00e4kokous<\/li>\n\n\n\n<li>12.8.2025, 17.30, et\u00e4kokous<\/li>\n\n\n\n<li>27.10.2025, 17.30, et\u00e4kokous<\/li>\n\n\n\n<li>6.11.2025, 17.30 et\u00e4kokous<\/li>\n\n\n\n<li>4.12.2025, 17.30 et\u00e4kokous<\/li>\n\n\n\n<li>31.1.2026, 10.00, Tuukkala ABC Mikkeli<\/li>\n<\/ul>\n\n\n\n<p>Hallituksen ty\u00f6skentely- ja suunnittelup\u00e4iv\u00e4 31.1.2026 Tuukkalan ABC Mikkeli 10.00-16.00<\/p>\n\n\n\n<p><\/p>\n\n\n\n<p>Ole yhteydess\u00e4 hallitukseen, jos haluat asiaasi k\u00e4sitelt\u00e4v\u00e4n. Yhteystiedot l\u00f6yd\u00e4t toimikuntien alta.<\/p>\n\n<\/div>\n\t\t<\/div>\n\n<div class=\"wp-block-ub-content-toggle-accordion\" style=\"border-color: #f1f1f1; \" id=\"ub-content-toggle-panel-block-930491dd-4bfd-4dd8-b2ab-7f3dc4f0f5f2\">\n\t\t\t<div class=\"wp-block-ub-content-toggle-accordion-title-wrap\" style=\"background-color: #f1f1f1;\" aria-controls=\"ub-content-toggle-panel-1-4472a350-5b91-4beb-91d6-53680b834412\" tabindex=\"0\">\n\t\t\t<p class=\"wp-block-ub-content-toggle-accordion-title ub-content-toggle-title-4472a350-5b91-4beb-91d6-53680b834412\" style=\"color: #000000; \">Toimikunnat<\/p>\n\t\t\t<div class=\"wp-block-ub-content-toggle-accordion-toggle-wrap right\" style=\"color: #000000;\"><span class=\"wp-block-ub-content-toggle-accordion-state-indicator wp-block-ub-chevron-down\"><\/span><\/div>\n\t\t<\/div>\n\t\t\t<div role=\"region\" aria-expanded=\"false\" class=\"wp-block-ub-content-toggle-accordion-content-wrap ub-hide\" id=\"ub-content-toggle-panel-1-4472a350-5b91-4beb-91d6-53680b834412\">\n\n<p><strong>Lapsen oikeuksien toimikunta<\/strong><\/p>\n\n\n\n<ul class=\"wp-block-list\">\n<li>Minna Ahokas: p <a href=\"tel:+358503598514\" title=\"\">050 359 8514<\/a>, <a href=\"mailto:ahokas.minna@gmail.com\">ahokas.minna@gmail.com<\/a><\/li>\n<\/ul>\n\n\n\n<p><\/p>\n\n\n\n<p><strong>Talous- ja varainhankinta<\/strong><\/p>\n\n\n\n<ul class=\"wp-block-list\">\n<li>Kimmo H\u00e4llback: p. <a href=\"tel:+358400546674\" title=\"\">0400 546 674<\/a>, <a href=\"mailto:kimmo.hallback@gmail.com\">kimmo.hallback@gmail.com<\/a><\/li>\n<\/ul>\n\n\n\n<p><\/p>\n\n\n\n<p><strong>Edunvalvonta ja yhteiskuntasuhteet<\/strong><\/p>\n\n\n\n<ul class=\"wp-block-list\">\n<li>Minna Ahokas: p <a href=\"tel:+358503598514\" title=\"\">050 359 8514<\/a>, <a href=\"mailto:ahokas.minna@gmail.com\">ahokas.minna@gmail.com<\/a><\/li>\n<\/ul>\n\n\n\n<p><\/p>\n\n\n\n<p><strong>Koulutus<\/strong><\/p>\n\n\n\n<ul class=\"wp-block-list\">\n<li>Kati Tiilikainen-Kinanen: p. <a href=\"tel:+358443089699\" title=\"\">044 308 9699<\/a>, <a href=\"mailto:seija.uutela@hotmail.com\"><\/a><a href=\"mailto:katinkanposti@gmail.com\">katinkanposti@gmail.com<\/a><\/li>\n<\/ul>\n\n\n\n<p><\/p>\n\n\n\n<p><\/p>\n\n\n\n<p><strong>Tapahtumat<\/strong><\/p>\n\n\n\n<ul class=\"wp-block-list\">\n<li>Ulla Manninen: p. <a href=\"tel:+358405476893\" title=\"\">050 547 6893<\/a>, <a href=\"mailto:ulla.manninen@elisanet.fi\">ulla.manninen@elisanet.fi<\/a><\/li>\n<\/ul>\n\n\n\n<p><\/p>\n\n\n\n<p><strong>Viestint\u00e4<\/strong><\/p>\n\n\n\n<ul class=\"wp-block-list\">\n<li>Veli-Pekka Johansson: p. <a href=\"tel:+358505914380\" title=\"\">050 591 4380<\/a>, <a href=\"mailto:veli-pekka.johansson@surffi.fi\">veli-pekka.johansson@surffi.fi<\/a><\/li>\n<\/ul>\n\n\n\n<p><\/p>\n\n\n\n<p><strong>Vertaistuki<\/strong><\/p>\n\n\n\n<ul class=\"wp-block-list\">\n<li>Merja Sillanp\u00e4\u00e4: p. <a href=\"tel:+358405602761\" title=\"\">040 560 2761<\/a>, <a href=\"mailto:merja.sillanpaa@kymp.net\">merja.sillanpaa@kymp.net<\/a><\/li>\n<\/ul>\n\n\n\n<p><strong>Nuorisoty\u00f6<\/strong><\/p>\n\n\n\n<ul class=\"wp-block-list\">\n<li>Sanna Huoman: p. 0405482656 <a href=\"mailto:merja.sillanpaa@kymp.net\">sanna.huoman@gmail.com<\/a><\/li>\n<\/ul>\n\n<\/div>\n\t\t<\/div>\n<\/div>","protected":false},"excerpt":{"rendered":"<p>Suomen Perhehoitajat ry Puheenjohtaja Kimmo H\u00e4llback Sihteeri Kati Tiilikainen-Kinanen Tiedottaja Veli-Pekka Johansson J\u00e4senasiat Seija Uutela Rahastonhoitaja Ulla Manninen<\/p>\n","protected":false},"author":3,"featured_media":0,"parent":0,"menu_order":0,"comment_status":"closed","ping_status":"closed","template":"","meta":{"_acf_changed":false,"footnotes":""},"class_list":["post-100","page","type-page","status-publish","hentry"],"acf":[],"aioseo_notices":[],"featured_image_src":null,"_links":{"self":[{"href":"https:\/\/perhehoitoliitto.fi\/suomen-perhehoitajat\/wp-json\/wp\/v2\/pages\/100","targetHints":{"allow":["GET"]}}],"collection":[{"href":"https:\/\/perhehoitoliitto.fi\/suomen-perhehoitajat\/wp-json\/wp\/v2\/pages"}],"about":[{"href":"https:\/\/perhehoitoliitto.fi\/suomen-perhehoitajat\/wp-json\/wp\/v2\/types\/page"}],"author":[{"embeddable":true,"href":"https:\/\/perhehoitoliitto.fi\/suomen-perhehoitajat\/wp-json\/wp\/v2\/users\/3"}],"replies":[{"embeddable":true,"href":"https:\/\/perhehoitoliitto.fi\/suomen-perhehoitajat\/wp-json\/wp\/v2\/comments?post=100"}],"version-history":[{"count":21,"href":"https:\/\/perhehoitoliitto.fi\/suomen-perhehoitajat\/wp-json\/wp\/v2\/pages\/100\/revisions"}],"predecessor-version":[{"id":238,"href":"https:\/\/perhehoitoliitto.fi\/suomen-perhehoitajat\/wp-json\/wp\/v2\/pages\/100\/revisions\/238"}],"wp:attachment":[{"href":"https:\/\/perhehoitoliitto.fi\/suomen-perhehoitajat\/wp-json\/wp\/v2\/media?parent=100"}],"curies":[{"name":"wp","href":"https:\/\/api.w.org\/{rel}","templated":true}]}}