{"id":109,"date":"2024-02-28T11:57:19","date_gmt":"2024-02-28T09:57:19","guid":{"rendered":"https:\/\/perhehoitoliitto.fi\/suomen-perhehoitajat\/?page_id=109"},"modified":"2025-10-21T20:53:36","modified_gmt":"2025-10-21T17:53:36","slug":"liity-jaseneksi","status":"publish","type":"page","link":"https:\/\/perhehoitoliitto.fi\/suomen-perhehoitajat\/liity-jaseneksi\/","title":{"rendered":"Liity j\u00e4seneksi"},"content":{"rendered":"\n<p>Suomen Perhehoitajat ry:n varsinaisiksi j\u00e4seniksi voivat liitty\u00e4 kaikki sellaiset hallituksen hyv\u00e4ksym\u00e4t yksityiset henkil\u00f6t, jotka toimivat, ovat toimineet tai aikovat toimia perhehoitajina ja hyv\u00e4ksyv\u00e4t s\u00e4\u00e4nt\u00f6jen mukaisen yhdistyksen toiminnan ja tarkoituksen.<\/p>\n\n\n\n<p><strong>Yhdistyksen j\u00e4senmaksut:<\/strong><\/p>\n\n\n\n<ul class=\"wp-block-list\">\n<li>Varsinainen j\u00e4sen 25,-<\/li>\n\n\n\n<li>Kannatusj\u00e4sen 60,-<\/li>\n\n\n\n<li>Yhteis\u00f6kannatusj\u00e4sen 150,-<\/li>\n<\/ul>\n\n\n\n<p>Lis\u00e4tietoa j\u00e4senasioissa antaa Seija Uutela:<\/p>\n\n\n\n<ul class=\"wp-block-list\">\n<li>p. <a href=\"tel:+358405773703\" title=\"\">040 577 3703<\/a><\/li>\n\n\n\n<li><a href=\"mailto:seija.uutela@hotmail.com\">seija.uutela@hotmail.com<\/a><\/li>\n<\/ul>\n\n\n\n<div class=\"wp-block-buttons is-layout-flex wp-block-buttons-is-layout-flex\">\n<div class=\"wp-block-button\"><a class=\"wp-block-button__link wp-element-button\" href=\"https:\/\/atom.flomembers.com\/suomen-perhehoitajat\/members\/application?_lang=fi\">T\u00e4yt\u00e4 j\u00e4senhakemus<\/a><\/div>\n<\/div>\n","protected":false},"excerpt":{"rendered":"<p>Suomen Perhehoitajat ry:n varsinaisiksi j\u00e4seniksi voivat liitty\u00e4 kaikki sellaiset hallituksen hyv\u00e4ksym\u00e4t yksityiset henkil\u00f6t, jotka toimivat, ovat toimineet tai aikovat toimia&#8230;<\/p>\n","protected":false},"author":3,"featured_media":0,"parent":0,"menu_order":0,"comment_status":"closed","ping_status":"closed","template":"","meta":{"_acf_changed":false,"footnotes":""},"class_list":["post-109","page","type-page","status-publish","hentry"],"acf":[],"aioseo_notices":[],"featured_image_src":null,"_links":{"self":[{"href":"https:\/\/perhehoitoliitto.fi\/suomen-perhehoitajat\/wp-json\/wp\/v2\/pages\/109","targetHints":{"allow":["GET"]}}],"collection":[{"href":"https:\/\/perhehoitoliitto.fi\/suomen-perhehoitajat\/wp-json\/wp\/v2\/pages"}],"about":[{"href":"https:\/\/perhehoitoliitto.fi\/suomen-perhehoitajat\/wp-json\/wp\/v2\/types\/page"}],"author":[{"embeddable":true,"href":"https:\/\/perhehoitoliitto.fi\/suomen-perhehoitajat\/wp-json\/wp\/v2\/users\/3"}],"replies":[{"embeddable":true,"href":"https:\/\/perhehoitoliitto.fi\/suomen-perhehoitajat\/wp-json\/wp\/v2\/comments?post=109"}],"version-history":[{"count":8,"href":"https:\/\/perhehoitoliitto.fi\/suomen-perhehoitajat\/wp-json\/wp\/v2\/pages\/109\/revisions"}],"predecessor-version":[{"id":215,"href":"https:\/\/perhehoitoliitto.fi\/suomen-perhehoitajat\/wp-json\/wp\/v2\/pages\/109\/revisions\/215"}],"wp:attachment":[{"href":"https:\/\/perhehoitoliitto.fi\/suomen-perhehoitajat\/wp-json\/wp\/v2\/media?parent=109"}],"curies":[{"name":"wp","href":"https:\/\/api.w.org\/{rel}","templated":true}]}}