{"id":2,"date":"2024-01-23T15:53:19","date_gmt":"2024-01-23T13:53:19","guid":{"rendered":"https:\/\/perhehoitoliitto.fi\/suomen-perhehoitajat\/?page_id=2"},"modified":"2024-06-18T13:11:37","modified_gmt":"2024-06-18T10:11:37","slug":"esimerkkisivu","status":"publish","type":"page","link":"https:\/\/perhehoitoliitto.fi\/suomen-perhehoitajat\/","title":{"rendered":"Suomen Perhehoitajat ry"},"content":{"rendered":"\n<p>Suomen Perhehoitajat ry toimii perhehoitajien etuj\u00e4rjest\u00f6n\u00e4 ja edunvalvojana. Yhdistys edist\u00e4\u00e4 laadukkaan perhehoidon toteutumista korostaen oikeusperustaisuutta sek\u00e4 perhehoidon tuen toteutumista. Toimintamme perustuu j\u00e4senist\u00f6mme tarpeisiin. Tunnistamme perhehoidon monimuotoisuuden, vaikuttavuuden ja haasteet. Yhdistys toimii kaikilla perhehoidon osa-alueilla: lapset, ik\u00e4ihmiset, kehitysvammaiset, mielenterveyskuntoutujat.<\/p>\n\n\n\n<p>Yhdistys toimii aktiivisesti eri toimijoiden kanssa, kuten esimerkiksi hyvinvointialueet. Tavoitteena on yll\u00e4pit\u00e4\u00e4 ja kehitt\u00e4\u00e4 yhteisty\u00f6t\u00e4 sek\u00e4 toimintatapoja, jotta laadukas perhehoito toteutuu. Emme v\u00e4lttele my\u00f6s vaikeisiin asioihin tarttumista.<\/p>\n\n\n\n<p>Me yhdistyksen\u00e4 haluamme olla tukemassa matkaasi perhehoitajana ja tarjoamme j\u00e4senillemme koulutusta, vertaistukea ja virkist\u00e4ytymist\u00e4. Tule mukaan toimintaamme &#8211; voit olla aktiivinen tai passiivinen tai kaikkea silt\u00e4 v\u00e4lilt\u00e4, panostasi tarvitaan. Liity jo t\u00e4n\u00e4\u00e4n, yhdess\u00e4 olemme enemm\u00e4n!<\/p>\n\n\n\n<div class=\"wp-block-buttons is-content-justification-center is-layout-flex wp-container-core-buttons-is-layout-16018d1d wp-block-buttons-is-layout-flex\">\n<div class=\"wp-block-button\"><a class=\"wp-block-button__link wp-element-button\" href=\"https:\/\/perhehoitoliitto.fi\/suomen-perhehoitajat\/toimintamme\/\">Toimintamme<\/a><\/div>\n\n\n\n<div class=\"wp-block-button\"><a class=\"wp-block-button__link has-text-align-center wp-element-button\" href=\"https:\/\/perhehoitoliitto.fi\/suomen-perhehoitajat\/liity-jaseneksi\/\">Liity j\u00e4seneksi<\/a><\/div>\n\n\n\n<div class=\"wp-block-button\"><a class=\"wp-block-button__link has-text-align-center wp-element-button\" href=\"https:\/\/perhehoitoliitto.fi\/suomen-perhehoitajat\/yhteystiedot\/\">Yhteystiedot<\/a><\/div>\n<\/div>\n","protected":false},"excerpt":{"rendered":"<p>Suomen Perhehoitajat ry toimii perhehoitajien etuj\u00e4rjest\u00f6n\u00e4 ja edunvalvojana. Yhdistys edist\u00e4\u00e4 laadukkaan perhehoidon toteutumista korostaen oikeusperustaisuutta sek\u00e4 perhehoidon tuen toteutumista. Toimintamme&#8230;<\/p>\n","protected":false},"author":1,"featured_media":159,"parent":0,"menu_order":0,"comment_status":"closed","ping_status":"open","template":"","meta":{"_acf_changed":false,"footnotes":""},"class_list":["post-2","page","type-page","status-publish","has-post-thumbnail","hentry"],"acf":[],"aioseo_notices":[],"featured_image_src":"https:\/\/perhehoitoliitto.fi\/suomen-perhehoitajat\/wp-content\/uploads\/sites\/24\/2024\/06\/taustakuva_puussa2.jpg","_links":{"self":[{"href":"https:\/\/perhehoitoliitto.fi\/suomen-perhehoitajat\/wp-json\/wp\/v2\/pages\/2","targetHints":{"allow":["GET"]}}],"collection":[{"href":"https:\/\/perhehoitoliitto.fi\/suomen-perhehoitajat\/wp-json\/wp\/v2\/pages"}],"about":[{"href":"https:\/\/perhehoitoliitto.fi\/suomen-perhehoitajat\/wp-json\/wp\/v2\/types\/page"}],"author":[{"embeddable":true,"href":"https:\/\/perhehoitoliitto.fi\/suomen-perhehoitajat\/wp-json\/wp\/v2\/users\/1"}],"replies":[{"embeddable":true,"href":"https:\/\/perhehoitoliitto.fi\/suomen-perhehoitajat\/wp-json\/wp\/v2\/comments?post=2"}],"version-history":[{"count":33,"href":"https:\/\/perhehoitoliitto.fi\/suomen-perhehoitajat\/wp-json\/wp\/v2\/pages\/2\/revisions"}],"predecessor-version":[{"id":161,"href":"https:\/\/perhehoitoliitto.fi\/suomen-perhehoitajat\/wp-json\/wp\/v2\/pages\/2\/revisions\/161"}],"wp:featuredmedia":[{"embeddable":true,"href":"https:\/\/perhehoitoliitto.fi\/suomen-perhehoitajat\/wp-json\/wp\/v2\/media\/159"}],"wp:attachment":[{"href":"https:\/\/perhehoitoliitto.fi\/suomen-perhehoitajat\/wp-json\/wp\/v2\/media?parent=2"}],"curies":[{"name":"wp","href":"https:\/\/api.w.org\/{rel}","templated":true}]}}