{"id":104,"date":"2024-03-05T14:25:47","date_gmt":"2024-03-05T12:25:47","guid":{"rendered":"https:\/\/perhehoitoliitto.fi\/varsinais-suomen-sijaisperheet\/?page_id=104"},"modified":"2026-03-30T21:24:20","modified_gmt":"2026-03-30T18:24:20","slug":"toimintamme","status":"publish","type":"page","link":"https:\/\/perhehoitoliitto.fi\/varsinais-suomen-sijaisperheet\/toimintamme\/","title":{"rendered":"Toimintamme"},"content":{"rendered":"\n<p>Tervetuloa Silava ry:n viralliselle nettisivulle! T\u00e4\u00e4lt\u00e4 l\u00f6yd\u00e4t kaikille avoimet perustiedot yhdistyksest\u00e4mme. Vain j\u00e4senillemme avoimina tiedotus- ja keskustelukanavina toimivat WhatsApp-ryhm\u00e4 sek\u00e4 Facebook-sivusto. Varmista, ett\u00e4 olet mukana!<\/p>\n\n\n\n<p>Varsinais-Suomen Sijaisperheet SILAVA ry<\/p>\n\n\n\n<p><strong>TOIMINTASUUNNITELMA 2026<\/strong><\/p>\n\n\n\n<p><strong>Hyv\u00e4 perhehoito kuuluu kaikille!<\/strong><br>Varsinais-Suomen Sijaisperheet SILAVA ry toiminnan perusl\u00e4ht\u00f6kohtana on kehitt\u00e4\u00e4 ja edist\u00e4\u00e4 perhehoitajien ja perhehoidossa olevien henkil\u00f6iden asemaa. Yhdistyksen perusl\u00e4ht\u00f6kohtana on, ett\u00e4 sijaisvanhemmat pystyv\u00e4t toimimaan hyvin\u00e4 vanhempina lapsille. Vuosi 2026 on Varsinais-Suomen Sijaisperheet SILAVA ry 39. toimintavuosi.<\/p>\n\n\n\n<p><strong>Yhdess\u00e4 teemme hyv\u00e4n perhehoidon<\/strong><\/p>\n\n\n\n<p>Vuonna 2026 kehit\u00e4mme yhdistyksemme toimintaa seuraavalla tavoilla;<\/p>\n\n\n\n<p>Vertaistuellista toimintaa j\u00e4rjestet\u00e4\u00e4n yhdistyksen aikuisille ja lapsille. Riitt\u00e4\u00e4 kun olet ja tulet sellaisena kuin olet omine voimavaroine \u2013 me tuemme \u2013 me autamme, on Varsinais-Suomen Sijaisperheet SILAVA ry:n keskeinen l\u00e4ht\u00f6kohta.<\/p>\n\n\n\n<p>Yhdistyksell\u00e4 on kaikille avoimet nettisivut Perhehoitoliiton alla (https:\/\/perhehoitoliitto.fi\/varsinais-suomen-sijaisperheet\/) sek\u00e4 j\u00e4senille tarkoitetut Facebook sivut ja WatshApp ryhm\u00e4. Keskustelu on avointa ja rakentavaa \u2013 toinen toistaan huomioivaa.<\/p>\n\n\n\n<p><strong>Yhteisty\u00f6<\/strong><\/p>\n\n\n\n<p>Olemme paikallisesti aktiivinen toimija. Perhehoitoliitto on t\u00e4rke\u00e4 yhteisty\u00f6kumppanimme. J\u00e4senill\u00e4 on mahdollisuus edulliseen lehteen, yhdistyksen kautta. Perhehoitolehdess\u00e4 on ajankohtaista asiaa perhehoidosta.<\/p>\n\n\n\n<p>Sinut ry:n kanssa teemme my\u00f6s yhteisty\u00f6t\u00e4 sek\u00e4 muiden perhehoidon yhdistyksien kanssa.<\/p>\n\n\n\n<p>Teemme yhteisty\u00f6t\u00e4 muiden Perhehoitoliiton j\u00e4senyhdistyksien ja Varsinais-Suomen lastensuojeluj\u00e4rjest\u00f6n kanssa. Osallistumme eri tapahtumiin ja haemme uusia j\u00e4seni\u00e4 aktiivisesti.<\/p>\n\n\n\n<p>Jatkamme ja kehitt\u00e4mme jatkossa yhteisty\u00f6t\u00e4 Varhan kanssa joka aloitti toimintansa 1.1.2023.<\/p>\n\n\n\n<p><strong>Varainhankinta<\/strong><\/p>\n\n\n\n<p>Haemme avustusta Perhehoitoliitolta, hyvinvointialueelta sek\u00e4 kuntien nuorisotoiminnalta.<\/p>\n\n\n\n<p><strong>Yhdistyksen muut asiat<\/strong><\/p>\n\n\n\n<p>Varsinais-Suomen Sijaisperheet SILAVA ry:n toiminta on yhdistyksen s\u00e4\u00e4nt\u00f6jen antamissa rajoissa harjoittamaa yhdistystoimintaa. Toimintasuunnitelma on runko toiminnalle, jota yhdistys toteuttaa vuonna 2026. <\/p>\n\n\n\n<p>Hallituksen teht\u00e4v\u00e4n\u00e4 on suunnitella ja t\u00e4ydent\u00e4\u00e4 toimintasuunnitelmaa, sek\u00e4 toteuttaa sit\u00e4. Hallitus kokoontuu vuosittain noin 8-10 kertaa. Lis\u00e4ksi pid\u00e4mme hallituksen kehitt\u00e4misp\u00e4iv\u00e4n. Tavoitteena on ett\u00e4 j\u00e4senm\u00e4\u00e4r\u00e4 on samassa tasossa kuin vuoden 2025 lopussa.<\/p>\n\n\n\n<p>Yhdistyksen toiminta on aktiivista, kiinnostavaa ja innokasta.<\/p>\n\n\n\n<p><strong>Koulutus <\/strong><\/p>\n\n\n\n<p>Teemme yhteisty\u00f6t\u00e4 paikallisten toimijoiden kanssa rakentavasti. Osallistumme koulutuksiin ja tarjoamme yhteisty\u00f6ss\u00e4 koulutuksia sijaisvanhemmille eri osa alueilla. Kuuntelemme herk\u00e4ll\u00e4 korvalla j\u00e4senten tarpeita ja ehdotuksia ja pyrimme tarttumaan ideoihin ja ehdotuksiin mahdollisuuksien mukaan. Yhdistyksen j\u00e4senet voivat osallistua Perhehoitoliiton ja Varsinais-Suomen Lastensuojeluj\u00e4rjest\u00f6n koulutuksiin.<\/p>\n\n\n\n<p><strong>Vertaistuki<\/strong><\/p>\n\n\n\n<p>Tavoitteena on kehitt\u00e4\u00e4 ja j\u00e4rjest\u00e4\u00e4 vertaistukitoimintaa kuukausittain tai j\u00e4senten tarpeen mukaan.<\/p>\n\n\n\n<p><strong>Tapahtumat<\/strong><\/p>\n\n\n\n<p>Valtakunnallinen sijaishuollon juhlap\u00e4iv\u00e4 Care Day juhlitaan 16.2.2026<\/p>\n\n\n\n<p>Yhdistyksen vuosikokous pidet\u00e4\u00e4n maaliskuun aikana. Silavan perinteinen kev\u00e4inen laivaristeily j\u00e4rjestet\u00e4\u00e4n risteilyn\u00e4 maaliskuussa.<\/p>\n\n\n\n<p>Varsinais-Suomen Sijaisperheet SILAVA ry j\u00e4rjest\u00e4\u00e4 lapsille ja nuorille monipuolista toimintaa koko perhett\u00e4 huomioiden muun muuassa retki\u00e4 sek\u00e4 erilaisia teemap\u00e4ivi\u00e4 ( Muumimaailma, Korkeasaari, Flow Park, Huvilupa, joulujuhlat). Tavoitteena j\u00e4rjest\u00e4\u00e4 retki Kolm\u00e5rdenin el\u00e4inpuistoon.<\/p>\n\n\n\n<p>Mahdollisuuksien mukaan j\u00e4rjest\u00e4mme leirej\u00e4 koko perheelle. Leirit ovat aina odotettuja ja suosittuja<\/p>\n\n\n\n<p><strong>TERVETULOA MUKAAN AKTIIVISEEN TOIMINTAAMME<\/strong>!<\/p>\n\n\n\n<p><strong>SIN\u00c4 OLET T\u00c4RKE\u00c4 \u2013 OLEMME SINUA VARTEN!<\/strong><\/p>\n\n\n\n<p>Tammikuussa 2026 Varsinais-Suomen Sijaisperheet<\/p>\n\n\n\n<p>SILAVA ry HALLITUS<\/p>\n\n\n\n<p><\/p>\n","protected":false},"excerpt":{"rendered":"<p>Tervetuloa Silava ry:n viralliselle nettisivulle! T\u00e4\u00e4lt\u00e4 l\u00f6yd\u00e4t kaikille avoimet perustiedot yhdistyksest\u00e4mme. Vain j\u00e4senillemme avoimina tiedotus- ja keskustelukanavina toimivat WhatsApp-ryhm\u00e4 sek\u00e4&#8230;<\/p>\n","protected":false},"author":3,"featured_media":0,"parent":0,"menu_order":0,"comment_status":"closed","ping_status":"closed","template":"","meta":{"_acf_changed":false,"footnotes":""},"class_list":["post-104","page","type-page","status-publish","hentry"],"acf":[],"aioseo_notices":[],"featured_image_src":null,"_links":{"self":[{"href":"https:\/\/perhehoitoliitto.fi\/varsinais-suomen-sijaisperheet\/wp-json\/wp\/v2\/pages\/104","targetHints":{"allow":["GET"]}}],"collection":[{"href":"https:\/\/perhehoitoliitto.fi\/varsinais-suomen-sijaisperheet\/wp-json\/wp\/v2\/pages"}],"about":[{"href":"https:\/\/perhehoitoliitto.fi\/varsinais-suomen-sijaisperheet\/wp-json\/wp\/v2\/types\/page"}],"author":[{"embeddable":true,"href":"https:\/\/perhehoitoliitto.fi\/varsinais-suomen-sijaisperheet\/wp-json\/wp\/v2\/users\/3"}],"replies":[{"embeddable":true,"href":"https:\/\/perhehoitoliitto.fi\/varsinais-suomen-sijaisperheet\/wp-json\/wp\/v2\/comments?post=104"}],"version-history":[{"count":12,"href":"https:\/\/perhehoitoliitto.fi\/varsinais-suomen-sijaisperheet\/wp-json\/wp\/v2\/pages\/104\/revisions"}],"predecessor-version":[{"id":223,"href":"https:\/\/perhehoitoliitto.fi\/varsinais-suomen-sijaisperheet\/wp-json\/wp\/v2\/pages\/104\/revisions\/223"}],"wp:attachment":[{"href":"https:\/\/perhehoitoliitto.fi\/varsinais-suomen-sijaisperheet\/wp-json\/wp\/v2\/media?parent=104"}],"curies":[{"name":"wp","href":"https:\/\/api.w.org\/{rel}","templated":true}]}}