{"id":106,"date":"2024-03-05T14:26:03","date_gmt":"2024-03-05T12:26:03","guid":{"rendered":"https:\/\/perhehoitoliitto.fi\/varsinais-suomen-sijaisperheet\/?page_id=106"},"modified":"2025-01-08T20:53:03","modified_gmt":"2025-01-08T18:53:03","slug":"liity-jaseneksi","status":"publish","type":"page","link":"https:\/\/perhehoitoliitto.fi\/varsinais-suomen-sijaisperheet\/liity-jaseneksi\/","title":{"rendered":"Liity j\u00e4seneksi"},"content":{"rendered":"\n<p>Yhdistyksen varsinaiseksi j\u00e4seneksi voidaan hyv\u00e4ksy\u00e4 henkil\u00f6, joka hyv\u00e4ksyy yhdistyksen tarkoituksen sek\u00e4 toiminnan laadun ja joka on toiminut, toimii tai aikoo toimia perhehoitajana. Varsinaisella j\u00e4senell\u00e4 on yhdistyksen kokouksessa l\u00e4sn\u00e4olo-, puhe-, esitys- ja \u00e4\u00e4nioikeus.<\/p>\n\n\n\n<p>Varsinais-Suomen Sijaisperheet SILAVA ry:n j\u00e4senyytt\u00e4 voit hakea oheisella lomakkeella.<\/p>\n\n\n\n<p>Tervetuloa vauhdikkaaseen yhdistykseen!<\/p>\n\n\n\n<div class=\"wp-block-buttons is-layout-flex wp-block-buttons-is-layout-flex\">\n<div class=\"wp-block-button\"><a class=\"wp-block-button__link wp-element-button\" href=\"https:\/\/atom.flomembers.com\/varsinais-suomen-sijaisperheet\/members\/application?_lang=fi\">T\u00e4yt\u00e4 hakemuslomake<\/a><\/div>\n<\/div>\n","protected":false},"excerpt":{"rendered":"<p>Yhdistyksen varsinaiseksi j\u00e4seneksi voidaan hyv\u00e4ksy\u00e4 henkil\u00f6, joka hyv\u00e4ksyy yhdistyksen tarkoituksen sek\u00e4 toiminnan laadun ja joka on toiminut, toimii tai aikoo&#8230;<\/p>\n","protected":false},"author":3,"featured_media":179,"parent":0,"menu_order":0,"comment_status":"closed","ping_status":"closed","template":"","meta":{"_acf_changed":false,"footnotes":""},"class_list":["post-106","page","type-page","status-publish","has-post-thumbnail","hentry"],"acf":[],"aioseo_notices":[],"featured_image_src":"https:\/\/perhehoitoliitto.fi\/varsinais-suomen-sijaisperheet\/wp-content\/uploads\/sites\/27\/2025\/01\/roikkuvat-lapset-scaled.jpg","_links":{"self":[{"href":"https:\/\/perhehoitoliitto.fi\/varsinais-suomen-sijaisperheet\/wp-json\/wp\/v2\/pages\/106","targetHints":{"allow":["GET"]}}],"collection":[{"href":"https:\/\/perhehoitoliitto.fi\/varsinais-suomen-sijaisperheet\/wp-json\/wp\/v2\/pages"}],"about":[{"href":"https:\/\/perhehoitoliitto.fi\/varsinais-suomen-sijaisperheet\/wp-json\/wp\/v2\/types\/page"}],"author":[{"embeddable":true,"href":"https:\/\/perhehoitoliitto.fi\/varsinais-suomen-sijaisperheet\/wp-json\/wp\/v2\/users\/3"}],"replies":[{"embeddable":true,"href":"https:\/\/perhehoitoliitto.fi\/varsinais-suomen-sijaisperheet\/wp-json\/wp\/v2\/comments?post=106"}],"version-history":[{"count":3,"href":"https:\/\/perhehoitoliitto.fi\/varsinais-suomen-sijaisperheet\/wp-json\/wp\/v2\/pages\/106\/revisions"}],"predecessor-version":[{"id":177,"href":"https:\/\/perhehoitoliitto.fi\/varsinais-suomen-sijaisperheet\/wp-json\/wp\/v2\/pages\/106\/revisions\/177"}],"wp:featuredmedia":[{"embeddable":true,"href":"https:\/\/perhehoitoliitto.fi\/varsinais-suomen-sijaisperheet\/wp-json\/wp\/v2\/media\/179"}],"wp:attachment":[{"href":"https:\/\/perhehoitoliitto.fi\/varsinais-suomen-sijaisperheet\/wp-json\/wp\/v2\/media?parent=106"}],"curies":[{"name":"wp","href":"https:\/\/api.w.org\/{rel}","templated":true}]}}