{"id":168,"date":"2025-01-08T19:51:03","date_gmt":"2025-01-08T17:51:03","guid":{"rendered":"https:\/\/perhehoitoliitto.fi\/varsinais-suomen-sijaisperheet\/?page_id=168"},"modified":"2026-02-08T20:57:02","modified_gmt":"2026-02-08T18:57:02","slug":"ajankohtaista","status":"publish","type":"page","link":"https:\/\/perhehoitoliitto.fi\/varsinais-suomen-sijaisperheet\/ajankohtaista\/","title":{"rendered":"Ajankohtaista"},"content":{"rendered":"\n<p><strong>Tulevia tapahtumia:<\/strong><\/p>\n\n\n\n<p>-SILAVA ry vuosikokous: Kehityksen kerhotalo, Piikki\u00f6 10.3.2026 klo 18:00<\/p>\n\n\n\n<p>-Silavan perinteinen laivaristeily: 26-27.3.2026<\/p>\n\n\n\n<p>-Kes\u00e4leiri: Taivassalo, Tippsund: 23.-26.7.2026<\/p>\n\n\n\n<p>-Kolm\u00e5rden-retki: 3-5.6.2026<\/p>\n\n\n\n<p>-Syysleiri Taivassalo: Tippsund, 4-6.9.2026<\/p>\n\n\n\n<p>Vartiovuoren kes\u00e4teatteri esitt\u00e4\u00e4 Saapasjalkakissan 10.6.2026.<\/p>\n\n\n\n<p>SILAVA ry:n kautta saat lippuja erityishintaan 23\u20ac\/kpl. Huom! My\u00f6s ei-j\u00e4senille.<\/p>\n\n\n\n<p>Lippuja voit ostaa hallituksen j\u00e4senilt\u00e4.<\/p>\n\n\n\n<p><\/p>\n\n\n\n<p>Tapahtumat ja retket ovat ensisijaisesti Silavan j\u00e4senille ja tarkemmat tiedot v\u00e4litet\u00e4\u00e4n Facebookin ja WhatsAppin v\u00e4lityksell\u00e4. <\/p>\n\n\n\n<p><\/p>\n\n\n\n<p><\/p>\n\n\n\n<p><\/p>\n","protected":false},"excerpt":{"rendered":"<p>Tulevia tapahtumia: -SILAVA ry vuosikokous: Kehityksen kerhotalo, Piikki\u00f6 10.3.2026 klo 18:00 -Silavan perinteinen laivaristeily: 26-27.3.2026 -Kes\u00e4leiri: Taivassalo, Tippsund: 23.-26.7.2026 -Kolm\u00e5rden-retki:&#8230;<\/p>\n","protected":false},"author":17,"featured_media":0,"parent":0,"menu_order":0,"comment_status":"closed","ping_status":"closed","template":"","meta":{"_acf_changed":false,"footnotes":""},"class_list":["post-168","page","type-page","status-publish","hentry"],"acf":[],"aioseo_notices":[],"featured_image_src":null,"_links":{"self":[{"href":"https:\/\/perhehoitoliitto.fi\/varsinais-suomen-sijaisperheet\/wp-json\/wp\/v2\/pages\/168","targetHints":{"allow":["GET"]}}],"collection":[{"href":"https:\/\/perhehoitoliitto.fi\/varsinais-suomen-sijaisperheet\/wp-json\/wp\/v2\/pages"}],"about":[{"href":"https:\/\/perhehoitoliitto.fi\/varsinais-suomen-sijaisperheet\/wp-json\/wp\/v2\/types\/page"}],"author":[{"embeddable":true,"href":"https:\/\/perhehoitoliitto.fi\/varsinais-suomen-sijaisperheet\/wp-json\/wp\/v2\/users\/17"}],"replies":[{"embeddable":true,"href":"https:\/\/perhehoitoliitto.fi\/varsinais-suomen-sijaisperheet\/wp-json\/wp\/v2\/comments?post=168"}],"version-history":[{"count":8,"href":"https:\/\/perhehoitoliitto.fi\/varsinais-suomen-sijaisperheet\/wp-json\/wp\/v2\/pages\/168\/revisions"}],"predecessor-version":[{"id":216,"href":"https:\/\/perhehoitoliitto.fi\/varsinais-suomen-sijaisperheet\/wp-json\/wp\/v2\/pages\/168\/revisions\/216"}],"wp:attachment":[{"href":"https:\/\/perhehoitoliitto.fi\/varsinais-suomen-sijaisperheet\/wp-json\/wp\/v2\/media?parent=168"}],"curies":[{"name":"wp","href":"https:\/\/api.w.org\/{rel}","templated":true}]}}